{"id":8888,"date":"2019-09-16T18:11:27","date_gmt":"2019-09-16T16:11:27","guid":{"rendered":"https:\/\/www.rgequip.com\/?post_type=product&#038;p=8888"},"modified":"2019-09-16T18:11:28","modified_gmt":"2019-09-16T16:11:28","slug":"mixeur-plongeant-mp-600-ultra","status":"publish","type":"product","link":"https:\/\/www.rgequip.com\/?product=mixeur-plongeant-mp-600-ultra","title":{"rendered":"Mixeur Plongeant MP 600 Ultra"},"content":{"rendered":"<p>Con\u00e7u pour les collectivit\u00e9s et les traiteurs, il allie robustesse et efficacit\u00e9.<br \/>\nil s&#8217; agit d&#8217;un mat\u00e9riel r\u00e9put\u00e9 pour sa grande solidit\u00e9 et son entretien facile.<br \/>\nLe couteau surmoul\u00e9 emp\u00eache l&#8217;introduction de petits r\u00e9sidus difficiles \u00e0 d\u00e9loger.<br \/>\ndispose d&#8217;un ergot qui lui sert de point d&#8217;appui ou de pivot contre le contenant.<br \/>\nil facilite l&#8217;enroulage du cordon d&#8217;alimentation.<\/p>\n","protected":false},"excerpt":{"rendered":"<p>Con\u00e7u pour les collectivit\u00e9s et les traiteurs, il allie robustesse et efficacit\u00e9. il s&#8217; agit d&#8217;un mat\u00e9riel r\u00e9put\u00e9 pour sa<\/p>\n","protected":false},"featured_media":8889,"comment_status":"open","ping_status":"closed","template":"","meta":[],"product_brand":[],"product_cat":[337,351,339],"product_tag":[],"class_list":{"0":"post-8888","1":"product","2":"type-product","3":"status-publish","4":"has-post-thumbnail","6":"product_cat-preparation","7":"product_cat-mixer-plongeant","8":"product_cat-robots-coupe","10":"first","11":"instock","12":"shipping-taxable","13":"product-type-simple"},"_links":{"self":[{"href":"https:\/\/www.rgequip.com\/index.php?rest_route=\/wp\/v2\/product\/8888","targetHints":{"allow":["GET"]}}],"collection":[{"href":"https:\/\/www.rgequip.com\/index.php?rest_route=\/wp\/v2\/product"}],"about":[{"href":"https:\/\/www.rgequip.com\/index.php?rest_route=\/wp\/v2\/types\/product"}],"replies":[{"embeddable":true,"href":"https:\/\/www.rgequip.com\/index.php?rest_route=%2Fwp%2Fv2%2Fcomments&post=8888"}],"version-history":[{"count":0,"href":"https:\/\/www.rgequip.com\/index.php?rest_route=\/wp\/v2\/product\/8888\/revisions"}],"wp:featuredmedia":[{"embeddable":true,"href":"https:\/\/www.rgequip.com\/index.php?rest_route=\/wp\/v2\/media\/8889"}],"wp:attachment":[{"href":"https:\/\/www.rgequip.com\/index.php?rest_route=%2Fwp%2Fv2%2Fmedia&parent=8888"}],"wp:term":[{"taxonomy":"product_brand","embeddable":true,"href":"https:\/\/www.rgequip.com\/index.php?rest_route=%2Fwp%2Fv2%2Fproduct_brand&post=8888"},{"taxonomy":"product_cat","embeddable":true,"href":"https:\/\/www.rgequip.com\/index.php?rest_route=%2Fwp%2Fv2%2Fproduct_cat&post=8888"},{"taxonomy":"product_tag","embeddable":true,"href":"https:\/\/www.rgequip.com\/index.php?rest_route=%2Fwp%2Fv2%2Fproduct_tag&post=8888"}],"curies":[{"name":"wp","href":"https:\/\/api.w.org\/{rel}","templated":true}]}}