{"id":8884,"date":"2019-09-16T17:34:15","date_gmt":"2019-09-16T15:34:15","guid":{"rendered":"https:\/\/www.rgequip.com\/?post_type=product&#038;p=8884"},"modified":"2019-09-16T17:34:16","modified_gmt":"2019-09-16T15:34:16","slug":"mixeur-plongeant-mp-350-combi-ultra","status":"publish","type":"product","link":"https:\/\/www.rgequip.com\/?product=mixeur-plongeant-mp-350-combi-ultra","title":{"rendered":"Mixeur Plongeant MP 350 Combi Ultra"},"content":{"rendered":"<p>Couteau, cloche et tube tout inox d&#8217;une longueur de 350 mm<br \/>\nPied avec cloche et couteau tout inox d\u00e9montables, dispositif exclusif brevet\u00e9 Robot coupe<br \/>\nLivr\u00e9 avec 1 support mural inox<br \/>\nNouvelle bo\u00eete fouet m\u00e9tallique ultra r\u00e9sistante dans le cadre de pr\u00e9parations du type p\u00e2te \u00e0 cr\u00eapes, pur\u00e9e de pommes de terre<br \/>\nPrincipe d&#8217;autor\u00e9gulation de la vitesse<br \/>\nLongueur totale avec tube : 790 mm\u00a0avec fouet : 805 mm, \u00d8 125 mm<br \/>\nVitesse variable : 1500 \u00e0 9000 et 250 \u00e0 1500 tr\/min<\/p>\n<p>PERFORMANCE: Motorisation renforc\u00e9e : + 20% pour une machine toujours plus efficace.<br \/>\nPerformance accrue pour une optimisation du temps de mixage<br \/>\nBOITE FOUET M\u00c9TALLIQUE :Fouets surmoul\u00e9s pour assurer une hygi\u00e8ne parfaite.<br \/>\nHYGIENE: Cloche et couteau en inox d\u00e9montables pour un nettoyage et un entretien facilit\u00e9s.<br \/>\nLONG\u00c9VIT\u00c9: Construction robuste gr\u00e2ce \u00e0 son bloc moteur inox.<\/p>\n","protected":false},"excerpt":{"rendered":"<p>Couteau, cloche et tube tout inox d&#8217;une longueur de 350 mm Pied avec cloche et couteau tout inox d\u00e9montables, dispositif<\/p>\n","protected":false},"featured_media":8887,"comment_status":"open","ping_status":"closed","template":"","meta":[],"product_brand":[],"product_cat":[337,351,339],"product_tag":[],"class_list":{"0":"post-8884","1":"product","2":"type-product","3":"status-publish","4":"has-post-thumbnail","6":"product_cat-preparation","7":"product_cat-mixer-plongeant","8":"product_cat-robots-coupe","10":"first","11":"instock","12":"shipping-taxable","13":"product-type-simple"},"_links":{"self":[{"href":"https:\/\/www.rgequip.com\/index.php?rest_route=\/wp\/v2\/product\/8884","targetHints":{"allow":["GET"]}}],"collection":[{"href":"https:\/\/www.rgequip.com\/index.php?rest_route=\/wp\/v2\/product"}],"about":[{"href":"https:\/\/www.rgequip.com\/index.php?rest_route=\/wp\/v2\/types\/product"}],"replies":[{"embeddable":true,"href":"https:\/\/www.rgequip.com\/index.php?rest_route=%2Fwp%2Fv2%2Fcomments&post=8884"}],"version-history":[{"count":0,"href":"https:\/\/www.rgequip.com\/index.php?rest_route=\/wp\/v2\/product\/8884\/revisions"}],"wp:featuredmedia":[{"embeddable":true,"href":"https:\/\/www.rgequip.com\/index.php?rest_route=\/wp\/v2\/media\/8887"}],"wp:attachment":[{"href":"https:\/\/www.rgequip.com\/index.php?rest_route=%2Fwp%2Fv2%2Fmedia&parent=8884"}],"wp:term":[{"taxonomy":"product_brand","embeddable":true,"href":"https:\/\/www.rgequip.com\/index.php?rest_route=%2Fwp%2Fv2%2Fproduct_brand&post=8884"},{"taxonomy":"product_cat","embeddable":true,"href":"https:\/\/www.rgequip.com\/index.php?rest_route=%2Fwp%2Fv2%2Fproduct_cat&post=8884"},{"taxonomy":"product_tag","embeddable":true,"href":"https:\/\/www.rgequip.com\/index.php?rest_route=%2Fwp%2Fv2%2Fproduct_tag&post=8884"}],"curies":[{"name":"wp","href":"https:\/\/api.w.org\/{rel}","templated":true}]}}