{"id":8880,"date":"2019-09-16T16:31:27","date_gmt":"2019-09-16T14:31:27","guid":{"rendered":"https:\/\/www.rgequip.com\/?post_type=product&#038;p=8880"},"modified":"2019-09-16T16:33:12","modified_gmt":"2019-09-16T14:33:12","slug":"mixeur-plongeant-mini-190-v-v","status":"publish","type":"product","link":"https:\/\/www.rgequip.com\/?product=mixeur-plongeant-mini-190-v-v","title":{"rendered":"Mixeur Plongeant Mini 190.V.V"},"content":{"rendered":"<p>Issu de la gamme &#8220;mini&#8221;,il convient pour les petites pr\u00e9parations. Avec ce mixer plongeant, vous mixez, r\u00e9alisez des sauces et aussi de parfaites \u00e9mulsions gr\u00e2ce \u00e0 l&#8217;outil Aeromix. Il est dot\u00e9 d&#8217;un bouton vitesse variable. \u00a0Le tube, la cloche et le bloc sont en inox. \u00a0Le nettoyage est ais\u00e9 gr\u00e2ce \u00e0 la possibilit\u00e9 de d\u00e9monter le tube et les outils.<br \/>\nForme de la poign\u00e9e particuli\u00e8rement \u00e9tudi\u00e9e pour une\u00a0bonne pr\u00e9hension\u00a0de l&#8217;appareil et un travail sans fatigue.<br \/>\n2000 \u00e0 12500 tr\/mn en fonction mixer 350 \u00e0 1500 tr\/mn en fonction fouet<br \/>\nCouteau et tube d\u00e9montables\u00a0pour une hygi\u00e8ne parfaite, dispositif brevet\u00e9 Robot-Coupe. Tube, cloche, couteau en inox pour une long\u00e9vit\u00e9 accrue.<\/p>\n","protected":false},"excerpt":{"rendered":"<p>Issu de la gamme &#8220;mini&#8221;,il convient pour les petites pr\u00e9parations. Avec ce mixer plongeant, vous mixez, r\u00e9alisez des sauces et<\/p>\n","protected":false},"featured_media":8878,"comment_status":"open","ping_status":"closed","template":"","meta":[],"product_brand":[],"product_cat":[337,351,339],"product_tag":[],"class_list":{"0":"post-8880","1":"product","2":"type-product","3":"status-publish","4":"has-post-thumbnail","6":"product_cat-preparation","7":"product_cat-mixer-plongeant","8":"product_cat-robots-coupe","10":"first","11":"instock","12":"shipping-taxable","13":"product-type-simple"},"_links":{"self":[{"href":"https:\/\/www.rgequip.com\/index.php?rest_route=\/wp\/v2\/product\/8880","targetHints":{"allow":["GET"]}}],"collection":[{"href":"https:\/\/www.rgequip.com\/index.php?rest_route=\/wp\/v2\/product"}],"about":[{"href":"https:\/\/www.rgequip.com\/index.php?rest_route=\/wp\/v2\/types\/product"}],"replies":[{"embeddable":true,"href":"https:\/\/www.rgequip.com\/index.php?rest_route=%2Fwp%2Fv2%2Fcomments&post=8880"}],"version-history":[{"count":0,"href":"https:\/\/www.rgequip.com\/index.php?rest_route=\/wp\/v2\/product\/8880\/revisions"}],"wp:featuredmedia":[{"embeddable":true,"href":"https:\/\/www.rgequip.com\/index.php?rest_route=\/wp\/v2\/media\/8878"}],"wp:attachment":[{"href":"https:\/\/www.rgequip.com\/index.php?rest_route=%2Fwp%2Fv2%2Fmedia&parent=8880"}],"wp:term":[{"taxonomy":"product_brand","embeddable":true,"href":"https:\/\/www.rgequip.com\/index.php?rest_route=%2Fwp%2Fv2%2Fproduct_brand&post=8880"},{"taxonomy":"product_cat","embeddable":true,"href":"https:\/\/www.rgequip.com\/index.php?rest_route=%2Fwp%2Fv2%2Fproduct_cat&post=8880"},{"taxonomy":"product_tag","embeddable":true,"href":"https:\/\/www.rgequip.com\/index.php?rest_route=%2Fwp%2Fv2%2Fproduct_tag&post=8880"}],"curies":[{"name":"wp","href":"https:\/\/api.w.org\/{rel}","templated":true}]}}