{"id":8674,"date":"2019-09-16T16:08:03","date_gmt":"2019-09-16T14:08:03","guid":{"rendered":"https:\/\/www.rgequip.com\/?post_type=product&#038;p=8674"},"modified":"2019-09-16T16:14:42","modified_gmt":"2019-09-16T14:14:42","slug":"mixeur-plongeant-mp-800turbo","status":"publish","type":"product","link":"https:\/\/www.rgequip.com\/?product=mixeur-plongeant-mp-800turbo","title":{"rendered":"Mixeur Plongeant  MP 800Turbo"},"content":{"rendered":"<p>M\u00e9langeur MP 800 Turbo.<br \/>\nMonophas\u00e9.<br \/>\nPuissance: 1000 W. Vitesse: 9 500 tr \/ min.<br \/>\nLame, cloche et tube en acier inoxydable \u00e0 100% (longueur totale: 740 mm).<br \/>\nSyst\u00e8me Easy Plug avec cordon d&#8217;alimentation d\u00e9tachable.<br \/>\nId\u00e9al pour m\u00e9langer les soupes et r\u00e9duire les fruits et les l\u00e9gumes en pur\u00e9e.\u00a0Mod\u00e8le de restauration institutionnelle sp\u00e9cial destin\u00e9 \u00e0 un usage intensif.<br \/>\nRetour \u00e0 la garantie de base.<\/p>\n","protected":false},"excerpt":{"rendered":"<p>M\u00e9langeur MP 800 Turbo. Monophas\u00e9. Puissance: 1000 W. Vitesse: 9 500 tr \/ min. Lame, cloche et tube en acier<\/p>\n","protected":false},"featured_media":8879,"comment_status":"open","ping_status":"closed","template":"","meta":[],"product_brand":[],"product_cat":[337,351,339],"product_tag":[],"class_list":{"0":"post-8674","1":"product","2":"type-product","3":"status-publish","4":"has-post-thumbnail","6":"product_cat-preparation","7":"product_cat-mixer-plongeant","8":"product_cat-robots-coupe","10":"first","11":"instock","12":"shipping-taxable","13":"product-type-simple"},"_links":{"self":[{"href":"https:\/\/www.rgequip.com\/index.php?rest_route=\/wp\/v2\/product\/8674","targetHints":{"allow":["GET"]}}],"collection":[{"href":"https:\/\/www.rgequip.com\/index.php?rest_route=\/wp\/v2\/product"}],"about":[{"href":"https:\/\/www.rgequip.com\/index.php?rest_route=\/wp\/v2\/types\/product"}],"replies":[{"embeddable":true,"href":"https:\/\/www.rgequip.com\/index.php?rest_route=%2Fwp%2Fv2%2Fcomments&post=8674"}],"version-history":[{"count":0,"href":"https:\/\/www.rgequip.com\/index.php?rest_route=\/wp\/v2\/product\/8674\/revisions"}],"wp:featuredmedia":[{"embeddable":true,"href":"https:\/\/www.rgequip.com\/index.php?rest_route=\/wp\/v2\/media\/8879"}],"wp:attachment":[{"href":"https:\/\/www.rgequip.com\/index.php?rest_route=%2Fwp%2Fv2%2Fmedia&parent=8674"}],"wp:term":[{"taxonomy":"product_brand","embeddable":true,"href":"https:\/\/www.rgequip.com\/index.php?rest_route=%2Fwp%2Fv2%2Fproduct_brand&post=8674"},{"taxonomy":"product_cat","embeddable":true,"href":"https:\/\/www.rgequip.com\/index.php?rest_route=%2Fwp%2Fv2%2Fproduct_cat&post=8674"},{"taxonomy":"product_tag","embeddable":true,"href":"https:\/\/www.rgequip.com\/index.php?rest_route=%2Fwp%2Fv2%2Fproduct_tag&post=8674"}],"curies":[{"name":"wp","href":"https:\/\/api.w.org\/{rel}","templated":true}]}}