{"id":8671,"date":"2019-09-12T17:36:08","date_gmt":"2019-09-12T15:36:08","guid":{"rendered":"https:\/\/www.rgequip.com\/?post_type=product&#038;p=8671"},"modified":"2019-09-12T17:36:08","modified_gmt":"2019-09-12T15:36:08","slug":"mixeur-plongeant-mp-350","status":"publish","type":"product","link":"https:\/\/www.rgequip.com\/?product=mixeur-plongeant-mp-350","title":{"rendered":"Mixeur Plongeant MP 350"},"content":{"rendered":"<p>Le Mixeur Plongeant MP 350 V.V\u00a0Ultra\u00a0Robot Coupe\u00a0se compose d&#8217;un bloc moteur en inox, ainsi que d&#8217;une cloche et d&#8217;un couteau en inox.<br \/>\nCes deux parties sont faciles \u00e0 d\u00e9monter afin d&#8217;\u00eatre lav\u00e9es sans difficult\u00e9s.<br \/>\nAfin de faciliter la t\u00e2che de l&#8217;utilisateur, il\u00a0dispose d&#8217;une poign\u00e9e ergonomique\u00a0qui offre une meilleure pr\u00e9hension.<br \/>\nSur celle-ci se trouve la bouton de variation de vitesse, accessible d&#8217;une seule main.<br \/>\nLe cordon d&#8217;alimentation du\u00a0Mixeur \u00a0se d\u00e9monte enti\u00e8rement et s&#8217;enroule autour de l&#8217;appareil afin de faciliter le rangement.<\/p>\n","protected":false},"excerpt":{"rendered":"<p>Le Mixeur Plongeant MP 350 V.V\u00a0Ultra\u00a0Robot Coupe\u00a0se compose d&#8217;un bloc moteur en inox, ainsi que d&#8217;une cloche et d&#8217;un couteau<\/p>\n","protected":false},"featured_media":8672,"comment_status":"open","ping_status":"closed","template":"","meta":[],"product_brand":[],"product_cat":[337,351,339],"product_tag":[],"class_list":{"0":"post-8671","1":"product","2":"type-product","3":"status-publish","4":"has-post-thumbnail","6":"product_cat-preparation","7":"product_cat-mixer-plongeant","8":"product_cat-robots-coupe","10":"first","11":"instock","12":"shipping-taxable","13":"product-type-simple"},"_links":{"self":[{"href":"https:\/\/www.rgequip.com\/index.php?rest_route=\/wp\/v2\/product\/8671","targetHints":{"allow":["GET"]}}],"collection":[{"href":"https:\/\/www.rgequip.com\/index.php?rest_route=\/wp\/v2\/product"}],"about":[{"href":"https:\/\/www.rgequip.com\/index.php?rest_route=\/wp\/v2\/types\/product"}],"replies":[{"embeddable":true,"href":"https:\/\/www.rgequip.com\/index.php?rest_route=%2Fwp%2Fv2%2Fcomments&post=8671"}],"version-history":[{"count":0,"href":"https:\/\/www.rgequip.com\/index.php?rest_route=\/wp\/v2\/product\/8671\/revisions"}],"wp:featuredmedia":[{"embeddable":true,"href":"https:\/\/www.rgequip.com\/index.php?rest_route=\/wp\/v2\/media\/8672"}],"wp:attachment":[{"href":"https:\/\/www.rgequip.com\/index.php?rest_route=%2Fwp%2Fv2%2Fmedia&parent=8671"}],"wp:term":[{"taxonomy":"product_brand","embeddable":true,"href":"https:\/\/www.rgequip.com\/index.php?rest_route=%2Fwp%2Fv2%2Fproduct_brand&post=8671"},{"taxonomy":"product_cat","embeddable":true,"href":"https:\/\/www.rgequip.com\/index.php?rest_route=%2Fwp%2Fv2%2Fproduct_cat&post=8671"},{"taxonomy":"product_tag","embeddable":true,"href":"https:\/\/www.rgequip.com\/index.php?rest_route=%2Fwp%2Fv2%2Fproduct_tag&post=8671"}],"curies":[{"name":"wp","href":"https:\/\/api.w.org\/{rel}","templated":true}]}}