{"id":8661,"date":"2019-09-12T16:35:20","date_gmt":"2019-09-12T14:35:20","guid":{"rendered":"https:\/\/www.rgequip.com\/?post_type=product&#038;p=8661"},"modified":"2019-09-12T16:35:20","modified_gmt":"2019-09-12T14:35:20","slug":"mixeur-plongeant-cmp-250","status":"publish","type":"product","link":"https:\/\/www.rgequip.com\/?product=mixeur-plongeant-cmp-250","title":{"rendered":"Mixeur Plongeant  CMP 250"},"content":{"rendered":"<p>Forme de la poign\u00e9e particuli\u00e8rement \u00e9tudi\u00e9e pour une bonne pr\u00e9hension de l\u2019appareil et un travail sans fatigue.<br \/>\nMoteur puissant de 240 W \u00e0 290 W selon le mod\u00e8le pour une long\u00e9vit\u00e9 accrue !<br \/>\n2000 \u00e0 12500 tr\/mn en fonction mixer. 350 \u00e0 1560 tr\/mn en fonction fouet.<br \/>\nCouteau et tube d\u00e9montables pour une hygi\u00e8ne parfaite,dispositif exclusif, brevet\u00e9<br \/>\nTube,cloche, couteau en inox pour une long\u00e9vit\u00e9 accrue.<\/p>\n","protected":false},"excerpt":{"rendered":"<p>Forme de la poign\u00e9e particuli\u00e8rement \u00e9tudi\u00e9e pour une bonne pr\u00e9hension de l\u2019appareil et un travail sans fatigue. Moteur puissant de<\/p>\n","protected":false},"featured_media":8665,"comment_status":"open","ping_status":"closed","template":"","meta":[],"product_brand":[],"product_cat":[337,366,344],"product_tag":[],"class_list":{"0":"post-8661","1":"product","2":"type-product","3":"status-publish","4":"has-post-thumbnail","6":"product_cat-preparation","7":"product_cat-mixeurs-plongeant","8":"product_cat-travail-des-legumes","10":"first","11":"instock","12":"shipping-taxable","13":"product-type-simple"},"_links":{"self":[{"href":"https:\/\/www.rgequip.com\/index.php?rest_route=\/wp\/v2\/product\/8661","targetHints":{"allow":["GET"]}}],"collection":[{"href":"https:\/\/www.rgequip.com\/index.php?rest_route=\/wp\/v2\/product"}],"about":[{"href":"https:\/\/www.rgequip.com\/index.php?rest_route=\/wp\/v2\/types\/product"}],"replies":[{"embeddable":true,"href":"https:\/\/www.rgequip.com\/index.php?rest_route=%2Fwp%2Fv2%2Fcomments&post=8661"}],"version-history":[{"count":0,"href":"https:\/\/www.rgequip.com\/index.php?rest_route=\/wp\/v2\/product\/8661\/revisions"}],"wp:featuredmedia":[{"embeddable":true,"href":"https:\/\/www.rgequip.com\/index.php?rest_route=\/wp\/v2\/media\/8665"}],"wp:attachment":[{"href":"https:\/\/www.rgequip.com\/index.php?rest_route=%2Fwp%2Fv2%2Fmedia&parent=8661"}],"wp:term":[{"taxonomy":"product_brand","embeddable":true,"href":"https:\/\/www.rgequip.com\/index.php?rest_route=%2Fwp%2Fv2%2Fproduct_brand&post=8661"},{"taxonomy":"product_cat","embeddable":true,"href":"https:\/\/www.rgequip.com\/index.php?rest_route=%2Fwp%2Fv2%2Fproduct_cat&post=8661"},{"taxonomy":"product_tag","embeddable":true,"href":"https:\/\/www.rgequip.com\/index.php?rest_route=%2Fwp%2Fv2%2Fproduct_tag&post=8661"}],"curies":[{"name":"wp","href":"https:\/\/api.w.org\/{rel}","templated":true}]}}