{"id":8658,"date":"2019-09-12T16:11:38","date_gmt":"2019-09-12T14:11:38","guid":{"rendered":"https:\/\/www.rgequip.com\/?post_type=product&#038;p=8658"},"modified":"2020-04-20T11:47:46","modified_gmt":"2020-04-20T09:47:46","slug":"fouet-mp-350-450","status":"publish","type":"product","link":"https:\/\/www.rgequip.com\/?product=fouet-mp-350-450","title":{"rendered":"Fouet  MP 350\/450"},"content":{"rendered":"<p>Fouet pour mixer MP 350\/450 Combi Ultra Robot Coupe.<\/p>\n<p>Il est id\u00e9al pour un usage l\u00e9ger et vous permettra de r\u00e9aliser des soupes, des sauces et des \u00e9mulsions en un laps de temps.<br \/>\nIl vous s\u00e9duira de par ses fonctionnalit\u00e9s.<br \/>\nFacile d\u2019utilisation, puissant et robuste, il r\u00e9pondra \u00e0 toutes vos attentes et vos exigences. Bo\u00eetier en polyamide renforc\u00e9 de fibres. Manche et lame en acier inoxydable. Facile \u00e0 nettoyer. Consiste en 2 fouets. Inox<br \/>\nNB: La bo\u00eete fouet m\u00e9tallique est ultra-r\u00e9sistante.<\/p>\n","protected":false},"excerpt":{"rendered":"<p>Fouet pour mixer MP 350\/450 Combi Ultra Robot Coupe. Il est id\u00e9al pour un usage l\u00e9ger et vous permettra de<\/p>\n","protected":false},"featured_media":17994,"comment_status":"open","ping_status":"closed","template":"","meta":[],"product_brand":[],"product_cat":[337,340,355],"product_tag":[],"class_list":{"0":"post-8658","1":"product","2":"type-product","3":"status-publish","4":"has-post-thumbnail","6":"product_cat-preparation","7":"product_cat-accessoires-preparation","8":"product_cat-ustensils","10":"first","11":"instock","12":"shipping-taxable","13":"product-type-simple"},"_links":{"self":[{"href":"https:\/\/www.rgequip.com\/index.php?rest_route=\/wp\/v2\/product\/8658","targetHints":{"allow":["GET"]}}],"collection":[{"href":"https:\/\/www.rgequip.com\/index.php?rest_route=\/wp\/v2\/product"}],"about":[{"href":"https:\/\/www.rgequip.com\/index.php?rest_route=\/wp\/v2\/types\/product"}],"replies":[{"embeddable":true,"href":"https:\/\/www.rgequip.com\/index.php?rest_route=%2Fwp%2Fv2%2Fcomments&post=8658"}],"version-history":[{"count":2,"href":"https:\/\/www.rgequip.com\/index.php?rest_route=\/wp\/v2\/product\/8658\/revisions"}],"predecessor-version":[{"id":17995,"href":"https:\/\/www.rgequip.com\/index.php?rest_route=\/wp\/v2\/product\/8658\/revisions\/17995"}],"wp:featuredmedia":[{"embeddable":true,"href":"https:\/\/www.rgequip.com\/index.php?rest_route=\/wp\/v2\/media\/17994"}],"wp:attachment":[{"href":"https:\/\/www.rgequip.com\/index.php?rest_route=%2Fwp%2Fv2%2Fmedia&parent=8658"}],"wp:term":[{"taxonomy":"product_brand","embeddable":true,"href":"https:\/\/www.rgequip.com\/index.php?rest_route=%2Fwp%2Fv2%2Fproduct_brand&post=8658"},{"taxonomy":"product_cat","embeddable":true,"href":"https:\/\/www.rgequip.com\/index.php?rest_route=%2Fwp%2Fv2%2Fproduct_cat&post=8658"},{"taxonomy":"product_tag","embeddable":true,"href":"https:\/\/www.rgequip.com\/index.php?rest_route=%2Fwp%2Fv2%2Fproduct_tag&post=8658"}],"curies":[{"name":"wp","href":"https:\/\/api.w.org\/{rel}","templated":true}]}}