{"id":8653,"date":"2019-09-12T15:13:57","date_gmt":"2019-09-12T13:13:57","guid":{"rendered":"https:\/\/www.rgequip.com\/?post_type=product&#038;p=8653"},"modified":"2019-09-16T11:20:56","modified_gmt":"2019-09-16T09:20:56","slug":"robot-cutter-de-table-r-4","status":"publish","type":"product","link":"https:\/\/www.rgequip.com\/?product=robot-cutter-de-table-r-4","title":{"rendered":"ROBOT Cutter De Table R 4"},"content":{"rendered":"<p>Couvercle en polycarbonate pr\u00e9vu pour permettre l\u2019adjonction de liquides ou d\u2019ingr\u00e9dients en cours de fabrication.<br \/>\nCuve inox de 4,5 litres avec poign\u00e9e .<br \/>\nCouteau lisse livr\u00e9 en standard avec capuchon d\u00e9montable pour le nettoyage<br \/>\nR 4 V.V. dot\u00e9 d\u2019une plage de vitesses de 300 \u00e0 3500 tr\/mn.<br \/>\nEn option :<br \/>\n\u2022 Couteau crant\u00e9 destin\u00e9 aux travaux de broyages ou de p\u00e9trissage.<br \/>\n\u2022 Couteau dent\u00e9 recommand\u00e9 pour la coupe de persil.<\/p>\n","protected":false},"excerpt":{"rendered":"<p>Couvercle en polycarbonate pr\u00e9vu pour permettre l\u2019adjonction de liquides ou d\u2019ingr\u00e9dients en cours de fabrication. Cuve inox de 4,5 litres<\/p>\n","protected":false},"featured_media":8851,"comment_status":"open","ping_status":"closed","template":"","meta":[],"product_brand":[],"product_cat":[337,350,339],"product_tag":[],"class_list":{"0":"post-8653","1":"product","2":"type-product","3":"status-publish","4":"has-post-thumbnail","6":"product_cat-preparation","7":"product_cat-cutter-de-table","8":"product_cat-robots-coupe","10":"first","11":"instock","12":"shipping-taxable","13":"product-type-simple"},"_links":{"self":[{"href":"https:\/\/www.rgequip.com\/index.php?rest_route=\/wp\/v2\/product\/8653","targetHints":{"allow":["GET"]}}],"collection":[{"href":"https:\/\/www.rgequip.com\/index.php?rest_route=\/wp\/v2\/product"}],"about":[{"href":"https:\/\/www.rgequip.com\/index.php?rest_route=\/wp\/v2\/types\/product"}],"replies":[{"embeddable":true,"href":"https:\/\/www.rgequip.com\/index.php?rest_route=%2Fwp%2Fv2%2Fcomments&post=8653"}],"version-history":[{"count":0,"href":"https:\/\/www.rgequip.com\/index.php?rest_route=\/wp\/v2\/product\/8653\/revisions"}],"wp:featuredmedia":[{"embeddable":true,"href":"https:\/\/www.rgequip.com\/index.php?rest_route=\/wp\/v2\/media\/8851"}],"wp:attachment":[{"href":"https:\/\/www.rgequip.com\/index.php?rest_route=%2Fwp%2Fv2%2Fmedia&parent=8653"}],"wp:term":[{"taxonomy":"product_brand","embeddable":true,"href":"https:\/\/www.rgequip.com\/index.php?rest_route=%2Fwp%2Fv2%2Fproduct_brand&post=8653"},{"taxonomy":"product_cat","embeddable":true,"href":"https:\/\/www.rgequip.com\/index.php?rest_route=%2Fwp%2Fv2%2Fproduct_cat&post=8653"},{"taxonomy":"product_tag","embeddable":true,"href":"https:\/\/www.rgequip.com\/index.php?rest_route=%2Fwp%2Fv2%2Fproduct_tag&post=8653"}],"curies":[{"name":"wp","href":"https:\/\/api.w.org\/{rel}","templated":true}]}}