{"id":8651,"date":"2019-09-12T15:01:31","date_gmt":"2019-09-12T13:01:31","guid":{"rendered":"https:\/\/www.rgequip.com\/?post_type=product&#038;p=8651"},"modified":"2019-09-16T12:15:30","modified_gmt":"2019-09-16T10:15:30","slug":"robot-cutter-de-table-r-5","status":"publish","type":"product","link":"https:\/\/www.rgequip.com\/?product=robot-cutter-de-table-r-5","title":{"rendered":"Robot Cutter De Table R 5"},"content":{"rendered":"<p>Cette gamme est parfaite pour la pr\u00e9paration d&#8217;aliments,\u00a0 telles que les p\u00e2t\u00e9s, le m\u00e9lange de la p\u00e2te, la coupe d&#8217;herbes et la fabrication de chapelure fra\u00eeche.<br \/>\nComplet avec un moteur \u00e0 induction pour un traitement rigoureux et une utilisation efficace.<\/p>\n<ul>\n<li>Comprend un bouton de pouls<\/li>\n<li>Couvercle en polycarbonate<\/li>\n<li>Produit des p\u00e2tes, des p\u00e2tes, des herbes et des noix<\/li>\n<li>Lame lisse en acier inoxydable amovible incluse<\/li>\n<li>Syst\u00e8me de s\u00e9curit\u00e9 magn\u00e9tique<\/li>\n<li>Moteur \u00e0 induction<\/li>\n<\/ul>\n<p>&nbsp;<\/p>\n","protected":false},"excerpt":{"rendered":"<p>Cette gamme est parfaite pour la pr\u00e9paration d&#8217;aliments,\u00a0 telles que les p\u00e2t\u00e9s, le m\u00e9lange de la p\u00e2te, la coupe d&#8217;herbes<\/p>\n","protected":false},"featured_media":8855,"comment_status":"open","ping_status":"closed","template":"","meta":[],"product_brand":[],"product_cat":[337,350,339],"product_tag":[],"class_list":{"0":"post-8651","1":"product","2":"type-product","3":"status-publish","4":"has-post-thumbnail","6":"product_cat-preparation","7":"product_cat-cutter-de-table","8":"product_cat-robots-coupe","10":"first","11":"instock","12":"shipping-taxable","13":"product-type-simple"},"_links":{"self":[{"href":"https:\/\/www.rgequip.com\/index.php?rest_route=\/wp\/v2\/product\/8651","targetHints":{"allow":["GET"]}}],"collection":[{"href":"https:\/\/www.rgequip.com\/index.php?rest_route=\/wp\/v2\/product"}],"about":[{"href":"https:\/\/www.rgequip.com\/index.php?rest_route=\/wp\/v2\/types\/product"}],"replies":[{"embeddable":true,"href":"https:\/\/www.rgequip.com\/index.php?rest_route=%2Fwp%2Fv2%2Fcomments&post=8651"}],"version-history":[{"count":0,"href":"https:\/\/www.rgequip.com\/index.php?rest_route=\/wp\/v2\/product\/8651\/revisions"}],"wp:featuredmedia":[{"embeddable":true,"href":"https:\/\/www.rgequip.com\/index.php?rest_route=\/wp\/v2\/media\/8855"}],"wp:attachment":[{"href":"https:\/\/www.rgequip.com\/index.php?rest_route=%2Fwp%2Fv2%2Fmedia&parent=8651"}],"wp:term":[{"taxonomy":"product_brand","embeddable":true,"href":"https:\/\/www.rgequip.com\/index.php?rest_route=%2Fwp%2Fv2%2Fproduct_brand&post=8651"},{"taxonomy":"product_cat","embeddable":true,"href":"https:\/\/www.rgequip.com\/index.php?rest_route=%2Fwp%2Fv2%2Fproduct_cat&post=8651"},{"taxonomy":"product_tag","embeddable":true,"href":"https:\/\/www.rgequip.com\/index.php?rest_route=%2Fwp%2Fv2%2Fproduct_tag&post=8651"}],"curies":[{"name":"wp","href":"https:\/\/api.w.org\/{rel}","templated":true}]}}