{"id":8649,"date":"2019-09-12T14:47:46","date_gmt":"2019-09-12T12:47:46","guid":{"rendered":"https:\/\/www.rgequip.com\/?post_type=product&#038;p=8649"},"modified":"2019-09-16T13:21:26","modified_gmt":"2019-09-16T11:21:26","slug":"cutter-de-table-r2","status":"publish","type":"product","link":"https:\/\/www.rgequip.com\/?product=cutter-de-table-r2","title":{"rendered":"CUTTER DE TABLE R2"},"content":{"rendered":"<p>Arbre moteur inox tr\u00e8s r\u00e9sistant.<br \/>\nCouvercle en polycarbonate pr\u00e9vu pour permettre l\u2019adjonction de liquides en cours de fabrication.<br \/>\nCouteau lisse livr\u00e9 en standard avec capuchon d\u00e9montable pour le nettoyage,Couteau crant\u00e9 destin\u00e9 aux travaux de broyages ou de p\u00e9trissage<br \/>\nCouteau dent\u00e9 recommand\u00e9 pour la coupe.<br \/>\nPoign\u00e9e con\u00e7ue pour une bonne pr\u00e9hension<br \/>\nCuve inox de 2,9 litres.<\/p>\n","protected":false},"excerpt":{"rendered":"<p>Arbre moteur inox tr\u00e8s r\u00e9sistant. Couvercle en polycarbonate pr\u00e9vu pour permettre l\u2019adjonction de liquides en cours de fabrication. Couteau lisse<\/p>\n","protected":false},"featured_media":8865,"comment_status":"open","ping_status":"closed","template":"","meta":[],"product_brand":[],"product_cat":[337,350,339],"product_tag":[],"class_list":{"0":"post-8649","1":"product","2":"type-product","3":"status-publish","4":"has-post-thumbnail","6":"product_cat-preparation","7":"product_cat-cutter-de-table","8":"product_cat-robots-coupe","10":"first","11":"instock","12":"shipping-taxable","13":"product-type-simple"},"_links":{"self":[{"href":"https:\/\/www.rgequip.com\/index.php?rest_route=\/wp\/v2\/product\/8649","targetHints":{"allow":["GET"]}}],"collection":[{"href":"https:\/\/www.rgequip.com\/index.php?rest_route=\/wp\/v2\/product"}],"about":[{"href":"https:\/\/www.rgequip.com\/index.php?rest_route=\/wp\/v2\/types\/product"}],"replies":[{"embeddable":true,"href":"https:\/\/www.rgequip.com\/index.php?rest_route=%2Fwp%2Fv2%2Fcomments&post=8649"}],"version-history":[{"count":0,"href":"https:\/\/www.rgequip.com\/index.php?rest_route=\/wp\/v2\/product\/8649\/revisions"}],"wp:featuredmedia":[{"embeddable":true,"href":"https:\/\/www.rgequip.com\/index.php?rest_route=\/wp\/v2\/media\/8865"}],"wp:attachment":[{"href":"https:\/\/www.rgequip.com\/index.php?rest_route=%2Fwp%2Fv2%2Fmedia&parent=8649"}],"wp:term":[{"taxonomy":"product_brand","embeddable":true,"href":"https:\/\/www.rgequip.com\/index.php?rest_route=%2Fwp%2Fv2%2Fproduct_brand&post=8649"},{"taxonomy":"product_cat","embeddable":true,"href":"https:\/\/www.rgequip.com\/index.php?rest_route=%2Fwp%2Fv2%2Fproduct_cat&post=8649"},{"taxonomy":"product_tag","embeddable":true,"href":"https:\/\/www.rgequip.com\/index.php?rest_route=%2Fwp%2Fv2%2Fproduct_tag&post=8649"}],"curies":[{"name":"wp","href":"https:\/\/api.w.org\/{rel}","templated":true}]}}