{"id":8642,"date":"2019-09-12T14:13:15","date_gmt":"2019-09-12T12:13:15","guid":{"rendered":"https:\/\/www.rgequip.com\/?post_type=product&#038;p=8642"},"modified":"2019-09-12T14:13:16","modified_gmt":"2019-09-12T12:13:16","slug":"batteur-melangeur-7-l","status":"publish","type":"product","link":"https:\/\/www.rgequip.com\/?product=batteur-melangeur-7-l","title":{"rendered":"BATTEUR M\u00c9LANGEUR  7 L"},"content":{"rendered":"<p>Construction fait en acier moul\u00e9 de haute qualit\u00e9, un couvercle moul\u00e9 par injection et un prot\u00e8ge-bol en plastique.<br \/>\nLa vis sans fin et les roues dent\u00e9es sont con\u00e7us pour l&#8217;utilisation intensive.<br \/>\nPeut-\u00eatre utiliser en toute s\u00e9curit\u00e9 gr\u00e2ce \u00e0 plusieurs interrupteurs de s\u00e9curit\u00e9 et la protection contre la surcharge.<br \/>\nCuve, batteur, fouet et spirale en inox\u00a0 inclus.<br \/>\nTableau de commandes num\u00e9rique facile \u00e0 utiliser.<br \/>\nCapacit\u00e9 maximale pour mixer de farine: 0,8 kg.<br \/>\nAvec poign\u00e9e pour soulever la cuve \u00e0 sa place.<br \/>\nInterrupteur de s\u00e9curit\u00e9 sur le prot\u00e8ge-cuvette,si protection du bol ouvert, la machine s&#8217;arr\u00eate.<br \/>\n3 vitesses: 128\/ 252\/ 545 rpm.<\/p>\n","protected":false},"excerpt":{"rendered":"<p>Construction fait en acier moul\u00e9 de haute qualit\u00e9, un couvercle moul\u00e9 par injection et un prot\u00e8ge-bol en plastique. La vis<\/p>\n","protected":false},"featured_media":8643,"comment_status":"open","ping_status":"closed","template":"","meta":[],"product_brand":[],"product_cat":[369,390,375],"product_tag":[],"class_list":{"0":"post-8642","1":"product","2":"type-product","3":"status-publish","4":"has-post-thumbnail","6":"product_cat-boulangerie","7":"product_cat-batteurs-melangeurs","8":"product_cat-patisserie-et-specialistes","10":"first","11":"instock","12":"shipping-taxable","13":"product-type-simple"},"_links":{"self":[{"href":"https:\/\/www.rgequip.com\/index.php?rest_route=\/wp\/v2\/product\/8642","targetHints":{"allow":["GET"]}}],"collection":[{"href":"https:\/\/www.rgequip.com\/index.php?rest_route=\/wp\/v2\/product"}],"about":[{"href":"https:\/\/www.rgequip.com\/index.php?rest_route=\/wp\/v2\/types\/product"}],"replies":[{"embeddable":true,"href":"https:\/\/www.rgequip.com\/index.php?rest_route=%2Fwp%2Fv2%2Fcomments&post=8642"}],"version-history":[{"count":0,"href":"https:\/\/www.rgequip.com\/index.php?rest_route=\/wp\/v2\/product\/8642\/revisions"}],"wp:featuredmedia":[{"embeddable":true,"href":"https:\/\/www.rgequip.com\/index.php?rest_route=\/wp\/v2\/media\/8643"}],"wp:attachment":[{"href":"https:\/\/www.rgequip.com\/index.php?rest_route=%2Fwp%2Fv2%2Fmedia&parent=8642"}],"wp:term":[{"taxonomy":"product_brand","embeddable":true,"href":"https:\/\/www.rgequip.com\/index.php?rest_route=%2Fwp%2Fv2%2Fproduct_brand&post=8642"},{"taxonomy":"product_cat","embeddable":true,"href":"https:\/\/www.rgequip.com\/index.php?rest_route=%2Fwp%2Fv2%2Fproduct_cat&post=8642"},{"taxonomy":"product_tag","embeddable":true,"href":"https:\/\/www.rgequip.com\/index.php?rest_route=%2Fwp%2Fv2%2Fproduct_tag&post=8642"}],"curies":[{"name":"wp","href":"https:\/\/api.w.org\/{rel}","templated":true}]}}