{"id":8636,"date":"2019-09-12T14:00:15","date_gmt":"2019-09-12T12:00:15","guid":{"rendered":"https:\/\/www.rgequip.com\/?post_type=product&#038;p=8636"},"modified":"2019-09-12T14:03:30","modified_gmt":"2019-09-12T12:03:30","slug":"coupe-legumes-kitchen-line","status":"publish","type":"product","link":"https:\/\/www.rgequip.com\/?product=coupe-legumes-kitchen-line","title":{"rendered":"Coupe-L\u00c9GUMES Kitchen Line"},"content":{"rendered":"<p>Convient parfaitement pour couper de grandes quantit\u00e9s de l\u00e9gumes<br \/>\nAvec 4 couteaux pour divers r\u00e9sultats de coupe<br \/>\n2 disques \u00e0 trancher de 2 et 4 mm et 3 disques \u00e0 r\u00e2per de 3 et 7 mm<br \/>\nGrande ouverture avec levier pour introduire de gros morceaux<br \/>\nPetite ouverture pour introduire des petits morceaux<br \/>\nMoteur puissant fait tourner les disques \u00e0 1500 rpm<br \/>\nconstruction en ABS et polypropyl\u00e8ne<\/p>\n","protected":false},"excerpt":{"rendered":"<p>Convient parfaitement pour couper de grandes quantit\u00e9s de l\u00e9gumes Avec 4 couteaux pour divers r\u00e9sultats de coupe 2 disques \u00e0<\/p>\n","protected":false},"featured_media":8641,"comment_status":"open","ping_status":"closed","template":"","meta":[],"product_brand":[],"product_cat":[337,349,339],"product_tag":[],"class_list":{"0":"post-8636","1":"product","2":"type-product","3":"status-publish","4":"has-post-thumbnail","6":"product_cat-preparation","7":"product_cat-coupe-legumes","8":"product_cat-robots-coupe","10":"first","11":"instock","12":"shipping-taxable","13":"product-type-simple"},"_links":{"self":[{"href":"https:\/\/www.rgequip.com\/index.php?rest_route=\/wp\/v2\/product\/8636","targetHints":{"allow":["GET"]}}],"collection":[{"href":"https:\/\/www.rgequip.com\/index.php?rest_route=\/wp\/v2\/product"}],"about":[{"href":"https:\/\/www.rgequip.com\/index.php?rest_route=\/wp\/v2\/types\/product"}],"replies":[{"embeddable":true,"href":"https:\/\/www.rgequip.com\/index.php?rest_route=%2Fwp%2Fv2%2Fcomments&post=8636"}],"version-history":[{"count":0,"href":"https:\/\/www.rgequip.com\/index.php?rest_route=\/wp\/v2\/product\/8636\/revisions"}],"wp:featuredmedia":[{"embeddable":true,"href":"https:\/\/www.rgequip.com\/index.php?rest_route=\/wp\/v2\/media\/8641"}],"wp:attachment":[{"href":"https:\/\/www.rgequip.com\/index.php?rest_route=%2Fwp%2Fv2%2Fmedia&parent=8636"}],"wp:term":[{"taxonomy":"product_brand","embeddable":true,"href":"https:\/\/www.rgequip.com\/index.php?rest_route=%2Fwp%2Fv2%2Fproduct_brand&post=8636"},{"taxonomy":"product_cat","embeddable":true,"href":"https:\/\/www.rgequip.com\/index.php?rest_route=%2Fwp%2Fv2%2Fproduct_cat&post=8636"},{"taxonomy":"product_tag","embeddable":true,"href":"https:\/\/www.rgequip.com\/index.php?rest_route=%2Fwp%2Fv2%2Fproduct_tag&post=8636"}],"curies":[{"name":"wp","href":"https:\/\/api.w.org\/{rel}","templated":true}]}}