{"id":8632,"date":"2019-09-12T13:34:39","date_gmt":"2019-09-12T11:34:39","guid":{"rendered":"https:\/\/www.rgequip.com\/?post_type=product&#038;p=8632"},"modified":"2019-09-12T14:02:57","modified_gmt":"2019-09-12T12:02:57","slug":"coupe-legumes-usage-intensif","status":"publish","type":"product","link":"https:\/\/www.rgequip.com\/?product=coupe-legumes-usage-intensif","title":{"rendered":"COUPE-L\u00c9GUMES Usage Intensif"},"content":{"rendered":"<p>Con\u00e7u pour la coupe de grande quantit\u00e9 de l\u00e9gumes.<br \/>\nUne grande ouverture qui permet de passer de gros morceaux de l\u00e9gumes jusqu&#8217;\u00e0 \u00d8 165 mm.<br \/>\nUne petite ouverture sp\u00e9cialement pour des l\u00e9gumes longs comme les carottes et les concombres d&#8217;une diam\u00e8tre maximale de \u00d8 55 mm.<br \/>\nLa chambre de coupe est fait en fonte d\u2019aluminium, la partie inf\u00e9rieure du bo\u00eetier est con\u00e7u en acier inoxydable.<br \/>\nUn levier de pression pratique.<br \/>\nMoteur ventil\u00e9 d\u2019une puissance de 750 W = 1 CV.<br \/>\nBoutons de commande \u00e0 basse tension: ARR\u00caTER, D\u00c9MARRER (24 V).<br \/>\n2 syst\u00e8mes de s\u00e9curit\u00e9: D&#8217;abord, un vis ferme le couvercle et en plus un sensor \u00e9lectromagn\u00e9tique d\u00e9tecte l&#8217;ouverture du couvercle et arr\u00eate automatiquement l&#8217;appareil.<br \/>\nLe coupe-l\u00e9gumes d\u00e9marre automatiquement quand on baisse le levier.<br \/>\nChangement des disques de coupe facile et rapide.<\/p>\n","protected":false},"excerpt":{"rendered":"<p>Con\u00e7u pour la coupe de grande quantit\u00e9 de l\u00e9gumes. Une grande ouverture qui permet de passer de gros morceaux de<\/p>\n","protected":false},"featured_media":8633,"comment_status":"open","ping_status":"closed","template":"","meta":[],"product_brand":[],"product_cat":[337,349,339],"product_tag":[],"class_list":{"0":"post-8632","1":"product","2":"type-product","3":"status-publish","4":"has-post-thumbnail","6":"product_cat-preparation","7":"product_cat-coupe-legumes","8":"product_cat-robots-coupe","10":"first","11":"instock","12":"shipping-taxable","13":"product-type-simple"},"_links":{"self":[{"href":"https:\/\/www.rgequip.com\/index.php?rest_route=\/wp\/v2\/product\/8632","targetHints":{"allow":["GET"]}}],"collection":[{"href":"https:\/\/www.rgequip.com\/index.php?rest_route=\/wp\/v2\/product"}],"about":[{"href":"https:\/\/www.rgequip.com\/index.php?rest_route=\/wp\/v2\/types\/product"}],"replies":[{"embeddable":true,"href":"https:\/\/www.rgequip.com\/index.php?rest_route=%2Fwp%2Fv2%2Fcomments&post=8632"}],"version-history":[{"count":0,"href":"https:\/\/www.rgequip.com\/index.php?rest_route=\/wp\/v2\/product\/8632\/revisions"}],"wp:featuredmedia":[{"embeddable":true,"href":"https:\/\/www.rgequip.com\/index.php?rest_route=\/wp\/v2\/media\/8633"}],"wp:attachment":[{"href":"https:\/\/www.rgequip.com\/index.php?rest_route=%2Fwp%2Fv2%2Fmedia&parent=8632"}],"wp:term":[{"taxonomy":"product_brand","embeddable":true,"href":"https:\/\/www.rgequip.com\/index.php?rest_route=%2Fwp%2Fv2%2Fproduct_brand&post=8632"},{"taxonomy":"product_cat","embeddable":true,"href":"https:\/\/www.rgequip.com\/index.php?rest_route=%2Fwp%2Fv2%2Fproduct_cat&post=8632"},{"taxonomy":"product_tag","embeddable":true,"href":"https:\/\/www.rgequip.com\/index.php?rest_route=%2Fwp%2Fv2%2Fproduct_tag&post=8632"}],"curies":[{"name":"wp","href":"https:\/\/api.w.org\/{rel}","templated":true}]}}