{"id":8624,"date":"2019-09-12T12:59:02","date_gmt":"2019-09-12T10:59:02","guid":{"rendered":"https:\/\/www.rgequip.com\/?post_type=product&#038;p=8624"},"modified":"2019-10-14T16:12:46","modified_gmt":"2019-10-14T14:12:46","slug":"broyeur-a-glace-electrique","status":"publish","type":"product","link":"https:\/\/www.rgequip.com\/?product=broyeur-a-glace-electrique","title":{"rendered":"BROYEUR \u00c0 GLACE &#8211; \u00c9LECTRIQUE"},"content":{"rendered":"<p>Concasseur \u00e0 gla\u00e7ons professionnelle.<br \/>\nConvient parfaitement pour pr\u00e9parer de la glace pour granit\u00e9s, mojitos, caf\u00e9 frapp\u00e9 et autres boissons glac\u00e9s.<br \/>\nB\u00e2ti en fonte d&#8217;aluminium.<br \/>\nFermeture avec interrupteur de s\u00e9curit\u00e9.<br \/>\nBol, set de couteau en inox.<br \/>\nDivers tailles de glace broy\u00e9 possible.<br \/>\nCapacit\u00e9 de bol 3 L<\/p>\n","protected":false},"excerpt":{"rendered":"<p>Concasseur \u00e0 gla\u00e7ons professionnelle. Convient parfaitement pour pr\u00e9parer de la glace pour granit\u00e9s, mojitos, caf\u00e9 frapp\u00e9 et autres boissons glac\u00e9s.<\/p>\n","protected":false},"featured_media":8868,"comment_status":"open","ping_status":"closed","template":"","meta":[],"product_brand":[],"product_cat":[369,326,323],"product_tag":[],"class_list":{"0":"post-8624","1":"product","2":"type-product","3":"status-publish","4":"has-post-thumbnail","6":"product_cat-boulangerie","7":"product_cat-distributeurs-de-boissons","8":"product_cat-jus-de-fruit","10":"first","11":"instock","12":"shipping-taxable","13":"product-type-simple"},"_links":{"self":[{"href":"https:\/\/www.rgequip.com\/index.php?rest_route=\/wp\/v2\/product\/8624","targetHints":{"allow":["GET"]}}],"collection":[{"href":"https:\/\/www.rgequip.com\/index.php?rest_route=\/wp\/v2\/product"}],"about":[{"href":"https:\/\/www.rgequip.com\/index.php?rest_route=\/wp\/v2\/types\/product"}],"replies":[{"embeddable":true,"href":"https:\/\/www.rgequip.com\/index.php?rest_route=%2Fwp%2Fv2%2Fcomments&post=8624"}],"version-history":[{"count":0,"href":"https:\/\/www.rgequip.com\/index.php?rest_route=\/wp\/v2\/product\/8624\/revisions"}],"wp:featuredmedia":[{"embeddable":true,"href":"https:\/\/www.rgequip.com\/index.php?rest_route=\/wp\/v2\/media\/8868"}],"wp:attachment":[{"href":"https:\/\/www.rgequip.com\/index.php?rest_route=%2Fwp%2Fv2%2Fmedia&parent=8624"}],"wp:term":[{"taxonomy":"product_brand","embeddable":true,"href":"https:\/\/www.rgequip.com\/index.php?rest_route=%2Fwp%2Fv2%2Fproduct_brand&post=8624"},{"taxonomy":"product_cat","embeddable":true,"href":"https:\/\/www.rgequip.com\/index.php?rest_route=%2Fwp%2Fv2%2Fproduct_cat&post=8624"},{"taxonomy":"product_tag","embeddable":true,"href":"https:\/\/www.rgequip.com\/index.php?rest_route=%2Fwp%2Fv2%2Fproduct_tag&post=8624"}],"curies":[{"name":"wp","href":"https:\/\/api.w.org\/{rel}","templated":true}]}}