{"id":8621,"date":"2019-09-12T12:56:12","date_gmt":"2019-09-12T10:56:12","guid":{"rendered":"https:\/\/www.rgequip.com\/?post_type=product&#038;p=8621"},"modified":"2019-09-16T13:36:09","modified_gmt":"2019-09-16T11:36:09","slug":"concasseur-a-glacons","status":"publish","type":"product","link":"https:\/\/www.rgequip.com\/?product=concasseur-a-glacons","title":{"rendered":"CONCASSEUR \u00c0 GLA\u00c7ONS"},"content":{"rendered":"<p>Entonnoir \u00e0 glace large en plastique ABS et bo\u00eetier en acier inoxydable bross\u00e9.<br \/>\nCouteaux en inox et m\u00e9canisme de broyage r\u00e9sistant.<br \/>\nBac \u00e0 gla\u00e7ons transparent incassable d\u2019une capacit\u00e9 \u00e9gale \u00e0 12 gobelets de glace pil\u00e9.<br \/>\nPeut broyer jusqu\u2019\u00e0 12 kg de glace par heure.<br \/>\nNe convient pas \u00e0 une utilisation en continue.<\/p>\n","protected":false},"excerpt":{"rendered":"<p>Entonnoir \u00e0 glace large en plastique ABS et bo\u00eetier en acier inoxydable bross\u00e9. Couteaux en inox et m\u00e9canisme de broyage<\/p>\n","protected":false},"featured_media":8869,"comment_status":"open","ping_status":"closed","template":"","meta":[],"product_brand":[],"product_cat":[369,326,323],"product_tag":[],"class_list":{"0":"post-8621","1":"product","2":"type-product","3":"status-publish","4":"has-post-thumbnail","6":"product_cat-boulangerie","7":"product_cat-distributeurs-de-boissons","8":"product_cat-jus-de-fruit","10":"first","11":"instock","12":"shipping-taxable","13":"product-type-simple"},"_links":{"self":[{"href":"https:\/\/www.rgequip.com\/index.php?rest_route=\/wp\/v2\/product\/8621","targetHints":{"allow":["GET"]}}],"collection":[{"href":"https:\/\/www.rgequip.com\/index.php?rest_route=\/wp\/v2\/product"}],"about":[{"href":"https:\/\/www.rgequip.com\/index.php?rest_route=\/wp\/v2\/types\/product"}],"replies":[{"embeddable":true,"href":"https:\/\/www.rgequip.com\/index.php?rest_route=%2Fwp%2Fv2%2Fcomments&post=8621"}],"version-history":[{"count":0,"href":"https:\/\/www.rgequip.com\/index.php?rest_route=\/wp\/v2\/product\/8621\/revisions"}],"wp:featuredmedia":[{"embeddable":true,"href":"https:\/\/www.rgequip.com\/index.php?rest_route=\/wp\/v2\/media\/8869"}],"wp:attachment":[{"href":"https:\/\/www.rgequip.com\/index.php?rest_route=%2Fwp%2Fv2%2Fmedia&parent=8621"}],"wp:term":[{"taxonomy":"product_brand","embeddable":true,"href":"https:\/\/www.rgequip.com\/index.php?rest_route=%2Fwp%2Fv2%2Fproduct_brand&post=8621"},{"taxonomy":"product_cat","embeddable":true,"href":"https:\/\/www.rgequip.com\/index.php?rest_route=%2Fwp%2Fv2%2Fproduct_cat&post=8621"},{"taxonomy":"product_tag","embeddable":true,"href":"https:\/\/www.rgequip.com\/index.php?rest_route=%2Fwp%2Fv2%2Fproduct_tag&post=8621"}],"curies":[{"name":"wp","href":"https:\/\/api.w.org\/{rel}","templated":true}]}}