{"id":8618,"date":"2019-09-12T12:52:14","date_gmt":"2019-09-12T10:52:14","guid":{"rendered":"https:\/\/www.rgequip.com\/?post_type=product&#038;p=8618"},"modified":"2019-09-16T13:51:44","modified_gmt":"2019-09-16T11:51:44","slug":"presse-agrumes","status":"publish","type":"product","link":"https:\/\/www.rgequip.com\/?product=presse-agrumes","title":{"rendered":"PRESSE-AGRUMES"},"content":{"rendered":"<p>Mod\u00e8le \u00e0 levier, chrom\u00e9<br \/>\nFabriqu\u00e9 d&#8217;acier sup\u00e9rieur, chrom\u00e9<br \/>\nAvec poign\u00e9e pour une meilleure stabilit\u00e9<br \/>\nPoign\u00e9e retombe facilement en sa position gr\u00e2ce \u00e0 un ressort<br \/>\nAvec r\u00e9servoir et ogive en inox<\/p>\n","protected":false},"excerpt":{"rendered":"<p>Mod\u00e8le \u00e0 levier, chrom\u00e9 Fabriqu\u00e9 d&#8217;acier sup\u00e9rieur, chrom\u00e9 Avec poign\u00e9e pour une meilleure stabilit\u00e9 Poign\u00e9e retombe facilement en sa position<\/p>\n","protected":false},"featured_media":8871,"comment_status":"open","ping_status":"closed","template":"","meta":[],"product_brand":[],"product_cat":[369,323,327],"product_tag":[],"class_list":{"0":"post-8618","1":"product","2":"type-product","3":"status-publish","4":"has-post-thumbnail","6":"product_cat-boulangerie","7":"product_cat-jus-de-fruit","8":"product_cat-presses-agrumes","10":"first","11":"instock","12":"shipping-taxable","13":"product-type-simple"},"_links":{"self":[{"href":"https:\/\/www.rgequip.com\/index.php?rest_route=\/wp\/v2\/product\/8618","targetHints":{"allow":["GET"]}}],"collection":[{"href":"https:\/\/www.rgequip.com\/index.php?rest_route=\/wp\/v2\/product"}],"about":[{"href":"https:\/\/www.rgequip.com\/index.php?rest_route=\/wp\/v2\/types\/product"}],"replies":[{"embeddable":true,"href":"https:\/\/www.rgequip.com\/index.php?rest_route=%2Fwp%2Fv2%2Fcomments&post=8618"}],"version-history":[{"count":0,"href":"https:\/\/www.rgequip.com\/index.php?rest_route=\/wp\/v2\/product\/8618\/revisions"}],"wp:featuredmedia":[{"embeddable":true,"href":"https:\/\/www.rgequip.com\/index.php?rest_route=\/wp\/v2\/media\/8871"}],"wp:attachment":[{"href":"https:\/\/www.rgequip.com\/index.php?rest_route=%2Fwp%2Fv2%2Fmedia&parent=8618"}],"wp:term":[{"taxonomy":"product_brand","embeddable":true,"href":"https:\/\/www.rgequip.com\/index.php?rest_route=%2Fwp%2Fv2%2Fproduct_brand&post=8618"},{"taxonomy":"product_cat","embeddable":true,"href":"https:\/\/www.rgequip.com\/index.php?rest_route=%2Fwp%2Fv2%2Fproduct_cat&post=8618"},{"taxonomy":"product_tag","embeddable":true,"href":"https:\/\/www.rgequip.com\/index.php?rest_route=%2Fwp%2Fv2%2Fproduct_tag&post=8618"}],"curies":[{"name":"wp","href":"https:\/\/api.w.org\/{rel}","templated":true}]}}