{"id":8602,"date":"2019-09-12T12:48:26","date_gmt":"2019-09-12T10:48:26","guid":{"rendered":"https:\/\/www.rgequip.com\/?post_type=product&#038;p=8602"},"modified":"2019-09-12T12:48:26","modified_gmt":"2019-09-12T10:48:26","slug":"presse-agrumes-electrique","status":"publish","type":"product","link":"https:\/\/www.rgequip.com\/?product=presse-agrumes-electrique","title":{"rendered":"PRESSE-AGRUMES \u00c9LECTRIQUE"},"content":{"rendered":"<p>Couvercle avec levier<br \/>\nune utilisation facile et en toute s\u00e9curit\u00e9.<br \/>\nBol et c\u00f4ne amovibles en inox.<br \/>\nDe plus il poss\u00e8de\u00a0 une protection contre les \u00e9claboussures.<br \/>\nVitesse 980<br \/>\nCommande manuelle par interrupteur marche\/arr\u00eat<br \/>\nAvec d\u00f4me anti-projection en polycarbonate<\/p>\n","protected":false},"excerpt":{"rendered":"<p>Couvercle avec levier une utilisation facile et en toute s\u00e9curit\u00e9. Bol et c\u00f4ne amovibles en inox. De plus il poss\u00e8de\u00a0<\/p>\n","protected":false},"featured_media":8615,"comment_status":"open","ping_status":"closed","template":"","meta":[],"product_brand":[],"product_cat":[369,323,327],"product_tag":[],"class_list":{"0":"post-8602","1":"product","2":"type-product","3":"status-publish","4":"has-post-thumbnail","6":"product_cat-boulangerie","7":"product_cat-jus-de-fruit","8":"product_cat-presses-agrumes","10":"first","11":"instock","12":"shipping-taxable","13":"product-type-simple"},"_links":{"self":[{"href":"https:\/\/www.rgequip.com\/index.php?rest_route=\/wp\/v2\/product\/8602","targetHints":{"allow":["GET"]}}],"collection":[{"href":"https:\/\/www.rgequip.com\/index.php?rest_route=\/wp\/v2\/product"}],"about":[{"href":"https:\/\/www.rgequip.com\/index.php?rest_route=\/wp\/v2\/types\/product"}],"replies":[{"embeddable":true,"href":"https:\/\/www.rgequip.com\/index.php?rest_route=%2Fwp%2Fv2%2Fcomments&post=8602"}],"version-history":[{"count":0,"href":"https:\/\/www.rgequip.com\/index.php?rest_route=\/wp\/v2\/product\/8602\/revisions"}],"wp:featuredmedia":[{"embeddable":true,"href":"https:\/\/www.rgequip.com\/index.php?rest_route=\/wp\/v2\/media\/8615"}],"wp:attachment":[{"href":"https:\/\/www.rgequip.com\/index.php?rest_route=%2Fwp%2Fv2%2Fmedia&parent=8602"}],"wp:term":[{"taxonomy":"product_brand","embeddable":true,"href":"https:\/\/www.rgequip.com\/index.php?rest_route=%2Fwp%2Fv2%2Fproduct_brand&post=8602"},{"taxonomy":"product_cat","embeddable":true,"href":"https:\/\/www.rgequip.com\/index.php?rest_route=%2Fwp%2Fv2%2Fproduct_cat&post=8602"},{"taxonomy":"product_tag","embeddable":true,"href":"https:\/\/www.rgequip.com\/index.php?rest_route=%2Fwp%2Fv2%2Fproduct_tag&post=8602"}],"curies":[{"name":"wp","href":"https:\/\/api.w.org\/{rel}","templated":true}]}}