{"id":8518,"date":"2019-09-10T19:20:27","date_gmt":"2019-09-10T17:20:27","guid":{"rendered":"https:\/\/www.rgequip.com\/?post_type=product&#038;p=8518"},"modified":"2019-09-16T14:05:30","modified_gmt":"2019-09-16T12:05:30","slug":"sous-bassement-neutre","status":"publish","type":"product","link":"https:\/\/www.rgequip.com\/?product=sous-bassement-neutre","title":{"rendered":"Sous Bassement Neutre"},"content":{"rendered":"<p>Inox AISI 304.<br \/>\nPortes coulissantes doubl\u00e9es.<br \/>\nDessus avec bord de 40 mm renforc\u00e9 par panneau insonoris\u00e9 et hydrofuge de 18 mm.<br \/>\n\u00c9tag\u00e8re interm\u00e9diaire r\u00e9glable.<br \/>\nPieds carr\u00e9s r\u00e9glables de 40&#215;40 mm<br \/>\nhttp:\/\/www.lambertin.fr\/mobilier-inox\/3979-meuble-bas-centrale-portes-coulissa.html<\/p>\n","protected":false},"excerpt":{"rendered":"<p>Inox AISI 304. Portes coulissantes doubl\u00e9es. Dessus avec bord de 40 mm renforc\u00e9 par panneau insonoris\u00e9 et hydrofuge de 18<\/p>\n","protected":false},"featured_media":8872,"comment_status":"open","ping_status":"closed","template":"","meta":[],"product_brand":[],"product_cat":[268,1351],"product_tag":[],"class_list":{"0":"post-8518","1":"product","2":"type-product","3":"status-publish","4":"has-post-thumbnail","6":"product_cat-froids","7":"product_cat-meubles","9":"first","10":"instock","11":"shipping-taxable","12":"product-type-simple"},"_links":{"self":[{"href":"https:\/\/www.rgequip.com\/index.php?rest_route=\/wp\/v2\/product\/8518","targetHints":{"allow":["GET"]}}],"collection":[{"href":"https:\/\/www.rgequip.com\/index.php?rest_route=\/wp\/v2\/product"}],"about":[{"href":"https:\/\/www.rgequip.com\/index.php?rest_route=\/wp\/v2\/types\/product"}],"replies":[{"embeddable":true,"href":"https:\/\/www.rgequip.com\/index.php?rest_route=%2Fwp%2Fv2%2Fcomments&post=8518"}],"version-history":[{"count":0,"href":"https:\/\/www.rgequip.com\/index.php?rest_route=\/wp\/v2\/product\/8518\/revisions"}],"wp:featuredmedia":[{"embeddable":true,"href":"https:\/\/www.rgequip.com\/index.php?rest_route=\/wp\/v2\/media\/8872"}],"wp:attachment":[{"href":"https:\/\/www.rgequip.com\/index.php?rest_route=%2Fwp%2Fv2%2Fmedia&parent=8518"}],"wp:term":[{"taxonomy":"product_brand","embeddable":true,"href":"https:\/\/www.rgequip.com\/index.php?rest_route=%2Fwp%2Fv2%2Fproduct_brand&post=8518"},{"taxonomy":"product_cat","embeddable":true,"href":"https:\/\/www.rgequip.com\/index.php?rest_route=%2Fwp%2Fv2%2Fproduct_cat&post=8518"},{"taxonomy":"product_tag","embeddable":true,"href":"https:\/\/www.rgequip.com\/index.php?rest_route=%2Fwp%2Fv2%2Fproduct_tag&post=8518"}],"curies":[{"name":"wp","href":"https:\/\/api.w.org\/{rel}","templated":true}]}}