{"id":8508,"date":"2019-09-10T18:34:45","date_gmt":"2019-09-10T16:34:45","guid":{"rendered":"https:\/\/www.rgequip.com\/?post_type=product&#038;p=8508"},"modified":"2021-04-05T18:55:37","modified_gmt":"2021-04-05T16:55:37","slug":"friteuse-gaz-double-122-l","status":"publish","type":"product","link":"https:\/\/www.rgequip.com\/?product=friteuse-gaz-double-122-l","title":{"rendered":"Friteuse Gaz Double 12*2 L"},"content":{"rendered":"<p>Les coins arrondis facilitent le nettoyage et l&#8217;hygi\u00e8ne.<br \/>\nLa capacit\u00e9 de la tr\u00e9mie est de 12 + 12 litres.<br \/>\nUn formulaire de remise sp\u00e9ciale sur le c\u00f4t\u00e9 utilisateur de la tr\u00e9mie emp\u00eache le d\u00e9bordement.<br \/>\nLa chambre de la friteuse soud\u00e9e \u00e0 la table sup\u00e9rieure avec une machine \u00e0 souder les soudures afin qu&#8217;aucune trace de soudure ne soit visible.<br \/>\nCorps en acier inoxydable \u00e0 longue dur\u00e9e de vie et structure durable.<br \/>\nLa temp\u00e9rature de l&#8217;huile dans la piscine S&#8217;ajuste jusqu&#8217;\u00e0 190 \u00b0 C \u00e0 l&#8217;aide du thermostat. Un thermostat de s\u00e9curit\u00e9 est disponible pour emp\u00eacher l&#8217;huile de surchauffer.<br \/>\nLes br\u00fbleurs en acier inoxydable de conception sp\u00e9ciale \u00e0 haute efficacit\u00e9 sont disponibles dans les mod\u00e8les \u00e0 gaz.<\/p>\n<p>&nbsp;<\/p>\n","protected":false},"excerpt":{"rendered":"<p><span>La friteuse est utilis\u00e9e dans les \u00e9tablissements de restauration (restaurants, caf\u00e9s, fast-foods, cantines, h\u00f4pitaux) pour faire frire des pommes de terre, des aubergines, des courgettes, du poulet, du poisson, etc.<\/span><\/p>\n<ul>\n<li><span>Cuve de friteuse en acier inoxydable AISI 304 avec coins arrondis pour un nettoyage facile et une hygi\u00e8ne accrue<\/span><\/li>\n<li><span>Un r\u00e9servoir d&#8217;une capacit\u00e9 de 12 litres<\/span><\/li>\n<li><span>La pente de protection sur le c\u00f4t\u00e9 de l&#8217;utilisateur emp\u00eache les \u00e9claboussures d&#8217;huile<\/span><\/li>\n<li><span>Etanch\u00e9it\u00e9 continue du r\u00e9servoir vers le haut par soudage robotis\u00e9<\/span><\/li>\n<li><span>R\u00e9gulation thermique de la temp\u00e9rature de l&#8217;huile jusqu&#8217;\u00e0 un maximum de 190 \u00b0 C<\/span><\/li>\n<li><span>Livr\u00e9 avec 1 panier pleine grandeur pour chaque r\u00e9servoir<\/span><\/li>\n<li><span>Thermostat de s\u00e9curit\u00e9 avec fonction de r\u00e9armement manuel<\/span><\/li>\n<li><span>Br\u00fbleurs en acier inoxydable et allumage pi\u00e9zo\u00e9lectrique<\/span><\/li>\n<li><span>Drainage facile et s\u00fbr avec un tube de drainage de s\u00e9curit\u00e9 \u00e0 pousser et tourner situ\u00e9 sur le panneau avant<\/span><\/li>\n<\/ul>\n","protected":false},"featured_media":8511,"comment_status":"open","ping_status":"closed","template":"","meta":[],"product_brand":[],"product_cat":[226,255,233],"product_tag":[],"class_list":{"0":"post-8508","1":"product","2":"type-product","3":"status-publish","4":"has-post-thumbnail","6":"product_cat-cuisson","7":"product_cat-friteuse-gaz","8":"product_cat-friteuses","10":"first","11":"instock","12":"shipping-taxable","13":"product-type-simple"},"_links":{"self":[{"href":"https:\/\/www.rgequip.com\/index.php?rest_route=\/wp\/v2\/product\/8508","targetHints":{"allow":["GET"]}}],"collection":[{"href":"https:\/\/www.rgequip.com\/index.php?rest_route=\/wp\/v2\/product"}],"about":[{"href":"https:\/\/www.rgequip.com\/index.php?rest_route=\/wp\/v2\/types\/product"}],"replies":[{"embeddable":true,"href":"https:\/\/www.rgequip.com\/index.php?rest_route=%2Fwp%2Fv2%2Fcomments&post=8508"}],"version-history":[{"count":1,"href":"https:\/\/www.rgequip.com\/index.php?rest_route=\/wp\/v2\/product\/8508\/revisions"}],"predecessor-version":[{"id":8512,"href":"https:\/\/www.rgequip.com\/index.php?rest_route=\/wp\/v2\/product\/8508\/revisions\/8512"}],"wp:featuredmedia":[{"embeddable":true,"href":"https:\/\/www.rgequip.com\/index.php?rest_route=\/wp\/v2\/media\/8511"}],"wp:attachment":[{"href":"https:\/\/www.rgequip.com\/index.php?rest_route=%2Fwp%2Fv2%2Fmedia&parent=8508"}],"wp:term":[{"taxonomy":"product_brand","embeddable":true,"href":"https:\/\/www.rgequip.com\/index.php?rest_route=%2Fwp%2Fv2%2Fproduct_brand&post=8508"},{"taxonomy":"product_cat","embeddable":true,"href":"https:\/\/www.rgequip.com\/index.php?rest_route=%2Fwp%2Fv2%2Fproduct_cat&post=8508"},{"taxonomy":"product_tag","embeddable":true,"href":"https:\/\/www.rgequip.com\/index.php?rest_route=%2Fwp%2Fv2%2Fproduct_tag&post=8508"}],"curies":[{"name":"wp","href":"https:\/\/api.w.org\/{rel}","templated":true}]}}