{"id":8506,"date":"2019-09-10T18:25:53","date_gmt":"2019-09-10T16:25:53","guid":{"rendered":"https:\/\/www.rgequip.com\/?post_type=product&#038;p=8506"},"modified":"2019-09-10T18:25:54","modified_gmt":"2019-09-10T16:25:54","slug":"cuisiniere-four-a-gaz","status":"publish","type":"product","link":"https:\/\/www.rgequip.com\/?product=cuisiniere-four-a-gaz","title":{"rendered":"CUISINI\u00c8RE FOUR \u00c0 GAZ"},"content":{"rendered":"<p><span>Fonctionne au GPL et au gaz naturel.<br \/>\n<\/span><span>Des br\u00fbleurs de classe mondiale et respectueux de l&#8217;environnement, avec un rendement de combustion \u00e9lev\u00e9 et de faibles \u00e9missions de gaz d&#8217;\u00e9chappement.<br \/>\n<\/span><span>Pour chaque br\u00fbleur, il existe des robinets \u00e0 gaz avec soupape de s\u00e9curit\u00e9 \u00e0 aimant comprenant un kit de coupure accidentelle du gaz d&#8217;extinction et une veilleuse.<br \/>\n<\/span><span>Des pi\u00e8ces moul\u00e9es en fonte \u00e0 usage intensif con\u00e7ues pour permettre l&#8217;utilisation d&#8217;ustensiles de cuisson de diff\u00e9rentes tailles.<br \/>\nPlateau sup\u00e9rieur monobloc rev\u00eatu de t\u00e9flon\u00a0<\/span><span>Fournit une zone de cuisson hygi\u00e9nique.<br \/>\nSyst\u00e8me de charni\u00e8re de la porte du four \u00e0 levier unique et procure une s\u00e9curit\u00e9 maximale.<br \/>\nDe plus, le syst\u00e8me de charni\u00e8re \u00e0 deux niveaux permet un nivellement de la porte.<br \/>\n<\/span><span>La partie four a une capacit\u00e9 de bac GN 1\/1 et permet de positionner le bac dans diff\u00e9rentes positions<\/span><\/p>\n","protected":false},"excerpt":{"rendered":"<p>Fonctionne au GPL et au gaz naturel. Des br\u00fbleurs de classe mondiale et respectueux de l&#8217;environnement, avec un rendement de<\/p>\n","protected":false},"featured_media":8507,"comment_status":"open","ping_status":"closed","template":"","meta":[],"product_brand":[],"product_cat":[226,227,237],"product_tag":[],"class_list":{"0":"post-8506","1":"product","2":"type-product","3":"status-publish","4":"has-post-thumbnail","6":"product_cat-cuisson","7":"product_cat-fourneaux","8":"product_cat-series-700-900","10":"first","11":"instock","12":"shipping-taxable","13":"product-type-simple"},"_links":{"self":[{"href":"https:\/\/www.rgequip.com\/index.php?rest_route=\/wp\/v2\/product\/8506","targetHints":{"allow":["GET"]}}],"collection":[{"href":"https:\/\/www.rgequip.com\/index.php?rest_route=\/wp\/v2\/product"}],"about":[{"href":"https:\/\/www.rgequip.com\/index.php?rest_route=\/wp\/v2\/types\/product"}],"replies":[{"embeddable":true,"href":"https:\/\/www.rgequip.com\/index.php?rest_route=%2Fwp%2Fv2%2Fcomments&post=8506"}],"version-history":[{"count":0,"href":"https:\/\/www.rgequip.com\/index.php?rest_route=\/wp\/v2\/product\/8506\/revisions"}],"wp:featuredmedia":[{"embeddable":true,"href":"https:\/\/www.rgequip.com\/index.php?rest_route=\/wp\/v2\/media\/8507"}],"wp:attachment":[{"href":"https:\/\/www.rgequip.com\/index.php?rest_route=%2Fwp%2Fv2%2Fmedia&parent=8506"}],"wp:term":[{"taxonomy":"product_brand","embeddable":true,"href":"https:\/\/www.rgequip.com\/index.php?rest_route=%2Fwp%2Fv2%2Fproduct_brand&post=8506"},{"taxonomy":"product_cat","embeddable":true,"href":"https:\/\/www.rgequip.com\/index.php?rest_route=%2Fwp%2Fv2%2Fproduct_cat&post=8506"},{"taxonomy":"product_tag","embeddable":true,"href":"https:\/\/www.rgequip.com\/index.php?rest_route=%2Fwp%2Fv2%2Fproduct_tag&post=8506"}],"curies":[{"name":"wp","href":"https:\/\/api.w.org\/{rel}","templated":true}]}}