{"id":8497,"date":"2019-09-10T17:31:18","date_gmt":"2019-09-10T15:31:18","guid":{"rendered":"https:\/\/www.rgequip.com\/?post_type=product&#038;p=8497"},"modified":"2019-10-01T15:17:25","modified_gmt":"2019-10-01T13:17:25","slug":"fourneau-electrique-sur-four","status":"publish","type":"product","link":"https:\/\/www.rgequip.com\/?product=fourneau-electrique-sur-four","title":{"rendered":"Fourneau Electrique  Sur Four"},"content":{"rendered":"<p>Des tables sup\u00e9rieures monobloc en acier inoxydable de qualit\u00e9 304 et de qualit\u00e9 sup\u00e9rieure permettent d&#8217;optimiser la durabilit\u00e9 de la table sup\u00e9rieure et d&#8217;assurer un nettoyage facile.<br \/>\nChaque plaque chauffante a une chaleur extr\u00eame thermique.<br \/>\nLorsque la chaleur est en exc\u00e8s,le syst\u00e8me prend automatiquement le relais et en retire l&#8217;exc\u00e8s.<br \/>\nChaque plaque chauffante poss\u00e8de un interrupteur \u00e0 6 positions permettant un contr\u00f4le entre 90 et 450 \u00b0 C. Gr\u00e2ce \u00e0 ce contr\u00f4le de temp\u00e9rature, l&#8217;utilisateur peut effectuer des applications telles que la cuisson ou la conservation.<br \/>\nIl existe des \u00e9l\u00e9ments chauffants sup\u00e9rieur et inf\u00e9rieur qui peuvent \u00eatre contr\u00f4l\u00e9s s\u00e9par\u00e9ment dans la section four. Avec le commutateur \u00e0 3 positions, le chauffage inf\u00e9rieur, le chauffage sup\u00e9rieur et les chauffages inf\u00e9rieur et sup\u00e9rieur peuvent \u00eatre utilis\u00e9s ensemble.<br \/>\nIl existe un thermostat qui contr\u00f4le la temp\u00e9rature interne du four entre 50 et 300 \u00b0 C.<\/p>\n","protected":false},"excerpt":{"rendered":"<p>Des tables sup\u00e9rieures monobloc en acier inoxydable de qualit\u00e9 304 et de qualit\u00e9 sup\u00e9rieure permettent d&#8217;optimiser la durabilit\u00e9 de la<\/p>\n","protected":false},"featured_media":8500,"comment_status":"open","ping_status":"closed","template":"","meta":[],"product_brand":[],"product_cat":[226,227,237],"product_tag":[],"class_list":{"0":"post-8497","1":"product","2":"type-product","3":"status-publish","4":"has-post-thumbnail","6":"product_cat-cuisson","7":"product_cat-fourneaux","8":"product_cat-series-700-900","10":"first","11":"instock","12":"shipping-taxable","13":"product-type-simple"},"_links":{"self":[{"href":"https:\/\/www.rgequip.com\/index.php?rest_route=\/wp\/v2\/product\/8497","targetHints":{"allow":["GET"]}}],"collection":[{"href":"https:\/\/www.rgequip.com\/index.php?rest_route=\/wp\/v2\/product"}],"about":[{"href":"https:\/\/www.rgequip.com\/index.php?rest_route=\/wp\/v2\/types\/product"}],"replies":[{"embeddable":true,"href":"https:\/\/www.rgequip.com\/index.php?rest_route=%2Fwp%2Fv2%2Fcomments&post=8497"}],"version-history":[{"count":0,"href":"https:\/\/www.rgequip.com\/index.php?rest_route=\/wp\/v2\/product\/8497\/revisions"}],"wp:featuredmedia":[{"embeddable":true,"href":"https:\/\/www.rgequip.com\/index.php?rest_route=\/wp\/v2\/media\/8500"}],"wp:attachment":[{"href":"https:\/\/www.rgequip.com\/index.php?rest_route=%2Fwp%2Fv2%2Fmedia&parent=8497"}],"wp:term":[{"taxonomy":"product_brand","embeddable":true,"href":"https:\/\/www.rgequip.com\/index.php?rest_route=%2Fwp%2Fv2%2Fproduct_brand&post=8497"},{"taxonomy":"product_cat","embeddable":true,"href":"https:\/\/www.rgequip.com\/index.php?rest_route=%2Fwp%2Fv2%2Fproduct_cat&post=8497"},{"taxonomy":"product_tag","embeddable":true,"href":"https:\/\/www.rgequip.com\/index.php?rest_route=%2Fwp%2Fv2%2Fproduct_tag&post=8497"}],"curies":[{"name":"wp","href":"https:\/\/api.w.org\/{rel}","templated":true}]}}