{"id":8495,"date":"2019-09-10T15:57:00","date_gmt":"2019-09-10T13:57:00","guid":{"rendered":"https:\/\/www.rgequip.com\/?post_type=product&#038;p=8495"},"modified":"2019-09-10T15:57:00","modified_gmt":"2019-09-10T13:57:00","slug":"sauteuse-electrique-80-l","status":"publish","type":"product","link":"https:\/\/www.rgequip.com\/?product=sauteuse-electrique-80-l","title":{"rendered":"Sauteuse Electrique 80 L"},"content":{"rendered":"<p>La base de la casserole en acier inoxydable de haute qualit\u00e9 de 8 mm d&#8217;\u00e9paisseur permettant ainsi une r\u00e9sistance accrue \u00e0 la corrosion.<br \/>\nLes signaux sur le panneau s&#8217;utilisent pour surveiller des situations telles que le fonctionnement ou l&#8217;allumage.<br \/>\nTemp\u00e9rature r\u00e9glable entre 50 et 300 \u00b0 C.<br \/>\nLe r\u00e9gulateur d&#8217;\u00e9nergie, permet de r\u00e9gler la puissance.<br \/>\nAvec le mat\u00e9riau isolant autour de la casserole ne diffuse pas beaucoup de chaleur.<br \/>\nLe m\u00e9canisme de levage manuel est disponible en standard dans les cas d&#8217;inclinaison.<\/p>\n","protected":false},"excerpt":{"rendered":"<p>La base de la casserole en acier inoxydable de haute qualit\u00e9 de 8 mm d&#8217;\u00e9paisseur permettant ainsi une r\u00e9sistance accrue<\/p>\n","protected":false},"featured_media":8496,"comment_status":"open","ping_status":"closed","template":"","meta":[],"product_brand":[],"product_cat":[226,239,227],"product_tag":[],"class_list":{"0":"post-8495","1":"product","2":"type-product","3":"status-publish","4":"has-post-thumbnail","6":"product_cat-cuisson","7":"product_cat-braise-marmite","8":"product_cat-fourneaux","10":"first","11":"instock","12":"shipping-taxable","13":"product-type-simple"},"_links":{"self":[{"href":"https:\/\/www.rgequip.com\/index.php?rest_route=\/wp\/v2\/product\/8495","targetHints":{"allow":["GET"]}}],"collection":[{"href":"https:\/\/www.rgequip.com\/index.php?rest_route=\/wp\/v2\/product"}],"about":[{"href":"https:\/\/www.rgequip.com\/index.php?rest_route=\/wp\/v2\/types\/product"}],"replies":[{"embeddable":true,"href":"https:\/\/www.rgequip.com\/index.php?rest_route=%2Fwp%2Fv2%2Fcomments&post=8495"}],"version-history":[{"count":0,"href":"https:\/\/www.rgequip.com\/index.php?rest_route=\/wp\/v2\/product\/8495\/revisions"}],"wp:featuredmedia":[{"embeddable":true,"href":"https:\/\/www.rgequip.com\/index.php?rest_route=\/wp\/v2\/media\/8496"}],"wp:attachment":[{"href":"https:\/\/www.rgequip.com\/index.php?rest_route=%2Fwp%2Fv2%2Fmedia&parent=8495"}],"wp:term":[{"taxonomy":"product_brand","embeddable":true,"href":"https:\/\/www.rgequip.com\/index.php?rest_route=%2Fwp%2Fv2%2Fproduct_brand&post=8495"},{"taxonomy":"product_cat","embeddable":true,"href":"https:\/\/www.rgequip.com\/index.php?rest_route=%2Fwp%2Fv2%2Fproduct_cat&post=8495"},{"taxonomy":"product_tag","embeddable":true,"href":"https:\/\/www.rgequip.com\/index.php?rest_route=%2Fwp%2Fv2%2Fproduct_tag&post=8495"}],"curies":[{"name":"wp","href":"https:\/\/api.w.org\/{rel}","templated":true}]}}