{"id":8490,"date":"2019-09-10T17:53:16","date_gmt":"2019-09-10T15:53:16","guid":{"rendered":"https:\/\/www.rgequip.com\/?post_type=product&#038;p=8490"},"modified":"2019-09-10T17:53:17","modified_gmt":"2019-09-10T15:53:17","slug":"grill-double-gaz-lisse-poser","status":"publish","type":"product","link":"https:\/\/www.rgequip.com\/?product=grill-double-gaz-lisse-poser","title":{"rendered":"Grill Double Gaz Lisse poser"},"content":{"rendered":"<p>Les grils ont une temp\u00e9rature de surface de cuisson uniforme et d&#8217;excellentes performances de cuisson.<br \/>\nLes surfaces chrom\u00e9es dures assurent une hygi\u00e8ne maximale et facilitent le nettoyage.<br \/>\nLe trou de vidange permet la vidange d&#8217;huile us\u00e9e g\u00e9n\u00e9r\u00e9 pendant la cuisson dans le r\u00e9servoir de 1.5 L de contenance.<br \/>\nLe compartiment d&#8217;huile se retire facilement de l&#8217;avant de l&#8217;appareil.<br \/>\nLa plaque de protection en acier inoxydable emp\u00eache les \u00e9claboussures d&#8217;huile \u00e0 l&#8217;arri\u00e8re et sur les c\u00f4t\u00e9s.<br \/>\nDe plus,celle ci lui Garanti une s\u00e9curit\u00e9 accrue et une utilisation confortable .<br \/>\nLa plaque de protection en acier inoxydable facile \u00e0 retirer et convient au lavage en lave-vaisselle.<\/p>\n","protected":false},"excerpt":{"rendered":"<p>Les grils ont une temp\u00e9rature de surface de cuisson uniforme et d&#8217;excellentes performances de cuisson. Les surfaces chrom\u00e9es dures assurent<\/p>\n","protected":false},"featured_media":8494,"comment_status":"open","ping_status":"closed","template":"","meta":[],"product_brand":[],"product_cat":[226,259,235],"product_tag":[],"class_list":{"0":"post-8490","1":"product","2":"type-product","3":"status-publish","4":"has-post-thumbnail","6":"product_cat-cuisson","7":"product_cat-grill-panini","8":"product_cat-snacking","10":"first","11":"instock","12":"shipping-taxable","13":"product-type-simple"},"_links":{"self":[{"href":"https:\/\/www.rgequip.com\/index.php?rest_route=\/wp\/v2\/product\/8490","targetHints":{"allow":["GET"]}}],"collection":[{"href":"https:\/\/www.rgequip.com\/index.php?rest_route=\/wp\/v2\/product"}],"about":[{"href":"https:\/\/www.rgequip.com\/index.php?rest_route=\/wp\/v2\/types\/product"}],"replies":[{"embeddable":true,"href":"https:\/\/www.rgequip.com\/index.php?rest_route=%2Fwp%2Fv2%2Fcomments&post=8490"}],"version-history":[{"count":0,"href":"https:\/\/www.rgequip.com\/index.php?rest_route=\/wp\/v2\/product\/8490\/revisions"}],"wp:featuredmedia":[{"embeddable":true,"href":"https:\/\/www.rgequip.com\/index.php?rest_route=\/wp\/v2\/media\/8494"}],"wp:attachment":[{"href":"https:\/\/www.rgequip.com\/index.php?rest_route=%2Fwp%2Fv2%2Fmedia&parent=8490"}],"wp:term":[{"taxonomy":"product_brand","embeddable":true,"href":"https:\/\/www.rgequip.com\/index.php?rest_route=%2Fwp%2Fv2%2Fproduct_brand&post=8490"},{"taxonomy":"product_cat","embeddable":true,"href":"https:\/\/www.rgequip.com\/index.php?rest_route=%2Fwp%2Fv2%2Fproduct_cat&post=8490"},{"taxonomy":"product_tag","embeddable":true,"href":"https:\/\/www.rgequip.com\/index.php?rest_route=%2Fwp%2Fv2%2Fproduct_tag&post=8490"}],"curies":[{"name":"wp","href":"https:\/\/api.w.org\/{rel}","templated":true}]}}