{"id":8482,"date":"2019-09-10T15:05:33","date_gmt":"2019-09-10T13:05:33","guid":{"rendered":"https:\/\/www.rgequip.com\/?post_type=product&#038;p=8482"},"modified":"2021-04-05T18:46:08","modified_gmt":"2021-04-05T16:46:08","slug":"friteuse-electrique-12-2","status":"publish","type":"product","link":"https:\/\/www.rgequip.com\/?product=friteuse-electrique-12-2","title":{"rendered":"Friteuse Electrique 12 *2"},"content":{"rendered":"<p>La capacit\u00e9 de la tr\u00e9mie est de 12*2 litres.<br \/>\nLa chambre de la friteuse soud\u00e9e \u00e0 la table sup\u00e9rieure avec une machine \u00e0 souder fait qu&#8217;aucune trace de soudure ne soit visible.<br \/>\nCorps en acier inoxydable \u00e0 longue dur\u00e9e de vie et structure durable.<br \/>\nLa temp\u00e9rature de l&#8217;huile dans la piscine s&#8217;ajuste jusqu&#8217;\u00e0 190 \u00b0 C \u00e0 l&#8217;aide du thermostat<br \/>\nLa vanne de vidange plac\u00e9e sous la piscine d&#8217;huile permet une vidange d&#8217;huile simple et s\u00fbre .<br \/>\nGr\u00e2ce \u00e0 des chauffages en acier inoxydable et \u00e0 faible densit\u00e9 de puissance, l&#8217;huile servira ainsi pendant une longue p\u00e9riode<br \/>\nLes robinets de s\u00e9curit\u00e9 servent \u00e0 augmenter la s\u00e9curit\u00e9 et les thermocouples servent \u00e0 la surveillance de la flamme.<\/p>\n","protected":false},"excerpt":{"rendered":"<h3>R\u00c9SUM\u00c9<\/h3>\n<div class=\"my-3\">\n<p>La friteuse est utilis\u00e9e dans les \u00e9tablissements de restauration (restaurants, caf\u00e9s, fast-foods, cantines, h\u00f4pitaux) pour faire frire des pommes de terre, des aubergines, des courgettes, du poulet, du poisson, etc.<\/p>\n<ul>\n<li>Cuve de friteuse en acier inoxydable AISI 304 avec coins arrondis pour un nettoyage facile et une hygi\u00e8ne accrue<\/li>\n<li>Un r\u00e9servoir d&#8217;une capacit\u00e9 de 12 litres<\/li>\n<li>La pente de protection sur le c\u00f4t\u00e9 de l&#8217;utilisateur emp\u00eache les \u00e9claboussures d&#8217;huile<\/li>\n<li>\u00c9tanch\u00e9it\u00e9 continue du r\u00e9servoir vers le haut par soudage robotis\u00e9<\/li>\n<li>R\u00e9gulation thermique de la temp\u00e9rature de l&#8217;huile jusqu&#8217;\u00e0 un maximum de 190 \u00b0 C<\/li>\n<li>Livr\u00e9 avec 1 panier pleine grandeur pour chaque r\u00e9servoir<\/li>\n<li>\u00c9l\u00e9ments chauffants blind\u00e9s \u00e0 faible densit\u00e9 d&#8217;\u00e9nergie pour une dur\u00e9e de vie optimale de l&#8217;huile<\/li>\n<li>L&#8217;\u00e9l\u00e9ment chauffant peut \u00eatre tourn\u00e9 \u00e0 90 \u00b0 pour un nettoyage facile<\/li>\n<li>Drainage facile et s\u00fbr avec un tube de drainage de s\u00e9curit\u00e9 \u00e0 pousser et tourner situ\u00e9 sur le panneau avant<\/li>\n<\/ul>\n<\/div>\n","protected":false},"featured_media":8489,"comment_status":"open","ping_status":"closed","template":"","meta":[],"product_brand":[],"product_cat":[226,256,233],"product_tag":[],"class_list":{"0":"post-8482","1":"product","2":"type-product","3":"status-publish","4":"has-post-thumbnail","6":"product_cat-cuisson","7":"product_cat-f-electrique","8":"product_cat-friteuses","10":"first","11":"instock","12":"shipping-taxable","13":"product-type-simple"},"_links":{"self":[{"href":"https:\/\/www.rgequip.com\/index.php?rest_route=\/wp\/v2\/product\/8482","targetHints":{"allow":["GET"]}}],"collection":[{"href":"https:\/\/www.rgequip.com\/index.php?rest_route=\/wp\/v2\/product"}],"about":[{"href":"https:\/\/www.rgequip.com\/index.php?rest_route=\/wp\/v2\/types\/product"}],"replies":[{"embeddable":true,"href":"https:\/\/www.rgequip.com\/index.php?rest_route=%2Fwp%2Fv2%2Fcomments&post=8482"}],"version-history":[{"count":0,"href":"https:\/\/www.rgequip.com\/index.php?rest_route=\/wp\/v2\/product\/8482\/revisions"}],"wp:featuredmedia":[{"embeddable":true,"href":"https:\/\/www.rgequip.com\/index.php?rest_route=\/wp\/v2\/media\/8489"}],"wp:attachment":[{"href":"https:\/\/www.rgequip.com\/index.php?rest_route=%2Fwp%2Fv2%2Fmedia&parent=8482"}],"wp:term":[{"taxonomy":"product_brand","embeddable":true,"href":"https:\/\/www.rgequip.com\/index.php?rest_route=%2Fwp%2Fv2%2Fproduct_brand&post=8482"},{"taxonomy":"product_cat","embeddable":true,"href":"https:\/\/www.rgequip.com\/index.php?rest_route=%2Fwp%2Fv2%2Fproduct_cat&post=8482"},{"taxonomy":"product_tag","embeddable":true,"href":"https:\/\/www.rgequip.com\/index.php?rest_route=%2Fwp%2Fv2%2Fproduct_tag&post=8482"}],"curies":[{"name":"wp","href":"https:\/\/api.w.org\/{rel}","templated":true}]}}