{"id":8459,"date":"2019-09-10T11:25:38","date_gmt":"2019-09-10T09:25:38","guid":{"rendered":"https:\/\/www.rgequip.com\/?post_type=product&#038;p=8459"},"modified":"2019-09-10T11:25:39","modified_gmt":"2019-09-10T09:25:39","slug":"fourneau-a-gaz-4-feux-sur-four-40kw","status":"publish","type":"product","link":"https:\/\/www.rgequip.com\/?product=fourneau-a-gaz-4-feux-sur-four-40kw","title":{"rendered":"Fourneau \u00e0 Gaz 4 Feux Sur Four 40KW"},"content":{"rendered":"<p>Robinets \u00e0 gaz avec dispositifs de s\u00e9curit\u00e9 et thermocouples utilis\u00e9s pour la surveillance de la flamme.<br \/>\nDisposent des dessus monoblocs de 2 mm fabriqu\u00e9s en utilisant des moules sp\u00e9ciaux .<br \/>\nDe plus, les coins arrondis sur la plaque sup\u00e9rieure augmentent la durabilit\u00e9 et la facilit\u00e9 de nettoyage.<br \/>\nLes br\u00fbleurs en laiton sp\u00e9cialement avec une puissance \u00e9lev\u00e9e, pour une efficacit\u00e9 de combustion et de faibles \u00e9mission de gaz.<br \/>\nGr\u00e2ce au syst\u00e8me de veilleuse dans les br\u00fbleurs, il est possible d\u2019utiliser les appareils rapidement et facilement.<br \/>\nla soupape \u00e0 gaz thermostatique, contr\u00f4le la temp\u00e9rature interne du four \u00e0 gaz entre 100 et 300 \u00b0 C<br \/>\nLa temp\u00e9rature interne du four \u00e9lectrique se r\u00e8gle entre 50 et 300 \u00b0 C.<br \/>\nLes glissi\u00e8res chrom\u00e9es amovibles dans le four permettent une cuisson \u00e0 3 niveaux diff\u00e9rents.<\/p>\n","protected":false},"excerpt":{"rendered":"<p>Robinets \u00e0 gaz avec dispositifs de s\u00e9curit\u00e9 et thermocouples utilis\u00e9s pour la surveillance de la flamme. Disposent des dessus monoblocs<\/p>\n","protected":false},"featured_media":8463,"comment_status":"open","ping_status":"closed","template":"","meta":[],"product_brand":[],"product_cat":[226,227,237],"product_tag":[],"class_list":{"0":"post-8459","1":"product","2":"type-product","3":"status-publish","4":"has-post-thumbnail","6":"product_cat-cuisson","7":"product_cat-fourneaux","8":"product_cat-series-700-900","10":"first","11":"instock","12":"shipping-taxable","13":"product-type-simple"},"_links":{"self":[{"href":"https:\/\/www.rgequip.com\/index.php?rest_route=\/wp\/v2\/product\/8459","targetHints":{"allow":["GET"]}}],"collection":[{"href":"https:\/\/www.rgequip.com\/index.php?rest_route=\/wp\/v2\/product"}],"about":[{"href":"https:\/\/www.rgequip.com\/index.php?rest_route=\/wp\/v2\/types\/product"}],"replies":[{"embeddable":true,"href":"https:\/\/www.rgequip.com\/index.php?rest_route=%2Fwp%2Fv2%2Fcomments&post=8459"}],"version-history":[{"count":0,"href":"https:\/\/www.rgequip.com\/index.php?rest_route=\/wp\/v2\/product\/8459\/revisions"}],"wp:featuredmedia":[{"embeddable":true,"href":"https:\/\/www.rgequip.com\/index.php?rest_route=\/wp\/v2\/media\/8463"}],"wp:attachment":[{"href":"https:\/\/www.rgequip.com\/index.php?rest_route=%2Fwp%2Fv2%2Fmedia&parent=8459"}],"wp:term":[{"taxonomy":"product_brand","embeddable":true,"href":"https:\/\/www.rgequip.com\/index.php?rest_route=%2Fwp%2Fv2%2Fproduct_brand&post=8459"},{"taxonomy":"product_cat","embeddable":true,"href":"https:\/\/www.rgequip.com\/index.php?rest_route=%2Fwp%2Fv2%2Fproduct_cat&post=8459"},{"taxonomy":"product_tag","embeddable":true,"href":"https:\/\/www.rgequip.com\/index.php?rest_route=%2Fwp%2Fv2%2Fproduct_tag&post=8459"}],"curies":[{"name":"wp","href":"https:\/\/api.w.org\/{rel}","templated":true}]}}