{"id":8426,"date":"2019-09-10T10:43:11","date_gmt":"2019-09-10T08:43:11","guid":{"rendered":"https:\/\/www.rgequip.com\/?post_type=product&#038;p=8426"},"modified":"2019-09-10T11:37:05","modified_gmt":"2019-09-10T09:37:05","slug":"four-a-gaz-2-feux-16-kw","status":"publish","type":"product","link":"https:\/\/www.rgequip.com\/?product=four-a-gaz-2-feux-16-kw","title":{"rendered":"Gazini\u00e8re 2 Feux 16 KW"},"content":{"rendered":"<p>Chaque br\u00fbleur ouvert sur le dessus de la cuisini\u00e8re poss\u00e8de un\u00a0 dispositifs de s\u00e9curit\u00e9 en cas de d\u00e9faillance de la flamme.<br \/>\nCuisini\u00e8res et Plans d\u2019\u00e9bullition dot\u00e9s de tables de cuisson monoblocs de 2 mm \u00e0 emboutissage profond.<br \/>\nDes br\u00fbleurs en laiton particuli\u00e8rement puissants et sp\u00e9cialement con\u00e7us\u00a0 pour maximiser la puissance, la combustion et l&#8217;efficacit\u00e9.<br \/>\nLes br\u00fbleurs \u00e9quip\u00e9s de flammes pilotes pour une utilisation plus facile et plus rapide.<\/p>\n","protected":false},"excerpt":{"rendered":"<p>Chaque br\u00fbleur ouvert sur le dessus de la cuisini\u00e8re poss\u00e8de un\u00a0 dispositifs de s\u00e9curit\u00e9 en cas de d\u00e9faillance de la<\/p>\n","protected":false},"featured_media":8458,"comment_status":"open","ping_status":"closed","template":"","meta":[],"product_brand":[],"product_cat":[226,227,238],"product_tag":[],"class_list":{"0":"post-8426","1":"product","2":"type-product","3":"status-publish","4":"has-post-thumbnail","6":"product_cat-cuisson","7":"product_cat-fourneaux","8":"product_cat-series-600-650","10":"first","11":"instock","12":"shipping-taxable","13":"product-type-simple"},"_links":{"self":[{"href":"https:\/\/www.rgequip.com\/index.php?rest_route=\/wp\/v2\/product\/8426","targetHints":{"allow":["GET"]}}],"collection":[{"href":"https:\/\/www.rgequip.com\/index.php?rest_route=\/wp\/v2\/product"}],"about":[{"href":"https:\/\/www.rgequip.com\/index.php?rest_route=\/wp\/v2\/types\/product"}],"replies":[{"embeddable":true,"href":"https:\/\/www.rgequip.com\/index.php?rest_route=%2Fwp%2Fv2%2Fcomments&post=8426"}],"version-history":[{"count":1,"href":"https:\/\/www.rgequip.com\/index.php?rest_route=\/wp\/v2\/product\/8426\/revisions"}],"predecessor-version":[{"id":8462,"href":"https:\/\/www.rgequip.com\/index.php?rest_route=\/wp\/v2\/product\/8426\/revisions\/8462"}],"wp:featuredmedia":[{"embeddable":true,"href":"https:\/\/www.rgequip.com\/index.php?rest_route=\/wp\/v2\/media\/8458"}],"wp:attachment":[{"href":"https:\/\/www.rgequip.com\/index.php?rest_route=%2Fwp%2Fv2%2Fmedia&parent=8426"}],"wp:term":[{"taxonomy":"product_brand","embeddable":true,"href":"https:\/\/www.rgequip.com\/index.php?rest_route=%2Fwp%2Fv2%2Fproduct_brand&post=8426"},{"taxonomy":"product_cat","embeddable":true,"href":"https:\/\/www.rgequip.com\/index.php?rest_route=%2Fwp%2Fv2%2Fproduct_cat&post=8426"},{"taxonomy":"product_tag","embeddable":true,"href":"https:\/\/www.rgequip.com\/index.php?rest_route=%2Fwp%2Fv2%2Fproduct_tag&post=8426"}],"curies":[{"name":"wp","href":"https:\/\/api.w.org\/{rel}","templated":true}]}}