{"id":8424,"date":"2019-09-09T19:36:18","date_gmt":"2019-09-09T17:36:18","guid":{"rendered":"https:\/\/www.rgequip.com\/?post_type=product&#038;p=8424"},"modified":"2019-09-09T19:36:19","modified_gmt":"2019-09-09T17:36:19","slug":"grill-double-sur-pierre-de-lave","status":"publish","type":"product","link":"https:\/\/www.rgequip.com\/?product=grill-double-sur-pierre-de-lave","title":{"rendered":"Grill Double Sur Pierre de Lave"},"content":{"rendered":"<p>Grill pierre de lave gaz professionnel, r\u00e9alis\u00e9 en acier inox, et muni de grille de cuisson en fonte r\u00e9glable en hauteur.<br \/>\nCe grill pierre de lave gaz Pro permet une cuisson proche de celle du barbecue.<br \/>\nPermet la saisie de la viande avec les grilles au plus pr\u00e8s des pierres de lave<br \/>\nLes viandes sont remont\u00e9es pour finir la cuisson plus lentement.<br \/>\net appareil de cuisson modulaire 900 en r\u00e9f\u00e9renc\u00e9 en Largeur 400mm et 700mm.<\/p>\n","protected":false},"excerpt":{"rendered":"<p>Grill pierre de lave gaz professionnel, r\u00e9alis\u00e9 en acier inox, et muni de grille de cuisson en fonte r\u00e9glable en<\/p>\n","protected":false},"featured_media":8425,"comment_status":"open","ping_status":"closed","template":"","meta":[],"product_brand":[],"product_cat":[235,259],"product_tag":[],"class_list":{"0":"post-8424","1":"product","2":"type-product","3":"status-publish","4":"has-post-thumbnail","6":"product_cat-snacking","7":"product_cat-grill-panini","9":"first","10":"instock","11":"shipping-taxable","12":"product-type-simple"},"_links":{"self":[{"href":"https:\/\/www.rgequip.com\/index.php?rest_route=\/wp\/v2\/product\/8424","targetHints":{"allow":["GET"]}}],"collection":[{"href":"https:\/\/www.rgequip.com\/index.php?rest_route=\/wp\/v2\/product"}],"about":[{"href":"https:\/\/www.rgequip.com\/index.php?rest_route=\/wp\/v2\/types\/product"}],"replies":[{"embeddable":true,"href":"https:\/\/www.rgequip.com\/index.php?rest_route=%2Fwp%2Fv2%2Fcomments&post=8424"}],"version-history":[{"count":0,"href":"https:\/\/www.rgequip.com\/index.php?rest_route=\/wp\/v2\/product\/8424\/revisions"}],"wp:featuredmedia":[{"embeddable":true,"href":"https:\/\/www.rgequip.com\/index.php?rest_route=\/wp\/v2\/media\/8425"}],"wp:attachment":[{"href":"https:\/\/www.rgequip.com\/index.php?rest_route=%2Fwp%2Fv2%2Fmedia&parent=8424"}],"wp:term":[{"taxonomy":"product_brand","embeddable":true,"href":"https:\/\/www.rgequip.com\/index.php?rest_route=%2Fwp%2Fv2%2Fproduct_brand&post=8424"},{"taxonomy":"product_cat","embeddable":true,"href":"https:\/\/www.rgequip.com\/index.php?rest_route=%2Fwp%2Fv2%2Fproduct_cat&post=8424"},{"taxonomy":"product_tag","embeddable":true,"href":"https:\/\/www.rgequip.com\/index.php?rest_route=%2Fwp%2Fv2%2Fproduct_tag&post=8424"}],"curies":[{"name":"wp","href":"https:\/\/api.w.org\/{rel}","templated":true}]}}