{"id":8417,"date":"2019-09-09T19:09:39","date_gmt":"2019-09-09T17:09:39","guid":{"rendered":"https:\/\/www.rgequip.com\/?post_type=product&#038;p=8417"},"modified":"2019-09-10T11:35:10","modified_gmt":"2019-09-10T09:35:10","slug":"eplucheur-de-pomme-de-terre-30kg","status":"publish","type":"product","link":"https:\/\/www.rgequip.com\/?product=eplucheur-de-pomme-de-terre-30kg","title":{"rendered":"\u00c9plucheur de Pomme de Terre 30KG"},"content":{"rendered":"<p class=\"product_title entry-title\">\u00c9plucheur de pommes de terre (disque en aluminium) (30 kg)<br \/>\nLa machine enti\u00e8re est en acier inoxydable.<br \/>\nMod\u00e8le triphas\u00e9.<br \/>\nSurfaces de peeling durables recouvertes de carbure de silicium.<br \/>\nLa machine s&#8217;arr\u00eate automatiquement une fois le d\u00e9lai d\u00e9fini \u00e9coul\u00e9.<br \/>\nConforme aux normes HACCP.<br \/>\nLe moteur est prot\u00e9g\u00e9 thermiquement.<br \/>\nSyst\u00e8me de d\u00e9chargement de la couverture avant.<br \/>\n\u00c9pluche et lave automatiquement les pommes de terre.<\/p>\n","protected":false},"excerpt":{"rendered":"<p>\u00c9plucheur de pommes de terre (disque en aluminium) (30 kg) La machine enti\u00e8re est en acier inoxydable. Mod\u00e8le triphas\u00e9. Surfaces<\/p>\n","protected":false},"featured_media":8466,"comment_status":"open","ping_status":"closed","template":"","meta":[],"product_brand":[],"product_cat":[337,365,344],"product_tag":[],"class_list":{"0":"post-8417","1":"product","2":"type-product","3":"status-publish","4":"has-post-thumbnail","6":"product_cat-preparation","7":"product_cat-eplucheurs-de-pommes","8":"product_cat-travail-des-legumes","10":"first","11":"instock","12":"shipping-taxable","13":"product-type-simple"},"_links":{"self":[{"href":"https:\/\/www.rgequip.com\/index.php?rest_route=\/wp\/v2\/product\/8417","targetHints":{"allow":["GET"]}}],"collection":[{"href":"https:\/\/www.rgequip.com\/index.php?rest_route=\/wp\/v2\/product"}],"about":[{"href":"https:\/\/www.rgequip.com\/index.php?rest_route=\/wp\/v2\/types\/product"}],"replies":[{"embeddable":true,"href":"https:\/\/www.rgequip.com\/index.php?rest_route=%2Fwp%2Fv2%2Fcomments&post=8417"}],"version-history":[{"count":1,"href":"https:\/\/www.rgequip.com\/index.php?rest_route=\/wp\/v2\/product\/8417\/revisions"}],"predecessor-version":[{"id":8468,"href":"https:\/\/www.rgequip.com\/index.php?rest_route=\/wp\/v2\/product\/8417\/revisions\/8468"}],"wp:featuredmedia":[{"embeddable":true,"href":"https:\/\/www.rgequip.com\/index.php?rest_route=\/wp\/v2\/media\/8466"}],"wp:attachment":[{"href":"https:\/\/www.rgequip.com\/index.php?rest_route=%2Fwp%2Fv2%2Fmedia&parent=8417"}],"wp:term":[{"taxonomy":"product_brand","embeddable":true,"href":"https:\/\/www.rgequip.com\/index.php?rest_route=%2Fwp%2Fv2%2Fproduct_brand&post=8417"},{"taxonomy":"product_cat","embeddable":true,"href":"https:\/\/www.rgequip.com\/index.php?rest_route=%2Fwp%2Fv2%2Fproduct_cat&post=8417"},{"taxonomy":"product_tag","embeddable":true,"href":"https:\/\/www.rgequip.com\/index.php?rest_route=%2Fwp%2Fv2%2Fproduct_tag&post=8417"}],"curies":[{"name":"wp","href":"https:\/\/api.w.org\/{rel}","templated":true}]}}