{"id":8413,"date":"2019-09-09T19:05:24","date_gmt":"2019-09-09T17:05:24","guid":{"rendered":"https:\/\/www.rgequip.com\/?post_type=product&#038;p=8413"},"modified":"2019-09-10T11:35:59","modified_gmt":"2019-09-10T09:35:59","slug":"eplucheur-de-pomme-de-terre-15-kg","status":"publish","type":"product","link":"https:\/\/www.rgequip.com\/?product=eplucheur-de-pomme-de-terre-15-kg","title":{"rendered":"\u00c9plucheur de Pomme de Terre 15 kg"},"content":{"rendered":"<p class=\"product_title entry-title\">\u00c9plucheur de pommes de terre (disque en aluminium) (15-20 kg)<br \/>\n&#8211; Corps compl\u00e8tement inoxydable.<br \/>\n&#8211; Fonction d&#8217;arr\u00eat automatique lorsque la minuterie expire avec une minuterie de 3 minutes.<br \/>\n&#8211; Panneau de configuration des boutons.<\/p>\n","protected":false},"excerpt":{"rendered":"<p>\u00c9plucheur de pommes de terre (disque en aluminium) (15-20 kg) &#8211; Corps compl\u00e8tement inoxydable. &#8211; Fonction d&#8217;arr\u00eat automatique lorsque la<\/p>\n","protected":false},"featured_media":8416,"comment_status":"open","ping_status":"closed","template":"","meta":[],"product_brand":[],"product_cat":[337,340,365,344],"product_tag":[],"class_list":{"0":"post-8413","1":"product","2":"type-product","3":"status-publish","4":"has-post-thumbnail","6":"product_cat-preparation","7":"product_cat-accessoires-preparation","8":"product_cat-eplucheurs-de-pommes","9":"product_cat-travail-des-legumes","11":"first","12":"instock","13":"shipping-taxable","14":"product-type-simple"},"_links":{"self":[{"href":"https:\/\/www.rgequip.com\/index.php?rest_route=\/wp\/v2\/product\/8413","targetHints":{"allow":["GET"]}}],"collection":[{"href":"https:\/\/www.rgequip.com\/index.php?rest_route=\/wp\/v2\/product"}],"about":[{"href":"https:\/\/www.rgequip.com\/index.php?rest_route=\/wp\/v2\/types\/product"}],"replies":[{"embeddable":true,"href":"https:\/\/www.rgequip.com\/index.php?rest_route=%2Fwp%2Fv2%2Fcomments&post=8413"}],"version-history":[{"count":1,"href":"https:\/\/www.rgequip.com\/index.php?rest_route=\/wp\/v2\/product\/8413\/revisions"}],"predecessor-version":[{"id":8467,"href":"https:\/\/www.rgequip.com\/index.php?rest_route=\/wp\/v2\/product\/8413\/revisions\/8467"}],"wp:featuredmedia":[{"embeddable":true,"href":"https:\/\/www.rgequip.com\/index.php?rest_route=\/wp\/v2\/media\/8416"}],"wp:attachment":[{"href":"https:\/\/www.rgequip.com\/index.php?rest_route=%2Fwp%2Fv2%2Fmedia&parent=8413"}],"wp:term":[{"taxonomy":"product_brand","embeddable":true,"href":"https:\/\/www.rgequip.com\/index.php?rest_route=%2Fwp%2Fv2%2Fproduct_brand&post=8413"},{"taxonomy":"product_cat","embeddable":true,"href":"https:\/\/www.rgequip.com\/index.php?rest_route=%2Fwp%2Fv2%2Fproduct_cat&post=8413"},{"taxonomy":"product_tag","embeddable":true,"href":"https:\/\/www.rgequip.com\/index.php?rest_route=%2Fwp%2Fv2%2Fproduct_tag&post=8413"}],"curies":[{"name":"wp","href":"https:\/\/api.w.org\/{rel}","templated":true}]}}