{"id":8411,"date":"2019-09-09T18:52:45","date_gmt":"2019-09-09T16:52:45","guid":{"rendered":"https:\/\/www.rgequip.com\/?post_type=product&#038;p=8411"},"modified":"2019-09-09T18:52:45","modified_gmt":"2019-09-09T16:52:45","slug":"coupe-legumes-avec-support","status":"publish","type":"product","link":"https:\/\/www.rgequip.com\/?product=coupe-legumes-avec-support","title":{"rendered":"Coupe L\u00e9gumes Avec Support"},"content":{"rendered":"<p><span>Disques d&#8217;un diam\u00e8tre de 210 mm.<\/span><br \/>\n<span>&#8211; Deux trous d\u2019entr\u00e9e diff\u00e9rents.\u00a0Trou pour poussoir pour mat\u00e9riaux larges, cylindre avec pilon en mat\u00e9riaux fins.<\/span><br \/>\n<span>&#8211; Mat\u00e9riau largeur du trou poussoir 79mm, longueur 134mm.<\/span><br \/>\n<span>&#8211; Diam\u00e8tre d&#8217;al\u00e9sage du cylindre d&#8217;alimentation du mat\u00e9riau 65mm, hauteur 130mm.<\/span><br \/>\n<span>&#8211; Enti\u00e8rement en acier inoxydable AISI 304.<\/span><br \/>\n<span>&#8211; Disques sur machine standard: Disque \u00e0 r\u00e2per 3mm, Disque \u00e0 r\u00e2per 7mm, Disque \u00e0 trancher 5mm, Disque \u00e0 trancher 10mm, Bar Cut 5x5mm<\/span><br \/>\n<span>&#8211; Stop-start automatique.\u00a0La machine d\u00e9marre automatiquement lorsque le trou d\u2019alimentation large est ferm\u00e9.<\/span><br \/>\n<span>&#8211; Disques en option achet\u00e9s s\u00e9par\u00e9ment: disque \u00e0 r\u00e2per 4 mm, disque \u00e0 trancher 2 mm, coupe au tronc 10 \u00d7 10 mm, coupe au cube 10 \u00d7 10 mm *, coupe au cube 20 \u00d7 20 mm *.<\/span><br \/>\n<span>&#8211; Une table basse peut \u00eatre achet\u00e9e sur demande.\u00a0Les trous du support de disque sont disponibles sur le support.\u00a0(Mod\u00e8le SEB 210H)<\/span><\/p>\n","protected":false},"excerpt":{"rendered":"<p>Disques d&#8217;un diam\u00e8tre de 210 mm. &#8211; Deux trous d\u2019entr\u00e9e diff\u00e9rents.\u00a0Trou pour poussoir pour mat\u00e9riaux larges, cylindre avec pilon en<\/p>\n","protected":false},"featured_media":8412,"comment_status":"open","ping_status":"closed","template":"","meta":[],"product_brand":[],"product_cat":[337,349,339],"product_tag":[],"class_list":{"0":"post-8411","1":"product","2":"type-product","3":"status-publish","4":"has-post-thumbnail","6":"product_cat-preparation","7":"product_cat-coupe-legumes","8":"product_cat-robots-coupe","10":"first","11":"instock","12":"shipping-taxable","13":"product-type-simple"},"_links":{"self":[{"href":"https:\/\/www.rgequip.com\/index.php?rest_route=\/wp\/v2\/product\/8411","targetHints":{"allow":["GET"]}}],"collection":[{"href":"https:\/\/www.rgequip.com\/index.php?rest_route=\/wp\/v2\/product"}],"about":[{"href":"https:\/\/www.rgequip.com\/index.php?rest_route=\/wp\/v2\/types\/product"}],"replies":[{"embeddable":true,"href":"https:\/\/www.rgequip.com\/index.php?rest_route=%2Fwp%2Fv2%2Fcomments&post=8411"}],"version-history":[{"count":0,"href":"https:\/\/www.rgequip.com\/index.php?rest_route=\/wp\/v2\/product\/8411\/revisions"}],"wp:featuredmedia":[{"embeddable":true,"href":"https:\/\/www.rgequip.com\/index.php?rest_route=\/wp\/v2\/media\/8412"}],"wp:attachment":[{"href":"https:\/\/www.rgequip.com\/index.php?rest_route=%2Fwp%2Fv2%2Fmedia&parent=8411"}],"wp:term":[{"taxonomy":"product_brand","embeddable":true,"href":"https:\/\/www.rgequip.com\/index.php?rest_route=%2Fwp%2Fv2%2Fproduct_brand&post=8411"},{"taxonomy":"product_cat","embeddable":true,"href":"https:\/\/www.rgequip.com\/index.php?rest_route=%2Fwp%2Fv2%2Fproduct_cat&post=8411"},{"taxonomy":"product_tag","embeddable":true,"href":"https:\/\/www.rgequip.com\/index.php?rest_route=%2Fwp%2Fv2%2Fproduct_tag&post=8411"}],"curies":[{"name":"wp","href":"https:\/\/api.w.org\/{rel}","templated":true}]}}