{"id":8408,"date":"2019-09-09T18:45:15","date_gmt":"2019-09-09T16:45:15","guid":{"rendered":"https:\/\/www.rgequip.com\/?post_type=product&#038;p=8408"},"modified":"2019-10-14T15:40:18","modified_gmt":"2019-10-14T13:40:18","slug":"bain-marie-electronique","status":"publish","type":"product","link":"https:\/\/www.rgequip.com\/?product=bain-marie-electronique","title":{"rendered":"Bain Marie Electrique"},"content":{"rendered":"<p>Corps de l&#8217;appareil \u00e9lectrique se constitue d&#8217;une plaque de pierre en acier inoxydable 18\/8 Cr-N\u0130<br \/>\nLes autres parties internes d&#8217;une plaque d&#8217;aluminium.<br \/>\nLes dimensions du bassin conviennent au placement de la plaque GN.<br \/>\nIl existe un thermostat 0-110 \u00b0 C \u00e0 plusieurs \u00e9tages\u00a0 prot\u00e9g\u00e9 contre les \u00e9chauffements excessifs.<br \/>\nVanne de purge avec syst\u00e8me de s\u00e9curit\u00e9 sous le panneau avant Puissance<\/p>\n","protected":false},"excerpt":{"rendered":"<p>Corps de l&#8217;appareil \u00e9lectrique se constitue d&#8217;une plaque de pierre en acier inoxydable 18\/8 Cr-N\u0130 Les autres parties internes d&#8217;une<\/p>\n","protected":false},"featured_media":11095,"comment_status":"open","ping_status":"closed","template":"","meta":[],"product_brand":[],"product_cat":[313,301],"product_tag":[],"class_list":{"0":"post-8408","1":"product","2":"type-product","3":"status-publish","4":"has-post-thumbnail","6":"product_cat-maintien-chaud","7":"product_cat-bain-marie","9":"first","10":"instock","11":"shipping-taxable","12":"product-type-simple"},"_links":{"self":[{"href":"https:\/\/www.rgequip.com\/index.php?rest_route=\/wp\/v2\/product\/8408","targetHints":{"allow":["GET"]}}],"collection":[{"href":"https:\/\/www.rgequip.com\/index.php?rest_route=\/wp\/v2\/product"}],"about":[{"href":"https:\/\/www.rgequip.com\/index.php?rest_route=\/wp\/v2\/types\/product"}],"replies":[{"embeddable":true,"href":"https:\/\/www.rgequip.com\/index.php?rest_route=%2Fwp%2Fv2%2Fcomments&post=8408"}],"version-history":[{"count":0,"href":"https:\/\/www.rgequip.com\/index.php?rest_route=\/wp\/v2\/product\/8408\/revisions"}],"wp:featuredmedia":[{"embeddable":true,"href":"https:\/\/www.rgequip.com\/index.php?rest_route=\/wp\/v2\/media\/11095"}],"wp:attachment":[{"href":"https:\/\/www.rgequip.com\/index.php?rest_route=%2Fwp%2Fv2%2Fmedia&parent=8408"}],"wp:term":[{"taxonomy":"product_brand","embeddable":true,"href":"https:\/\/www.rgequip.com\/index.php?rest_route=%2Fwp%2Fv2%2Fproduct_brand&post=8408"},{"taxonomy":"product_cat","embeddable":true,"href":"https:\/\/www.rgequip.com\/index.php?rest_route=%2Fwp%2Fv2%2Fproduct_cat&post=8408"},{"taxonomy":"product_tag","embeddable":true,"href":"https:\/\/www.rgequip.com\/index.php?rest_route=%2Fwp%2Fv2%2Fproduct_tag&post=8408"}],"curies":[{"name":"wp","href":"https:\/\/api.w.org\/{rel}","templated":true}]}}