{"id":8402,"date":"2019-09-09T18:07:10","date_gmt":"2019-09-09T16:07:10","guid":{"rendered":"https:\/\/www.rgequip.com\/?post_type=product&#038;p=8402"},"modified":"2019-09-09T18:07:10","modified_gmt":"2019-09-09T16:07:10","slug":"fourneau-4-feux-electrique","status":"publish","type":"product","link":"https:\/\/www.rgequip.com\/?product=fourneau-4-feux-electrique","title":{"rendered":"Fourneau 4 Feux Electrique"},"content":{"rendered":"<p>Ce fourneau \u00e9lectrique poss\u00e8de un four \u00e0 convection en acier inox chauff\u00e9 par 3 r\u00e9sistances circulaires permettant une cuisson homog\u00e8ne des aliments.<br \/>\nLa temp\u00e9rature se r\u00e9gule par thermostat allant de 100\u00b0C \u00e0 300\u00b0C.<br \/>\nId\u00e9al pour les restaurants, les cuisines de collectivit\u00e9s.<br \/>\nCe four \u00e0 convection poss\u00e8de des plaques de cuissons en fontes ind\u00e9pendantes d&#8217;un diam\u00e8tre de 180 mm.<br \/>\nCe\u00a0fourneau plaques + four \u00e9lectrique\u00a0peut recevoir des plats gastronormes 2\/3 ou 1\/1 selon le mod\u00e8le choisi.<\/p>\n","protected":false},"excerpt":{"rendered":"<p>Ce fourneau \u00e9lectrique poss\u00e8de un four \u00e0 convection en acier inox chauff\u00e9 par 3 r\u00e9sistances circulaires permettant une cuisson homog\u00e8ne<\/p>\n","protected":false},"featured_media":8405,"comment_status":"open","ping_status":"closed","template":"","meta":[],"product_brand":[],"product_cat":[226,227,238],"product_tag":[],"class_list":{"0":"post-8402","1":"product","2":"type-product","3":"status-publish","4":"has-post-thumbnail","6":"product_cat-cuisson","7":"product_cat-fourneaux","8":"product_cat-series-600-650","10":"first","11":"instock","12":"shipping-taxable","13":"product-type-simple"},"_links":{"self":[{"href":"https:\/\/www.rgequip.com\/index.php?rest_route=\/wp\/v2\/product\/8402","targetHints":{"allow":["GET"]}}],"collection":[{"href":"https:\/\/www.rgequip.com\/index.php?rest_route=\/wp\/v2\/product"}],"about":[{"href":"https:\/\/www.rgequip.com\/index.php?rest_route=\/wp\/v2\/types\/product"}],"replies":[{"embeddable":true,"href":"https:\/\/www.rgequip.com\/index.php?rest_route=%2Fwp%2Fv2%2Fcomments&post=8402"}],"version-history":[{"count":0,"href":"https:\/\/www.rgequip.com\/index.php?rest_route=\/wp\/v2\/product\/8402\/revisions"}],"wp:featuredmedia":[{"embeddable":true,"href":"https:\/\/www.rgequip.com\/index.php?rest_route=\/wp\/v2\/media\/8405"}],"wp:attachment":[{"href":"https:\/\/www.rgequip.com\/index.php?rest_route=%2Fwp%2Fv2%2Fmedia&parent=8402"}],"wp:term":[{"taxonomy":"product_brand","embeddable":true,"href":"https:\/\/www.rgequip.com\/index.php?rest_route=%2Fwp%2Fv2%2Fproduct_brand&post=8402"},{"taxonomy":"product_cat","embeddable":true,"href":"https:\/\/www.rgequip.com\/index.php?rest_route=%2Fwp%2Fv2%2Fproduct_cat&post=8402"},{"taxonomy":"product_tag","embeddable":true,"href":"https:\/\/www.rgequip.com\/index.php?rest_route=%2Fwp%2Fv2%2Fproduct_tag&post=8402"}],"curies":[{"name":"wp","href":"https:\/\/api.w.org\/{rel}","templated":true}]}}