{"id":8392,"date":"2019-09-09T16:19:37","date_gmt":"2019-09-09T14:19:37","guid":{"rendered":"https:\/\/www.rgequip.com\/?post_type=product&#038;p=8392"},"modified":"2019-09-10T11:14:37","modified_gmt":"2019-09-10T09:14:37","slug":"grill-double-a-gaz","status":"publish","type":"product","link":"https:\/\/www.rgequip.com\/?product=grill-double-a-gaz","title":{"rendered":"Grill Double \u00e0  Gaz"},"content":{"rendered":"<p>Corps en acier inoxydable<\/p>\n<p>Les mod\u00e8les de 80 cm ont une double zone de cuisson ind\u00e9pendante.<\/p>\n<p>Ajustement du thermostat de 50-300 \u00baC.<\/p>\n<p>R\u00e9partition \u00e9gale de la temp\u00e9rature dans la surface de cuisson<\/p>\n<p>Avec tiroir \u00e0 graisse amovible.<\/p>\n<p>&nbsp;<\/p>\n","protected":false},"excerpt":{"rendered":"<p>Corps en acier inoxydable Les mod\u00e8les de 80 cm ont une double zone de cuisson ind\u00e9pendante. Ajustement du thermostat de<\/p>\n","protected":false},"featured_media":8460,"comment_status":"open","ping_status":"closed","template":"","meta":[],"product_brand":[],"product_cat":[235,259,262],"product_tag":[],"class_list":{"0":"post-8392","1":"product","2":"type-product","3":"status-publish","4":"has-post-thumbnail","6":"product_cat-snacking","7":"product_cat-grill-panini","8":"product_cat-wok","10":"first","11":"instock","12":"shipping-taxable","13":"product-type-simple"},"_links":{"self":[{"href":"https:\/\/www.rgequip.com\/index.php?rest_route=\/wp\/v2\/product\/8392","targetHints":{"allow":["GET"]}}],"collection":[{"href":"https:\/\/www.rgequip.com\/index.php?rest_route=\/wp\/v2\/product"}],"about":[{"href":"https:\/\/www.rgequip.com\/index.php?rest_route=\/wp\/v2\/types\/product"}],"replies":[{"embeddable":true,"href":"https:\/\/www.rgequip.com\/index.php?rest_route=%2Fwp%2Fv2%2Fcomments&post=8392"}],"version-history":[{"count":2,"href":"https:\/\/www.rgequip.com\/index.php?rest_route=\/wp\/v2\/product\/8392\/revisions"}],"predecessor-version":[{"id":8461,"href":"https:\/\/www.rgequip.com\/index.php?rest_route=\/wp\/v2\/product\/8392\/revisions\/8461"}],"wp:featuredmedia":[{"embeddable":true,"href":"https:\/\/www.rgequip.com\/index.php?rest_route=\/wp\/v2\/media\/8460"}],"wp:attachment":[{"href":"https:\/\/www.rgequip.com\/index.php?rest_route=%2Fwp%2Fv2%2Fmedia&parent=8392"}],"wp:term":[{"taxonomy":"product_brand","embeddable":true,"href":"https:\/\/www.rgequip.com\/index.php?rest_route=%2Fwp%2Fv2%2Fproduct_brand&post=8392"},{"taxonomy":"product_cat","embeddable":true,"href":"https:\/\/www.rgequip.com\/index.php?rest_route=%2Fwp%2Fv2%2Fproduct_cat&post=8392"},{"taxonomy":"product_tag","embeddable":true,"href":"https:\/\/www.rgequip.com\/index.php?rest_route=%2Fwp%2Fv2%2Fproduct_tag&post=8392"}],"curies":[{"name":"wp","href":"https:\/\/api.w.org\/{rel}","templated":true}]}}