{"id":8384,"date":"2019-09-09T16:03:48","date_gmt":"2019-09-09T14:03:48","guid":{"rendered":"https:\/\/www.rgequip.com\/?post_type=product&#038;p=8384"},"modified":"2019-09-09T16:03:49","modified_gmt":"2019-09-09T14:03:49","slug":"friteuse-electrique-10-l2","status":"publish","type":"product","link":"https:\/\/www.rgequip.com\/?product=friteuse-electrique-10-l2","title":{"rendered":"Friteuse Electrique 10 L*2"},"content":{"rendered":"<div>&#8211; La chambre de la friteuse est presse monobloc et les coins sont arrondis. Les coins arrondis facilitent le nettoyage et l&#8217;hygi\u00e8ne.<\/div>\n<div>&#8211;\u00a0 La capacit\u00e9 de la tr\u00e9mie est de 7 litres.<\/div>\n<div>&#8211; Une forme de r\u00e9duction sp\u00e9ciale du c\u00f4t\u00e9 utilisateur de la tr\u00e9mie emp\u00eache les d\u00e9bordements. La chambre de la friteuse est soud\u00e9e \u00e0 la table sup\u00e9rieure avec une machine \u00e0 souder les soudures afin que les marques de soudure ne soient pas visibles.<\/div>\n<div>&#8211; Structure durable gr\u00e2ce au corps en acier inoxydable.<\/div>\n<div>&#8211; La temp\u00e9rature de l&#8217;huile dans la piscine peut \u00eatre ajust\u00e9e jusqu&#8217;\u00e0 190 degr\u00e9s au moyen d&#8217;un thermostat. Un thermostat de s\u00e9curit\u00e9 est disponible pour emp\u00eacher l&#8217;huile de surchauffer.<\/div>\n<div>&#8211; Il y a un grand panier dans chaque conteneur en standard.<\/div>\n<div>&#8211; Gr\u00e2ce \u00e0 la vanne de vidange plac\u00e9e sous la piscine d&#8217;huile, une vidange d&#8217;huile simple et s\u00fbre est fournie.<\/div>\n<div>&#8211; Dans les friteuses \u00e9lectriques, le chauffage sp\u00e9cialement con\u00e7u pour la piscine peut pivoter autour de lui. Ainsi, il fournit une temp\u00e9rature d&#8217;huile pratique et un nettoyage facile.<\/div>\n<div>&#8211; Gr\u00e2ce \u00e0 des chauffages en acier inoxydable et \u00e0 faible densit\u00e9 de puissance, l&#8217;huile est utilis\u00e9e pendant longtemps.<\/div>\n","protected":false},"excerpt":{"rendered":"<p>&#8211; La chambre de la friteuse est presse monobloc et les coins sont arrondis. Les coins arrondis facilitent le nettoyage<\/p>\n","protected":false},"featured_media":8391,"comment_status":"open","ping_status":"closed","template":"","meta":[],"product_brand":[],"product_cat":[226,256,233],"product_tag":[],"class_list":{"0":"post-8384","1":"product","2":"type-product","3":"status-publish","4":"has-post-thumbnail","6":"product_cat-cuisson","7":"product_cat-f-electrique","8":"product_cat-friteuses","10":"first","11":"instock","12":"shipping-taxable","13":"product-type-simple"},"_links":{"self":[{"href":"https:\/\/www.rgequip.com\/index.php?rest_route=\/wp\/v2\/product\/8384","targetHints":{"allow":["GET"]}}],"collection":[{"href":"https:\/\/www.rgequip.com\/index.php?rest_route=\/wp\/v2\/product"}],"about":[{"href":"https:\/\/www.rgequip.com\/index.php?rest_route=\/wp\/v2\/types\/product"}],"replies":[{"embeddable":true,"href":"https:\/\/www.rgequip.com\/index.php?rest_route=%2Fwp%2Fv2%2Fcomments&post=8384"}],"version-history":[{"count":0,"href":"https:\/\/www.rgequip.com\/index.php?rest_route=\/wp\/v2\/product\/8384\/revisions"}],"wp:featuredmedia":[{"embeddable":true,"href":"https:\/\/www.rgequip.com\/index.php?rest_route=\/wp\/v2\/media\/8391"}],"wp:attachment":[{"href":"https:\/\/www.rgequip.com\/index.php?rest_route=%2Fwp%2Fv2%2Fmedia&parent=8384"}],"wp:term":[{"taxonomy":"product_brand","embeddable":true,"href":"https:\/\/www.rgequip.com\/index.php?rest_route=%2Fwp%2Fv2%2Fproduct_brand&post=8384"},{"taxonomy":"product_cat","embeddable":true,"href":"https:\/\/www.rgequip.com\/index.php?rest_route=%2Fwp%2Fv2%2Fproduct_cat&post=8384"},{"taxonomy":"product_tag","embeddable":true,"href":"https:\/\/www.rgequip.com\/index.php?rest_route=%2Fwp%2Fv2%2Fproduct_tag&post=8384"}],"curies":[{"name":"wp","href":"https:\/\/api.w.org\/{rel}","templated":true}]}}