{"id":8241,"date":"2019-09-06T17:21:13","date_gmt":"2019-09-06T15:21:13","guid":{"rendered":"https:\/\/www.rgequip.com\/?post_type=product&#038;p=8241"},"modified":"2019-09-23T16:58:18","modified_gmt":"2019-09-23T14:58:18","slug":"table-murale-de-travail","status":"publish","type":"product","link":"https:\/\/www.rgequip.com\/?product=table-murale-de-travail","title":{"rendered":"Table murale de travail 1800*700*850"},"content":{"rendered":"<p>Construction en acier inoxydable.<br \/>\nD\u00e9montable<br \/>\nL&#8217;\u00e9paisseur de la surface sup\u00e9rieure: 40 mm, avec le dos de 60 mm<br \/>\nJambes en acier tubulaires 40&#215;40 *<br \/>\n\u00c9tag\u00e8re inf\u00e9rieure en acier inoxydable *<br \/>\nJambes r\u00e9glables<\/p>\n","protected":false},"excerpt":{"rendered":"<p>Construction en acier inoxydable. D\u00e9montable L&#8217;\u00e9paisseur de la surface sup\u00e9rieure: 40 mm, avec le dos de 60 mm Jambes en<\/p>\n","protected":false},"featured_media":8242,"comment_status":"open","ping_status":"closed","template":"","meta":[],"product_brand":[],"product_cat":[406,411],"product_tag":[],"class_list":{"0":"post-8241","1":"product","2":"type-product","3":"status-publish","4":"has-post-thumbnail","6":"product_cat-autres-inox","7":"product_cat-tables-inox","9":"first","10":"instock","11":"shipping-taxable","12":"product-type-simple"},"_links":{"self":[{"href":"https:\/\/www.rgequip.com\/index.php?rest_route=\/wp\/v2\/product\/8241","targetHints":{"allow":["GET"]}}],"collection":[{"href":"https:\/\/www.rgequip.com\/index.php?rest_route=\/wp\/v2\/product"}],"about":[{"href":"https:\/\/www.rgequip.com\/index.php?rest_route=\/wp\/v2\/types\/product"}],"replies":[{"embeddable":true,"href":"https:\/\/www.rgequip.com\/index.php?rest_route=%2Fwp%2Fv2%2Fcomments&post=8241"}],"version-history":[{"count":1,"href":"https:\/\/www.rgequip.com\/index.php?rest_route=\/wp\/v2\/product\/8241\/revisions"}],"predecessor-version":[{"id":9126,"href":"https:\/\/www.rgequip.com\/index.php?rest_route=\/wp\/v2\/product\/8241\/revisions\/9126"}],"wp:featuredmedia":[{"embeddable":true,"href":"https:\/\/www.rgequip.com\/index.php?rest_route=\/wp\/v2\/media\/8242"}],"wp:attachment":[{"href":"https:\/\/www.rgequip.com\/index.php?rest_route=%2Fwp%2Fv2%2Fmedia&parent=8241"}],"wp:term":[{"taxonomy":"product_brand","embeddable":true,"href":"https:\/\/www.rgequip.com\/index.php?rest_route=%2Fwp%2Fv2%2Fproduct_brand&post=8241"},{"taxonomy":"product_cat","embeddable":true,"href":"https:\/\/www.rgequip.com\/index.php?rest_route=%2Fwp%2Fv2%2Fproduct_cat&post=8241"},{"taxonomy":"product_tag","embeddable":true,"href":"https:\/\/www.rgequip.com\/index.php?rest_route=%2Fwp%2Fv2%2Fproduct_tag&post=8241"}],"curies":[{"name":"wp","href":"https:\/\/api.w.org\/{rel}","templated":true}]}}