{"id":8236,"date":"2019-09-06T17:05:07","date_gmt":"2019-09-06T15:05:07","guid":{"rendered":"https:\/\/www.rgequip.com\/?post_type=product&#038;p=8236"},"modified":"2019-10-17T17:25:37","modified_gmt":"2019-10-17T15:25:37","slug":"table-centrale-de-travail","status":"publish","type":"product","link":"https:\/\/www.rgequip.com\/?product=table-centrale-de-travail","title":{"rendered":"Table Centrale De Travail 1400*700*850"},"content":{"rendered":"<p>Version centrale<br \/>\nConstruction en acier inoxydable.\u00a0*<br \/>\nL&#8217;\u00e9paisseur de la surface sup\u00e9rieure: 40 mm, avec le dos de 60 mm *<br \/>\nJambes en acier tubulaires 40&#215;40 *<br \/>\n\u00c9tag\u00e8re inf\u00e9rieure en acier inoxydable * Jambes r\u00e9glables<\/p>\n<p>&nbsp;<\/p>\n","protected":false},"excerpt":{"rendered":"<p>Version centrale Construction en acier inoxydable.\u00a0* L&#8217;\u00e9paisseur de la surface sup\u00e9rieure: 40 mm, avec le dos de 60 mm *<\/p>\n","protected":false},"featured_media":11257,"comment_status":"open","ping_status":"closed","template":"","meta":[],"product_brand":[],"product_cat":[406,411],"product_tag":[],"class_list":{"0":"post-8236","1":"product","2":"type-product","3":"status-publish","4":"has-post-thumbnail","6":"product_cat-autres-inox","7":"product_cat-tables-inox","9":"first","10":"instock","11":"shipping-taxable","12":"product-type-simple"},"_links":{"self":[{"href":"https:\/\/www.rgequip.com\/index.php?rest_route=\/wp\/v2\/product\/8236","targetHints":{"allow":["GET"]}}],"collection":[{"href":"https:\/\/www.rgequip.com\/index.php?rest_route=\/wp\/v2\/product"}],"about":[{"href":"https:\/\/www.rgequip.com\/index.php?rest_route=\/wp\/v2\/types\/product"}],"replies":[{"embeddable":true,"href":"https:\/\/www.rgequip.com\/index.php?rest_route=%2Fwp%2Fv2%2Fcomments&post=8236"}],"version-history":[{"count":1,"href":"https:\/\/www.rgequip.com\/index.php?rest_route=\/wp\/v2\/product\/8236\/revisions"}],"predecessor-version":[{"id":9123,"href":"https:\/\/www.rgequip.com\/index.php?rest_route=\/wp\/v2\/product\/8236\/revisions\/9123"}],"wp:featuredmedia":[{"embeddable":true,"href":"https:\/\/www.rgequip.com\/index.php?rest_route=\/wp\/v2\/media\/11257"}],"wp:attachment":[{"href":"https:\/\/www.rgequip.com\/index.php?rest_route=%2Fwp%2Fv2%2Fmedia&parent=8236"}],"wp:term":[{"taxonomy":"product_brand","embeddable":true,"href":"https:\/\/www.rgequip.com\/index.php?rest_route=%2Fwp%2Fv2%2Fproduct_brand&post=8236"},{"taxonomy":"product_cat","embeddable":true,"href":"https:\/\/www.rgequip.com\/index.php?rest_route=%2Fwp%2Fv2%2Fproduct_cat&post=8236"},{"taxonomy":"product_tag","embeddable":true,"href":"https:\/\/www.rgequip.com\/index.php?rest_route=%2Fwp%2Fv2%2Fproduct_tag&post=8236"}],"curies":[{"name":"wp","href":"https:\/\/api.w.org\/{rel}","templated":true}]}}