{"id":8228,"date":"2019-09-06T16:55:58","date_gmt":"2019-09-06T14:55:58","guid":{"rendered":"https:\/\/www.rgequip.com\/?post_type=product&#038;p=8228"},"modified":"2019-09-06T16:55:58","modified_gmt":"2019-09-06T14:55:58","slug":"salamandre-electrique-2","status":"publish","type":"product","link":"https:\/\/www.rgequip.com\/?product=salamandre-electrique-2","title":{"rendered":"Salamandre Electrique"},"content":{"rendered":"<p>Le corps d&#8217;acier inoxydable avec chauffage sup\u00e9rieur<br \/>\nLa chaleur de la r\u00e9sistance s&#8217;ajuste par le r\u00e9gulateur d&#8217;\u00e9nergie.<br \/>\nla partie sup\u00e9rieure avec le syst\u00e8me de levage s&#8217;ajuste selon le niveau d\u00e9sir\u00e9.<br \/>\nConstruction tout en inox<\/p>\n","protected":false},"excerpt":{"rendered":"<p>Le corps d&#8217;acier inoxydable avec chauffage sup\u00e9rieur La chaleur de la r\u00e9sistance s&#8217;ajuste par le r\u00e9gulateur d&#8217;\u00e9nergie. la partie sup\u00e9rieure<\/p>\n","protected":false},"featured_media":8235,"comment_status":"open","ping_status":"closed","template":"","meta":[],"product_brand":[],"product_cat":[226,251,231],"product_tag":[],"class_list":{"0":"post-8228","1":"product","2":"type-product","3":"status-publish","4":"has-post-thumbnail","6":"product_cat-cuisson","7":"product_cat-salamandre","8":"product_cat-toaster","10":"first","11":"instock","12":"shipping-taxable","13":"product-type-simple"},"_links":{"self":[{"href":"https:\/\/www.rgequip.com\/index.php?rest_route=\/wp\/v2\/product\/8228","targetHints":{"allow":["GET"]}}],"collection":[{"href":"https:\/\/www.rgequip.com\/index.php?rest_route=\/wp\/v2\/product"}],"about":[{"href":"https:\/\/www.rgequip.com\/index.php?rest_route=\/wp\/v2\/types\/product"}],"replies":[{"embeddable":true,"href":"https:\/\/www.rgequip.com\/index.php?rest_route=%2Fwp%2Fv2%2Fcomments&post=8228"}],"version-history":[{"count":0,"href":"https:\/\/www.rgequip.com\/index.php?rest_route=\/wp\/v2\/product\/8228\/revisions"}],"wp:featuredmedia":[{"embeddable":true,"href":"https:\/\/www.rgequip.com\/index.php?rest_route=\/wp\/v2\/media\/8235"}],"wp:attachment":[{"href":"https:\/\/www.rgequip.com\/index.php?rest_route=%2Fwp%2Fv2%2Fmedia&parent=8228"}],"wp:term":[{"taxonomy":"product_brand","embeddable":true,"href":"https:\/\/www.rgequip.com\/index.php?rest_route=%2Fwp%2Fv2%2Fproduct_brand&post=8228"},{"taxonomy":"product_cat","embeddable":true,"href":"https:\/\/www.rgequip.com\/index.php?rest_route=%2Fwp%2Fv2%2Fproduct_cat&post=8228"},{"taxonomy":"product_tag","embeddable":true,"href":"https:\/\/www.rgequip.com\/index.php?rest_route=%2Fwp%2Fv2%2Fproduct_tag&post=8228"}],"curies":[{"name":"wp","href":"https:\/\/api.w.org\/{rel}","templated":true}]}}