{"id":8223,"date":"2019-09-06T16:18:14","date_gmt":"2019-09-06T14:18:14","guid":{"rendered":"https:\/\/www.rgequip.com\/?post_type=product&#038;p=8223"},"modified":"2020-07-08T13:54:46","modified_gmt":"2020-07-08T11:54:46","slug":"hachoir-refrigere-600kg","status":"publish","type":"product","link":"https:\/\/www.rgequip.com\/?product=hachoir-refrigere-600kg","title":{"rendered":"Hachoir R\u00e9frig\u00e9r\u00e9 600Kg avec Refroidisseur"},"content":{"rendered":"<p>Hachoir \u00e0 viande &#8211; Corps en acier inoxydable (600 kg \/ heure)<\/p>\n<p>R\u00e9ducteur puissant en fonte.<br \/>\n&#8211; Op\u00e9ration avant-arri\u00e8re.<br \/>\n&#8211; Le dispositif de protection des mains<br \/>\nDe plus il offre une protection efficace si utilis\u00e9 avec un bouton-poussoir \u00e0 viande .<br \/>\n&#8211; Pieds en plastique pour r\u00e9duire les vibrations.<br \/>\n&#8211; Indicateur d&#8217;huile \u00e0 engrenages.<\/p>\n","protected":false},"excerpt":{"rendered":"<p>Hachoir \u00e0 viande &#8211; Corps en acier inoxydable (600 kg \/ heure) R\u00e9ducteur puissant en fonte. &#8211; Op\u00e9ration avant-arri\u00e8re. &#8211;<\/p>\n","protected":false},"featured_media":8226,"comment_status":"open","ping_status":"closed","template":"","meta":[],"product_brand":[],"product_cat":[337,359,342],"product_tag":[],"class_list":{"0":"post-8223","1":"product","2":"type-product","3":"status-publish","4":"has-post-thumbnail","6":"product_cat-preparation","7":"product_cat-hachoir-a-viande","8":"product_cat-travail-de-la-viande","10":"first","11":"instock","12":"shipping-taxable","13":"product-type-simple"},"_links":{"self":[{"href":"https:\/\/www.rgequip.com\/index.php?rest_route=\/wp\/v2\/product\/8223","targetHints":{"allow":["GET"]}}],"collection":[{"href":"https:\/\/www.rgequip.com\/index.php?rest_route=\/wp\/v2\/product"}],"about":[{"href":"https:\/\/www.rgequip.com\/index.php?rest_route=\/wp\/v2\/types\/product"}],"replies":[{"embeddable":true,"href":"https:\/\/www.rgequip.com\/index.php?rest_route=%2Fwp%2Fv2%2Fcomments&post=8223"}],"version-history":[{"count":1,"href":"https:\/\/www.rgequip.com\/index.php?rest_route=\/wp\/v2\/product\/8223\/revisions"}],"predecessor-version":[{"id":18139,"href":"https:\/\/www.rgequip.com\/index.php?rest_route=\/wp\/v2\/product\/8223\/revisions\/18139"}],"wp:featuredmedia":[{"embeddable":true,"href":"https:\/\/www.rgequip.com\/index.php?rest_route=\/wp\/v2\/media\/8226"}],"wp:attachment":[{"href":"https:\/\/www.rgequip.com\/index.php?rest_route=%2Fwp%2Fv2%2Fmedia&parent=8223"}],"wp:term":[{"taxonomy":"product_brand","embeddable":true,"href":"https:\/\/www.rgequip.com\/index.php?rest_route=%2Fwp%2Fv2%2Fproduct_brand&post=8223"},{"taxonomy":"product_cat","embeddable":true,"href":"https:\/\/www.rgequip.com\/index.php?rest_route=%2Fwp%2Fv2%2Fproduct_cat&post=8223"},{"taxonomy":"product_tag","embeddable":true,"href":"https:\/\/www.rgequip.com\/index.php?rest_route=%2Fwp%2Fv2%2Fproduct_tag&post=8223"}],"curies":[{"name":"wp","href":"https:\/\/api.w.org\/{rel}","templated":true}]}}