{"id":8218,"date":"2019-09-06T15:56:13","date_gmt":"2019-09-06T13:56:13","guid":{"rendered":"https:\/\/www.rgequip.com\/?post_type=product&#038;p=8218"},"modified":"2019-09-06T16:02:12","modified_gmt":"2019-09-06T14:02:12","slug":"hachoir-400-kg","status":"publish","type":"product","link":"https:\/\/www.rgequip.com\/?product=hachoir-400-kg","title":{"rendered":"Hachoir 400 KG"},"content":{"rendered":"<p class=\"product_title entry-title\">Hachoir \u00e0 viande &#8211; Corps en acier inoxydable (400 kg \/ heure)<\/p>\n<div class=\"woocommerce-product-details__short-description\">\n<p>&#8211; R\u00e9ducteur puissant en fonte.<br \/>\n&#8211; Op\u00e9ration avant-arri\u00e8re.<br \/>\n&#8211; Le dispositif de protection des mains<br \/>\nDe plus il offre une protection efficace si utilis\u00e9 avec un bouton-poussoir \u00e0 viande .<br \/>\n&#8211; Pieds en plastique pour r\u00e9duire les vibrations.<br \/>\n&#8211; Indicateur d&#8217;huile \u00e0 engrenages.<\/p>\n<\/div>\n","protected":false},"excerpt":{"rendered":"<p>Hachoir \u00e0 viande &#8211; Corps en acier inoxydable (400 kg \/ heure) &#8211; R\u00e9ducteur puissant en fonte. &#8211; Op\u00e9ration avant-arri\u00e8re.<\/p>\n","protected":false},"featured_media":8220,"comment_status":"open","ping_status":"closed","template":"","meta":[],"product_brand":[],"product_cat":[337,359,342],"product_tag":[],"class_list":{"0":"post-8218","1":"product","2":"type-product","3":"status-publish","4":"has-post-thumbnail","6":"product_cat-preparation","7":"product_cat-hachoir-a-viande","8":"product_cat-travail-de-la-viande","10":"first","11":"instock","12":"shipping-taxable","13":"product-type-simple"},"_links":{"self":[{"href":"https:\/\/www.rgequip.com\/index.php?rest_route=\/wp\/v2\/product\/8218","targetHints":{"allow":["GET"]}}],"collection":[{"href":"https:\/\/www.rgequip.com\/index.php?rest_route=\/wp\/v2\/product"}],"about":[{"href":"https:\/\/www.rgequip.com\/index.php?rest_route=\/wp\/v2\/types\/product"}],"replies":[{"embeddable":true,"href":"https:\/\/www.rgequip.com\/index.php?rest_route=%2Fwp%2Fv2%2Fcomments&post=8218"}],"version-history":[{"count":1,"href":"https:\/\/www.rgequip.com\/index.php?rest_route=\/wp\/v2\/product\/8218\/revisions"}],"predecessor-version":[{"id":8221,"href":"https:\/\/www.rgequip.com\/index.php?rest_route=\/wp\/v2\/product\/8218\/revisions\/8221"}],"wp:featuredmedia":[{"embeddable":true,"href":"https:\/\/www.rgequip.com\/index.php?rest_route=\/wp\/v2\/media\/8220"}],"wp:attachment":[{"href":"https:\/\/www.rgequip.com\/index.php?rest_route=%2Fwp%2Fv2%2Fmedia&parent=8218"}],"wp:term":[{"taxonomy":"product_brand","embeddable":true,"href":"https:\/\/www.rgequip.com\/index.php?rest_route=%2Fwp%2Fv2%2Fproduct_brand&post=8218"},{"taxonomy":"product_cat","embeddable":true,"href":"https:\/\/www.rgequip.com\/index.php?rest_route=%2Fwp%2Fv2%2Fproduct_cat&post=8218"},{"taxonomy":"product_tag","embeddable":true,"href":"https:\/\/www.rgequip.com\/index.php?rest_route=%2Fwp%2Fv2%2Fproduct_tag&post=8218"}],"curies":[{"name":"wp","href":"https:\/\/api.w.org\/{rel}","templated":true}]}}