{"id":8214,"date":"2019-09-06T15:34:48","date_gmt":"2019-09-06T13:34:48","guid":{"rendered":"https:\/\/www.rgequip.com\/?post_type=product&#038;p=8214"},"modified":"2019-09-06T15:34:49","modified_gmt":"2019-09-06T13:34:49","slug":"meuble-refrigere-gn-2-portes-pleines","status":"publish","type":"product","link":"https:\/\/www.rgequip.com\/?product=meuble-refrigere-gn-2-portes-pleines","title":{"rendered":"Meuble R\u00e9frig\u00e9r\u00e9  GN 2 portes Pleines"},"content":{"rendered":"<p>Cette table froide ventil\u00e9e de\u00a02 portes pleines GN 1\/1, capacit\u00e9\u00a0320 litres.<strong><br \/>\n<\/strong>Il sert \u00e0 la fois de meuble de stockage d&#8217;aliments frais et de plan de pr\u00e9paration.<br \/>\nLe meuble est facile \u00e0 installer et peut se poser n&#8217;importe o\u00f9 en cuisine.<br \/>\nNB\u00a0: Afin d&#8217;\u00e9viter une d\u00e9formation de l&#8217;inox, nous vous d\u00e9conseillons vivement de poser des contenants br\u00fblants sur le plan de travail.<\/p>\n","protected":false},"excerpt":{"rendered":"<p>Cette table froide ventil\u00e9e de\u00a02 portes pleines GN 1\/1, capacit\u00e9\u00a0320 litres. Il sert \u00e0 la fois de meuble de stockage<\/p>\n","protected":false},"featured_media":8215,"comment_status":"open","ping_status":"closed","template":"","meta":[],"product_brand":[],"product_cat":[268,290,272],"product_tag":[],"class_list":{"0":"post-8214","1":"product","2":"type-product","3":"status-publish","4":"has-post-thumbnail","6":"product_cat-froids","7":"product_cat-v-murale","8":"product_cat-vitrines","10":"first","11":"instock","12":"shipping-taxable","13":"product-type-simple"},"_links":{"self":[{"href":"https:\/\/www.rgequip.com\/index.php?rest_route=\/wp\/v2\/product\/8214","targetHints":{"allow":["GET"]}}],"collection":[{"href":"https:\/\/www.rgequip.com\/index.php?rest_route=\/wp\/v2\/product"}],"about":[{"href":"https:\/\/www.rgequip.com\/index.php?rest_route=\/wp\/v2\/types\/product"}],"replies":[{"embeddable":true,"href":"https:\/\/www.rgequip.com\/index.php?rest_route=%2Fwp%2Fv2%2Fcomments&post=8214"}],"version-history":[{"count":1,"href":"https:\/\/www.rgequip.com\/index.php?rest_route=\/wp\/v2\/product\/8214\/revisions"}],"predecessor-version":[{"id":8217,"href":"https:\/\/www.rgequip.com\/index.php?rest_route=\/wp\/v2\/product\/8214\/revisions\/8217"}],"wp:featuredmedia":[{"embeddable":true,"href":"https:\/\/www.rgequip.com\/index.php?rest_route=\/wp\/v2\/media\/8215"}],"wp:attachment":[{"href":"https:\/\/www.rgequip.com\/index.php?rest_route=%2Fwp%2Fv2%2Fmedia&parent=8214"}],"wp:term":[{"taxonomy":"product_brand","embeddable":true,"href":"https:\/\/www.rgequip.com\/index.php?rest_route=%2Fwp%2Fv2%2Fproduct_brand&post=8214"},{"taxonomy":"product_cat","embeddable":true,"href":"https:\/\/www.rgequip.com\/index.php?rest_route=%2Fwp%2Fv2%2Fproduct_cat&post=8214"},{"taxonomy":"product_tag","embeddable":true,"href":"https:\/\/www.rgequip.com\/index.php?rest_route=%2Fwp%2Fv2%2Fproduct_tag&post=8214"}],"curies":[{"name":"wp","href":"https:\/\/api.w.org\/{rel}","templated":true}]}}