{"id":8211,"date":"2019-09-06T15:05:43","date_gmt":"2019-09-06T13:05:43","guid":{"rendered":"https:\/\/www.rgequip.com\/?post_type=product&#038;p=8211"},"modified":"2019-10-17T17:02:54","modified_gmt":"2019-10-17T15:02:54","slug":"plonge-2-bacs-sans-egouttoir","status":"publish","type":"product","link":"https:\/\/www.rgequip.com\/?product=plonge-2-bacs-sans-egouttoir","title":{"rendered":"Plonge 2 Bacs Sans \u00c9gouttoir"},"content":{"rendered":"<p>Plonge d\u00e9montable en acier inox AISI 304 &#8211;<br \/>\n2 bacs emboutis 500 x 500 x 300 &#8211;<br \/>\n\u00c9gouttoir \u00e0 gauche (disponible avec \u00e9gouttoir \u00e0 droite PLD 1870SA)<br \/>\n\u00c9tag\u00e8re basse de s\u00e9rie &#8211;<br \/>\nCuve emboutie et \u00e9gouttoir cannel\u00e9 &#8211;<br \/>\nCache bac inox sur 3 c\u00f4t\u00e9s &#8211;<br \/>\nPi\u00e9tement d\u00e9montable en inox tube rond diam\u00e8tre 50 mont\u00e9 sur v\u00e9rin &#8211;<br \/>\nDosseret hauteur 100 x 20 mm &#8211;<br \/>\n\u00c9quip\u00e9 de bonde sur-verse et siphon de s\u00e9rie &#8211;<br \/>\nRobinet m\u00e9langeur en option<\/p>\n","protected":false},"excerpt":{"rendered":"<p>Plonge d\u00e9montable en acier inox AISI 304 &#8211; 2 bacs emboutis 500 x 500 x 300 &#8211; \u00c9gouttoir \u00e0 gauche<\/p>\n","protected":false},"featured_media":11315,"comment_status":"open","ping_status":"closed","template":"","meta":[],"product_brand":[],"product_cat":[392,393,394,401],"product_tag":[],"class_list":{"0":"post-8211","1":"product","2":"type-product","3":"status-publish","4":"has-post-thumbnail","6":"product_cat-laverie-hygiene","7":"product_cat-lavage","8":"product_cat-plonge","9":"product_cat-sans-egouttoir","11":"first","12":"instock","13":"shipping-taxable","14":"product-type-simple"},"_links":{"self":[{"href":"https:\/\/www.rgequip.com\/index.php?rest_route=\/wp\/v2\/product\/8211","targetHints":{"allow":["GET"]}}],"collection":[{"href":"https:\/\/www.rgequip.com\/index.php?rest_route=\/wp\/v2\/product"}],"about":[{"href":"https:\/\/www.rgequip.com\/index.php?rest_route=\/wp\/v2\/types\/product"}],"replies":[{"embeddable":true,"href":"https:\/\/www.rgequip.com\/index.php?rest_route=%2Fwp%2Fv2%2Fcomments&post=8211"}],"version-history":[{"count":0,"href":"https:\/\/www.rgequip.com\/index.php?rest_route=\/wp\/v2\/product\/8211\/revisions"}],"wp:featuredmedia":[{"embeddable":true,"href":"https:\/\/www.rgequip.com\/index.php?rest_route=\/wp\/v2\/media\/11315"}],"wp:attachment":[{"href":"https:\/\/www.rgequip.com\/index.php?rest_route=%2Fwp%2Fv2%2Fmedia&parent=8211"}],"wp:term":[{"taxonomy":"product_brand","embeddable":true,"href":"https:\/\/www.rgequip.com\/index.php?rest_route=%2Fwp%2Fv2%2Fproduct_brand&post=8211"},{"taxonomy":"product_cat","embeddable":true,"href":"https:\/\/www.rgequip.com\/index.php?rest_route=%2Fwp%2Fv2%2Fproduct_cat&post=8211"},{"taxonomy":"product_tag","embeddable":true,"href":"https:\/\/www.rgequip.com\/index.php?rest_route=%2Fwp%2Fv2%2Fproduct_tag&post=8211"}],"curies":[{"name":"wp","href":"https:\/\/api.w.org\/{rel}","templated":true}]}}