{"id":8207,"date":"2019-09-06T14:58:00","date_gmt":"2019-09-06T12:58:00","guid":{"rendered":"https:\/\/www.rgequip.com\/?post_type=product&#038;p=8207"},"modified":"2019-10-01T15:19:01","modified_gmt":"2019-10-01T13:19:01","slug":"gaufrier-double-electrique","status":"publish","type":"product","link":"https:\/\/www.rgequip.com\/?product=gaufrier-double-electrique","title":{"rendered":"Gaufrier Double Electrique"},"content":{"rendered":"<p>Gaufrier professionnel en acier inoxydable.<br \/>\nLes plaques en fonte d&#8217;acier augmentent sa r\u00e9sistance et sa robustesse ce qui lui donne une excellente durabilit\u00e9.<br \/>\nDe plus, ce gaufrier dispose d&#8217;une r\u00e9gulation thermostatique pour r\u00e9gler parfaitement le temps de la cuisson<br \/>\nVous permet de r\u00e9aliser des gaufres parfaites et bien fondantes.<br \/>\nConfectionnez\u00a0de d\u00e9licieuses gaufres de\u00a0<strong>160 x 100 mm<\/strong>\u00a0pour ravir votre client\u00e8les \u00e0 l&#8217;aide de ce mat\u00e9riel de cuisson professionnel.<\/p>\n","protected":false},"excerpt":{"rendered":"<p>Gaufrier professionnel en acier inoxydable. Les plaques en fonte d&#8217;acier augmentent sa r\u00e9sistance et sa robustesse ce qui lui donne<\/p>\n","protected":false},"featured_media":8210,"comment_status":"open","ping_status":"closed","template":"","meta":[],"product_brand":[],"product_cat":[226,234,258],"product_tag":[],"class_list":{"0":"post-8207","1":"product","2":"type-product","3":"status-publish","4":"has-post-thumbnail","6":"product_cat-cuisson","7":"product_cat-fun-food","8":"product_cat-gaufriers","10":"first","11":"instock","12":"shipping-taxable","13":"product-type-simple"},"_links":{"self":[{"href":"https:\/\/www.rgequip.com\/index.php?rest_route=\/wp\/v2\/product\/8207","targetHints":{"allow":["GET"]}}],"collection":[{"href":"https:\/\/www.rgequip.com\/index.php?rest_route=\/wp\/v2\/product"}],"about":[{"href":"https:\/\/www.rgequip.com\/index.php?rest_route=\/wp\/v2\/types\/product"}],"replies":[{"embeddable":true,"href":"https:\/\/www.rgequip.com\/index.php?rest_route=%2Fwp%2Fv2%2Fcomments&post=8207"}],"version-history":[{"count":1,"href":"https:\/\/www.rgequip.com\/index.php?rest_route=\/wp\/v2\/product\/8207\/revisions"}],"predecessor-version":[{"id":8212,"href":"https:\/\/www.rgequip.com\/index.php?rest_route=\/wp\/v2\/product\/8207\/revisions\/8212"}],"wp:featuredmedia":[{"embeddable":true,"href":"https:\/\/www.rgequip.com\/index.php?rest_route=\/wp\/v2\/media\/8210"}],"wp:attachment":[{"href":"https:\/\/www.rgequip.com\/index.php?rest_route=%2Fwp%2Fv2%2Fmedia&parent=8207"}],"wp:term":[{"taxonomy":"product_brand","embeddable":true,"href":"https:\/\/www.rgequip.com\/index.php?rest_route=%2Fwp%2Fv2%2Fproduct_brand&post=8207"},{"taxonomy":"product_cat","embeddable":true,"href":"https:\/\/www.rgequip.com\/index.php?rest_route=%2Fwp%2Fv2%2Fproduct_cat&post=8207"},{"taxonomy":"product_tag","embeddable":true,"href":"https:\/\/www.rgequip.com\/index.php?rest_route=%2Fwp%2Fv2%2Fproduct_tag&post=8207"}],"curies":[{"name":"wp","href":"https:\/\/api.w.org\/{rel}","templated":true}]}}