{"id":8204,"date":"2019-09-06T14:13:39","date_gmt":"2019-09-06T12:13:39","guid":{"rendered":"https:\/\/www.rgequip.com\/?post_type=product&#038;p=8204"},"modified":"2019-09-06T14:13:40","modified_gmt":"2019-09-06T12:13:40","slug":"billot-a-pieds-500500880","status":"publish","type":"product","link":"https:\/\/www.rgequip.com\/?product=billot-a-pieds-500500880","title":{"rendered":"Billot A Pieds 500*500*880"},"content":{"rendered":"<p>Sabot en Poly\u00e9thyl\u00e8ne\u00a0 trait\u00e9 avec des vernies atoxiques et colles \u00e9cologiques (conforment aux r\u00e8glements en vigueur).<br \/>\nAssembl\u00e9 par embrayage \u00e0 pression\u00a0 \u00e0 teinturerie par l\u2019introduction de pi\u00e8ces en bois.<br \/>\nEn plus, battoir \u00e0 viande recyclable et \u00e9cologique.<br \/>\nR\u00e9versible.<\/p>\n","protected":false},"excerpt":{"rendered":"<p>Sabot en Poly\u00e9thyl\u00e8ne\u00a0 trait\u00e9 avec des vernies atoxiques et colles \u00e9cologiques (conforment aux r\u00e8glements en vigueur). Assembl\u00e9 par embrayage \u00e0<\/p>\n","protected":false},"featured_media":8203,"comment_status":"open","ping_status":"closed","template":"","meta":[],"product_brand":[],"product_cat":[337,360,342],"product_tag":[],"class_list":{"0":"post-8204","1":"product","2":"type-product","3":"status-publish","4":"has-post-thumbnail","6":"product_cat-preparation","7":"product_cat-accessoires-hache-viande","8":"product_cat-travail-de-la-viande","10":"first","11":"instock","12":"shipping-taxable","13":"product-type-simple"},"_links":{"self":[{"href":"https:\/\/www.rgequip.com\/index.php?rest_route=\/wp\/v2\/product\/8204","targetHints":{"allow":["GET"]}}],"collection":[{"href":"https:\/\/www.rgequip.com\/index.php?rest_route=\/wp\/v2\/product"}],"about":[{"href":"https:\/\/www.rgequip.com\/index.php?rest_route=\/wp\/v2\/types\/product"}],"replies":[{"embeddable":true,"href":"https:\/\/www.rgequip.com\/index.php?rest_route=%2Fwp%2Fv2%2Fcomments&post=8204"}],"version-history":[{"count":0,"href":"https:\/\/www.rgequip.com\/index.php?rest_route=\/wp\/v2\/product\/8204\/revisions"}],"wp:featuredmedia":[{"embeddable":true,"href":"https:\/\/www.rgequip.com\/index.php?rest_route=\/wp\/v2\/media\/8203"}],"wp:attachment":[{"href":"https:\/\/www.rgequip.com\/index.php?rest_route=%2Fwp%2Fv2%2Fmedia&parent=8204"}],"wp:term":[{"taxonomy":"product_brand","embeddable":true,"href":"https:\/\/www.rgequip.com\/index.php?rest_route=%2Fwp%2Fv2%2Fproduct_brand&post=8204"},{"taxonomy":"product_cat","embeddable":true,"href":"https:\/\/www.rgequip.com\/index.php?rest_route=%2Fwp%2Fv2%2Fproduct_cat&post=8204"},{"taxonomy":"product_tag","embeddable":true,"href":"https:\/\/www.rgequip.com\/index.php?rest_route=%2Fwp%2Fv2%2Fproduct_tag&post=8204"}],"curies":[{"name":"wp","href":"https:\/\/api.w.org\/{rel}","templated":true}]}}