{"id":8194,"date":"2019-09-06T13:36:16","date_gmt":"2019-09-06T11:36:16","guid":{"rendered":"https:\/\/www.rgequip.com\/?post_type=product&#038;p=8194"},"modified":"2019-09-06T13:36:17","modified_gmt":"2019-09-06T11:36:17","slug":"meuble-refrigere-pour-preparation-de-pizza-froide","status":"publish","type":"product","link":"https:\/\/www.rgequip.com\/?product=meuble-refrigere-pour-preparation-de-pizza-froide","title":{"rendered":"Meuble R\u00e9frig\u00e9r\u00e9 Pour Pr\u00e9paration de Pizza Froide"},"content":{"rendered":"<p><span>Structure interne et externe en acier inoxydable.<br \/>\n<\/span><span>Corps monobloc, injection de polyur\u00e9thane isolant respectueuse de l&#8217;environnement \u00e0 une densit\u00e9 de 38-40 kg \/ m3. <\/span><span><br \/>\nTemp\u00e9rature de fonctionnement + 2 \/ + 8 \u00b0 C. <\/span><span><br \/>\nLe syst\u00e8me de r\u00e9frig\u00e9ration statique.<br \/>\n<\/span><span>Contr\u00f4le du thermostat du thermom\u00e8tre num\u00e9rique; <\/span><span>affichage digital digital de la temp\u00e9rature.<br \/>\n<\/span><span>Pour des temp\u00e9ratures ambiantes jusqu\u2019\u00e0 43 \u00b0 C, humidit\u00e9 relative% 65.<br \/>\n<\/span><span>Gaz R134A dans le circuit de r\u00e9frig\u00e9ration.<br \/>\n<\/span><span>4 bacs GN 1\/4<br \/>\n150 et 1 GN 1\/2<br \/>\n150 peuvent \u00eatre plac\u00e9s sur la piscine.<\/span><\/p>\n","protected":false},"excerpt":{"rendered":"<p>Structure interne et externe en acier inoxydable. Corps monobloc, injection de polyur\u00e9thane isolant respectueuse de l&#8217;environnement \u00e0 une densit\u00e9 de<\/p>\n","protected":false},"featured_media":8197,"comment_status":"open","ping_status":"closed","template":"","meta":[],"product_brand":[],"product_cat":[268,291,272],"product_tag":[],"class_list":{"0":"post-8194","1":"product","2":"type-product","3":"status-publish","4":"has-post-thumbnail","6":"product_cat-froids","7":"product_cat-v-a-sushi","8":"product_cat-vitrines","10":"first","11":"instock","12":"shipping-taxable","13":"product-type-simple"},"_links":{"self":[{"href":"https:\/\/www.rgequip.com\/index.php?rest_route=\/wp\/v2\/product\/8194","targetHints":{"allow":["GET"]}}],"collection":[{"href":"https:\/\/www.rgequip.com\/index.php?rest_route=\/wp\/v2\/product"}],"about":[{"href":"https:\/\/www.rgequip.com\/index.php?rest_route=\/wp\/v2\/types\/product"}],"replies":[{"embeddable":true,"href":"https:\/\/www.rgequip.com\/index.php?rest_route=%2Fwp%2Fv2%2Fcomments&post=8194"}],"version-history":[{"count":1,"href":"https:\/\/www.rgequip.com\/index.php?rest_route=\/wp\/v2\/product\/8194\/revisions"}],"predecessor-version":[{"id":8198,"href":"https:\/\/www.rgequip.com\/index.php?rest_route=\/wp\/v2\/product\/8194\/revisions\/8198"}],"wp:featuredmedia":[{"embeddable":true,"href":"https:\/\/www.rgequip.com\/index.php?rest_route=\/wp\/v2\/media\/8197"}],"wp:attachment":[{"href":"https:\/\/www.rgequip.com\/index.php?rest_route=%2Fwp%2Fv2%2Fmedia&parent=8194"}],"wp:term":[{"taxonomy":"product_brand","embeddable":true,"href":"https:\/\/www.rgequip.com\/index.php?rest_route=%2Fwp%2Fv2%2Fproduct_brand&post=8194"},{"taxonomy":"product_cat","embeddable":true,"href":"https:\/\/www.rgequip.com\/index.php?rest_route=%2Fwp%2Fv2%2Fproduct_cat&post=8194"},{"taxonomy":"product_tag","embeddable":true,"href":"https:\/\/www.rgequip.com\/index.php?rest_route=%2Fwp%2Fv2%2Fproduct_tag&post=8194"}],"curies":[{"name":"wp","href":"https:\/\/api.w.org\/{rel}","templated":true}]}}