{"id":8193,"date":"2019-09-06T13:23:02","date_gmt":"2019-09-06T11:23:02","guid":{"rendered":"https:\/\/www.rgequip.com\/?post_type=product&#038;p=8193"},"modified":"2020-10-23T14:22:28","modified_gmt":"2020-10-23T12:22:28","slug":"balance-electronique-30kg","status":"publish","type":"product","link":"https:\/\/www.rgequip.com\/?product=balance-electronique-30kg","title":{"rendered":"Balance Electronique 30KG"},"content":{"rendered":"<h3><span>CARACT\u00c9RISTIQUES PRINCIPALES<\/span><\/h3>\n<ul>\n<li><strong><span>Balance \u00e9lectronique de calcul des prix sans imprimante.<\/span><\/strong><\/li>\n<li><strong><span>Batterie interne rechargeable:\u00a0<\/span><\/strong>\n<ul>\n<li><span>\u00a0Jusqu&#8217;\u00e0 70 heures d&#8217;autonomie avec batterie compl\u00e8tement charg\u00e9e ou r\u00e9tro-\u00e9clairage d\u00e9connect\u00e9 (donn\u00e9es approximatives).\u00a0<\/span><\/li>\n<\/ul>\n<\/li>\n<li><strong><span>Valable pour la m\u00e9trologie l\u00e9gale.\u00a0<\/span><\/strong><\/li>\n<\/ul>\n<h3><span>FEATURES<\/span><\/h3>\n<ul>\n<li><strong><span>Tare, tare fixe et z\u00e9ro manuel.<\/span><\/strong><\/li>\n<li><strong><span>Prix \u200b\u200bfixe: pour fonctionner plusieurs fois avec le m\u00eame article.<\/span><\/strong><\/li>\n<li><strong><span>\u00c9conomie d&#8217;\u00e9nergie gr\u00e2ce \u00e0 la commutation de l&#8217;\u00e9clairage marche \/ arr\u00eat programmable et \u00e0 la d\u00e9connexion automatique.<\/span><\/strong><\/li>\n<\/ul>\n<h3><span>CAPACIT\u00c9 \/ PR\u00c9CISION<\/span><\/h3>\n<ul>\n<li><strong><span>Mono-gamme (3000 divisions):<\/span><\/strong>\n<ul>\n<li><span>30 kg \/ 10 g.\u00a0<\/span><\/li>\n<\/ul>\n<\/li>\n<\/ul>\n<h3><span>FORMAT DISPONIBLE<\/span><\/h3>\n<ul>\n<li><strong><span>Plat.<\/span><\/strong><\/li>\n<\/ul>\n<h3><span>CONSTRUCTION<\/span><\/h3>\n<ul>\n<li><strong><span>Structure:<\/span><\/strong>\n<ul>\n<li><span>Bo\u00eetier en plastique ABS.<\/span><\/li>\n<\/ul>\n<\/li>\n<li><strong><span>Affiche:<\/span><\/strong>\n<ul>\n<li><span>3 \u00e9crans LCD r\u00e9tro\u00e9clair\u00e9s c\u00f4t\u00e9 vendeur et c\u00f4t\u00e9 acheteur.<\/span><\/li>\n<li><span>5 chiffres (H20 mm) par \u00e9cran.<\/span><\/li>\n<li><span>Afficher le poids, le prix \/ kg et le total.<\/span><\/li>\n<\/ul>\n<\/li>\n<li><strong><span>Clavier \u00e0 20 touches.<\/span><\/strong><\/li>\n<li><strong><span>Assiette:<\/span><\/strong>\n<ul>\n<li><span>Type: plat.<\/span><\/li>\n<li><span>Mat\u00e9riel: acier inoxydable.<\/span><\/li>\n<\/ul>\n<\/li>\n<\/ul>\n<h3><span>SOURCE DE COURANT<\/span><\/h3>\n<ul>\n<li><strong><span>Secteur:<\/span><\/strong><span>\u00a0220 VCA avec adaptateur AC 9 V \/ 800 mA.<\/span><\/li>\n<li><strong><span>Batterie interne rechargeable 6 V \/ 4 Ah.<\/span><\/strong><\/li>\n<\/ul>\n<h3><span>CONSOMMATION D&#8217;\u00c9NERGIE<\/span><\/h3>\n<ul>\n<li><strong><span>3,8 W (environ) avec r\u00e9tro\u00e9clairage activ\u00e9.<\/span><\/strong><\/li>\n<\/ul>\n","protected":false},"excerpt":{"rendered":"<p>CARACT\u00c9RISTIQUES PRINCIPALES Balance \u00e9lectronique de calcul des prix sans imprimante. Batterie interne rechargeable:\u00a0 \u00a0Jusqu&#8217;\u00e0 70 heures d&#8217;autonomie avec batterie compl\u00e8tement<\/p>\n","protected":false},"featured_media":18670,"comment_status":"open","ping_status":"closed","template":"","meta":[],"product_brand":[],"product_cat":[337,357,341],"product_tag":[],"class_list":{"0":"post-8193","1":"product","2":"type-product","3":"status-publish","4":"has-post-thumbnail","6":"product_cat-preparation","7":"product_cat-balances","8":"product_cat-poids-mesures","10":"first","11":"instock","12":"shipping-taxable","13":"product-type-simple"},"_links":{"self":[{"href":"https:\/\/www.rgequip.com\/index.php?rest_route=\/wp\/v2\/product\/8193","targetHints":{"allow":["GET"]}}],"collection":[{"href":"https:\/\/www.rgequip.com\/index.php?rest_route=\/wp\/v2\/product"}],"about":[{"href":"https:\/\/www.rgequip.com\/index.php?rest_route=\/wp\/v2\/types\/product"}],"replies":[{"embeddable":true,"href":"https:\/\/www.rgequip.com\/index.php?rest_route=%2Fwp%2Fv2%2Fcomments&post=8193"}],"version-history":[{"count":2,"href":"https:\/\/www.rgequip.com\/index.php?rest_route=\/wp\/v2\/product\/8193\/revisions"}],"predecessor-version":[{"id":18669,"href":"https:\/\/www.rgequip.com\/index.php?rest_route=\/wp\/v2\/product\/8193\/revisions\/18669"}],"wp:featuredmedia":[{"embeddable":true,"href":"https:\/\/www.rgequip.com\/index.php?rest_route=\/wp\/v2\/media\/18670"}],"wp:attachment":[{"href":"https:\/\/www.rgequip.com\/index.php?rest_route=%2Fwp%2Fv2%2Fmedia&parent=8193"}],"wp:term":[{"taxonomy":"product_brand","embeddable":true,"href":"https:\/\/www.rgequip.com\/index.php?rest_route=%2Fwp%2Fv2%2Fproduct_brand&post=8193"},{"taxonomy":"product_cat","embeddable":true,"href":"https:\/\/www.rgequip.com\/index.php?rest_route=%2Fwp%2Fv2%2Fproduct_cat&post=8193"},{"taxonomy":"product_tag","embeddable":true,"href":"https:\/\/www.rgequip.com\/index.php?rest_route=%2Fwp%2Fv2%2Fproduct_tag&post=8193"}],"curies":[{"name":"wp","href":"https:\/\/api.w.org\/{rel}","templated":true}]}}