{"id":8192,"date":"2019-09-06T13:06:36","date_gmt":"2019-09-06T11:06:36","guid":{"rendered":"https:\/\/www.rgequip.com\/?post_type=product&#038;p=8192"},"modified":"2020-10-23T13:47:31","modified_gmt":"2020-10-23T11:47:31","slug":"balance-electronique-15-kg","status":"publish","type":"product","link":"https:\/\/www.rgequip.com\/?product=balance-electronique-15-kg","title":{"rendered":"Balance Electronique  15 kG"},"content":{"rendered":"<h3>CARACT\u00c9RISTIQUES PRINCIPALES<\/h3>\n<ul>\n<li><strong>Balance industrielle uniquement sans imprimante.<\/strong><\/li>\n<li><strong>Valable pour la m\u00e9trologie l\u00e9gale (consulter les mod\u00e8les).<\/strong><\/li>\n<li><strong>Batterie rechargeable interne:<\/strong>\n<ul>\n<li>Jusqu&#8217;\u00e0 70 heures d&#8217;autonomie pour tous les mod\u00e8les, selon les conditions d&#8217;utilisation.<\/li>\n<\/ul>\n<\/li>\n<\/ul>\n<h3>DES FONCTIONS EXCEPTIONNELLES<\/h3>\n<ul>\n<li><strong>Pes\u00e9e.<\/strong><\/li>\n<li><strong>Changement d&#8217;unit\u00e9s.<\/strong><\/li>\n<li><strong>Arr\u00eat automatique.<\/strong><\/li>\n<li><strong>Tare.<\/strong><\/li>\n<\/ul>\n<h3>CAPACIT\u00c9 \/ PR\u00c9CISION<\/h3>\n<ul>\n<li><strong>Cely PS-50:<\/strong>\u00a0 \u00a015 kg\/2g.<\/li>\n<\/ul>\n<h3>FORMAT<\/h3>\n<ul>\n<li><strong>Plat.<\/strong><\/li>\n<\/ul>\n<h3>CONSTRUCTION<\/h3>\n<ul>\n<li><strong>Structure:<\/strong>\n<ul>\n<li>PS-50: bo\u00eetier en plastique ABS.<\/li>\n<\/ul>\n<\/li>\n<li><strong>Console:<\/strong>\n<ul>\n<li>PS-50: Clavier \u00e0 3 touches et \u00e9cran LCD r\u00e9tro\u00e9clair\u00e9 \u00e0 5 chiffres (20 mm).<\/li>\n<\/ul>\n<\/li>\n<li><strong>Assiette:<\/strong>\n<ul>\n<li>Mat\u00e9riel: acier inoxydable.<\/li>\n<\/ul>\n<\/li>\n<\/ul>\n<h3>SOURCE DE COURANT<\/h3>\n<ul>\n<li><strong>Secteur: adaptateur CA (12 V \/ 500 mA).<\/strong><\/li>\n<li><strong>Batterie rechargeable interne:<\/strong>\n<ul>\n<li>6 V \/ 4 Ah sur PS-50.<\/li>\n<\/ul>\n<\/li>\n<\/ul>\n","protected":false},"excerpt":{"rendered":"<p>CARACT\u00c9RISTIQUES PRINCIPALES Balance industrielle uniquement sans imprimante. Valable pour la m\u00e9trologie l\u00e9gale (consulter les mod\u00e8les). Batterie rechargeable interne: Jusqu&#8217;\u00e0 70<\/p>\n","protected":false},"featured_media":8191,"comment_status":"open","ping_status":"closed","template":"","meta":[],"product_brand":[],"product_cat":[337,357,341],"product_tag":[],"class_list":{"0":"post-8192","1":"product","2":"type-product","3":"status-publish","4":"has-post-thumbnail","6":"product_cat-preparation","7":"product_cat-balances","8":"product_cat-poids-mesures","10":"first","11":"instock","12":"shipping-taxable","13":"product-type-simple"},"_links":{"self":[{"href":"https:\/\/www.rgequip.com\/index.php?rest_route=\/wp\/v2\/product\/8192","targetHints":{"allow":["GET"]}}],"collection":[{"href":"https:\/\/www.rgequip.com\/index.php?rest_route=\/wp\/v2\/product"}],"about":[{"href":"https:\/\/www.rgequip.com\/index.php?rest_route=\/wp\/v2\/types\/product"}],"replies":[{"embeddable":true,"href":"https:\/\/www.rgequip.com\/index.php?rest_route=%2Fwp%2Fv2%2Fcomments&post=8192"}],"version-history":[{"count":1,"href":"https:\/\/www.rgequip.com\/index.php?rest_route=\/wp\/v2\/product\/8192\/revisions"}],"predecessor-version":[{"id":18667,"href":"https:\/\/www.rgequip.com\/index.php?rest_route=\/wp\/v2\/product\/8192\/revisions\/18667"}],"wp:featuredmedia":[{"embeddable":true,"href":"https:\/\/www.rgequip.com\/index.php?rest_route=\/wp\/v2\/media\/8191"}],"wp:attachment":[{"href":"https:\/\/www.rgequip.com\/index.php?rest_route=%2Fwp%2Fv2%2Fmedia&parent=8192"}],"wp:term":[{"taxonomy":"product_brand","embeddable":true,"href":"https:\/\/www.rgequip.com\/index.php?rest_route=%2Fwp%2Fv2%2Fproduct_brand&post=8192"},{"taxonomy":"product_cat","embeddable":true,"href":"https:\/\/www.rgequip.com\/index.php?rest_route=%2Fwp%2Fv2%2Fproduct_cat&post=8192"},{"taxonomy":"product_tag","embeddable":true,"href":"https:\/\/www.rgequip.com\/index.php?rest_route=%2Fwp%2Fv2%2Fproduct_tag&post=8192"}],"curies":[{"name":"wp","href":"https:\/\/api.w.org\/{rel}","templated":true}]}}