{"id":8187,"date":"2019-09-06T12:58:28","date_gmt":"2019-09-06T10:58:28","guid":{"rendered":"https:\/\/www.rgequip.com\/?post_type=product&#038;p=8187"},"modified":"2020-10-24T10:47:39","modified_gmt":"2020-10-24T08:47:39","slug":"balance-electronique-6-kg","status":"publish","type":"product","link":"https:\/\/www.rgequip.com\/?product=balance-electronique-6-kg","title":{"rendered":"Balance Electronique 6 KG"},"content":{"rendered":"<p>Il affiche tr\u00e8s clairement le r\u00e9sultat de votre pesage et vous pouvez le voir sous tous les angles.<br \/>\nElle peut supporter jusqu&#8217;\u00e0 6 kg ou 11 livres d\u2019\u00e9l\u00e9ment \u00e0 peser. Ce mod\u00e8le n\u2019est pas seulement fait pour les aliments, car il vous servira aussi pour les courriers ou les objets tels que les bijoux en or ou en argent.<br \/>\nPour la faire marcher, il vous suffit d\u2019une batterie qui est d\u2019ailleurs fournie avec elle.<br \/>\nElle propose diff\u00e9rentes unit\u00e9s de mesure qui s\u2019adaptent \u00e0 chaque personne, selon les habitudes : livres (lb), grammes (g), onces (oz). Visuellement, ce mod\u00e8le est tr\u00e8s agr\u00e9able \u00e0 regarder, car elle est faite en verre tremp\u00e9.<br \/>\nChic, elle est donc jolie autant qu\u2019elle est durable.<\/p>\n","protected":false},"excerpt":{"rendered":"<p>Il affiche tr\u00e8s clairement le r\u00e9sultat de votre pesage et vous pouvez le voir sous tous les angles. Elle peut<\/p>\n","protected":false},"featured_media":8191,"comment_status":"open","ping_status":"closed","template":"","meta":[],"product_brand":[],"product_cat":[341,357,337],"product_tag":[],"class_list":{"0":"post-8187","1":"product","2":"type-product","3":"status-publish","4":"has-post-thumbnail","6":"product_cat-poids-mesures","7":"product_cat-balances","8":"product_cat-preparation","10":"first","11":"instock","12":"shipping-taxable","13":"product-type-simple"},"_links":{"self":[{"href":"https:\/\/www.rgequip.com\/index.php?rest_route=\/wp\/v2\/product\/8187","targetHints":{"allow":["GET"]}}],"collection":[{"href":"https:\/\/www.rgequip.com\/index.php?rest_route=\/wp\/v2\/product"}],"about":[{"href":"https:\/\/www.rgequip.com\/index.php?rest_route=\/wp\/v2\/types\/product"}],"replies":[{"embeddable":true,"href":"https:\/\/www.rgequip.com\/index.php?rest_route=%2Fwp%2Fv2%2Fcomments&post=8187"}],"version-history":[{"count":1,"href":"https:\/\/www.rgequip.com\/index.php?rest_route=\/wp\/v2\/product\/8187\/revisions"}],"predecessor-version":[{"id":18672,"href":"https:\/\/www.rgequip.com\/index.php?rest_route=\/wp\/v2\/product\/8187\/revisions\/18672"}],"wp:featuredmedia":[{"embeddable":true,"href":"https:\/\/www.rgequip.com\/index.php?rest_route=\/wp\/v2\/media\/8191"}],"wp:attachment":[{"href":"https:\/\/www.rgequip.com\/index.php?rest_route=%2Fwp%2Fv2%2Fmedia&parent=8187"}],"wp:term":[{"taxonomy":"product_brand","embeddable":true,"href":"https:\/\/www.rgequip.com\/index.php?rest_route=%2Fwp%2Fv2%2Fproduct_brand&post=8187"},{"taxonomy":"product_cat","embeddable":true,"href":"https:\/\/www.rgequip.com\/index.php?rest_route=%2Fwp%2Fv2%2Fproduct_cat&post=8187"},{"taxonomy":"product_tag","embeddable":true,"href":"https:\/\/www.rgequip.com\/index.php?rest_route=%2Fwp%2Fv2%2Fproduct_tag&post=8187"}],"curies":[{"name":"wp","href":"https:\/\/api.w.org\/{rel}","templated":true}]}}