{"id":8184,"date":"2019-09-06T12:21:50","date_gmt":"2019-09-06T10:21:50","guid":{"rendered":"https:\/\/www.rgequip.com\/?post_type=product&#038;p=8184"},"modified":"2020-07-09T12:30:38","modified_gmt":"2020-07-09T10:30:38","slug":"balance-mecanique-avec-coupelle-200g","status":"publish","type":"product","link":"https:\/\/www.rgequip.com\/?product=balance-mecanique-avec-coupelle-200g","title":{"rendered":"Balance M\u00e9canique Avec Coupelle 200G"},"content":{"rendered":"<p>La balance de cuisine repr\u00e9sente un indispensable en cuisine, car de celle-ci d\u00e9pend la texture et le go\u00fbt de chaque plat.<br \/>\nMalgr\u00e9 l\u2019\u00e9mergence de mod\u00e8les \u00e9lectroniques, les bonnes vieilles m\u00e9caniques ne se laissent pas abattre.<br \/>\nEconomiques et durables, elles ne requi\u00e8rent pas d&#8217;\u00e9lectricit\u00e9 pour son utilisation.<br \/>\nSeulement attention, cela ne veut pas dire qu\u2019il faille que vous s\u00e9lectionniez la v\u00f4tre \u00e0 la h\u00e2te.<br \/>\nIl est important de prendre en compte les mesures, le design ou encore la taille et les caract\u00e9ristiques du bol servant aux pes\u00e9es.<\/p>\n","protected":false},"excerpt":{"rendered":"<p>La balance de cuisine repr\u00e9sente un indispensable en cuisine, car de celle-ci d\u00e9pend la texture et le go\u00fbt de chaque<\/p>\n","protected":false},"featured_media":8186,"comment_status":"open","ping_status":"closed","template":"","meta":[],"product_brand":[],"product_cat":[337,357,341],"product_tag":[],"class_list":{"0":"post-8184","1":"product","2":"type-product","3":"status-publish","4":"has-post-thumbnail","6":"product_cat-preparation","7":"product_cat-balances","8":"product_cat-poids-mesures","10":"first","11":"instock","12":"shipping-taxable","13":"product-type-simple"},"_links":{"self":[{"href":"https:\/\/www.rgequip.com\/index.php?rest_route=\/wp\/v2\/product\/8184","targetHints":{"allow":["GET"]}}],"collection":[{"href":"https:\/\/www.rgequip.com\/index.php?rest_route=\/wp\/v2\/product"}],"about":[{"href":"https:\/\/www.rgequip.com\/index.php?rest_route=\/wp\/v2\/types\/product"}],"replies":[{"embeddable":true,"href":"https:\/\/www.rgequip.com\/index.php?rest_route=%2Fwp%2Fv2%2Fcomments&post=8184"}],"version-history":[{"count":1,"href":"https:\/\/www.rgequip.com\/index.php?rest_route=\/wp\/v2\/product\/8184\/revisions"}],"predecessor-version":[{"id":8188,"href":"https:\/\/www.rgequip.com\/index.php?rest_route=\/wp\/v2\/product\/8184\/revisions\/8188"}],"wp:featuredmedia":[{"embeddable":true,"href":"https:\/\/www.rgequip.com\/index.php?rest_route=\/wp\/v2\/media\/8186"}],"wp:attachment":[{"href":"https:\/\/www.rgequip.com\/index.php?rest_route=%2Fwp%2Fv2%2Fmedia&parent=8184"}],"wp:term":[{"taxonomy":"product_brand","embeddable":true,"href":"https:\/\/www.rgequip.com\/index.php?rest_route=%2Fwp%2Fv2%2Fproduct_brand&post=8184"},{"taxonomy":"product_cat","embeddable":true,"href":"https:\/\/www.rgequip.com\/index.php?rest_route=%2Fwp%2Fv2%2Fproduct_cat&post=8184"},{"taxonomy":"product_tag","embeddable":true,"href":"https:\/\/www.rgequip.com\/index.php?rest_route=%2Fwp%2Fv2%2Fproduct_tag&post=8184"}],"curies":[{"name":"wp","href":"https:\/\/api.w.org\/{rel}","templated":true}]}}