{"id":8161,"date":"2019-09-06T06:27:40","date_gmt":"2019-09-06T04:27:40","guid":{"rendered":"https:\/\/www.rgequip.com\/?post_type=product&#038;p=8161"},"modified":"2019-09-06T06:27:40","modified_gmt":"2019-09-06T04:27:40","slug":"armoire-refrigeree-positive-1-porte-vitre-gn-2-1","status":"publish","type":"product","link":"https:\/\/www.rgequip.com\/?product=armoire-refrigeree-positive-1-porte-vitre-gn-2-1","title":{"rendered":"Armoire refrig\u00e9r\u00e9e positive 1 porte vitr\u00e9 GN 2\/1"},"content":{"rendered":"<ul>\n<li><span>R\u00e9frig\u00e9rateur de taille GN 2\/1 avec porte en verre unique <\/span><\/li>\n<li><span>Panneau de commande num\u00e9rique HACCP <\/span><\/li>\n<li><span>Acier inoxydable de qualit\u00e9 304 <\/span><\/li>\n<li><span>Temp\u00e9rature de fonctionnement -2 \/ + 8 \u00b0 C. <\/span><\/li>\n<li><span>Condenseur sans nettoyage <\/span><\/li>\n<li><span>Augmentation de temp\u00e9rature minimale de la capacit\u00e9 interne maximale pendant le d\u00e9givrage. <\/span><\/li>\n<li><span>R\u00e9partition de l&#8217;air la plus efficace \u00e0 l&#8217;int\u00e9rieur avec un canal d&#8217;air sp\u00e9cialement con\u00e7u. <\/span><\/li>\n<li><span>Les doublures int\u00e9rieures et la base inf\u00e9rieure int\u00e9rieure embouties respectent les normes d&#8217;hygi\u00e8ne les plus strictes avec des angles arrondis et sont fabriqu\u00e9es en acier inoxydable. <\/span><\/li>\n<li><span>Aussi, conception monobloc <\/span><\/li>\n<li><span>De m\u00eame, interrupteur de coupure automatique du ventilateur et lampe \u00e0 DEL interne <\/span><\/li>\n<li><span>Enfin, large joint amovible magn\u00e9tique avec une zone \u00e0 triple induction fournit une \u00e9tanch\u00e9it\u00e9 efficace qui r\u00e9duit les pertes de chaleur.<\/span><\/li>\n<\/ul>\n","protected":false},"excerpt":{"rendered":"<p>R\u00e9frig\u00e9rateur de taille GN 2\/1 avec porte en verre unique Panneau de commande num\u00e9rique HACCP Acier inoxydable de qualit\u00e9 304<\/p>\n","protected":false},"featured_media":8162,"comment_status":"open","ping_status":"closed","template":"","meta":[],"product_brand":[],"product_cat":[268,278,269],"product_tag":[],"class_list":{"0":"post-8161","1":"product","2":"type-product","3":"status-publish","4":"has-post-thumbnail","6":"product_cat-froids","7":"product_cat-a-positives","8":"product_cat-armoires","10":"first","11":"instock","12":"shipping-taxable","13":"product-type-simple"},"_links":{"self":[{"href":"https:\/\/www.rgequip.com\/index.php?rest_route=\/wp\/v2\/product\/8161","targetHints":{"allow":["GET"]}}],"collection":[{"href":"https:\/\/www.rgequip.com\/index.php?rest_route=\/wp\/v2\/product"}],"about":[{"href":"https:\/\/www.rgequip.com\/index.php?rest_route=\/wp\/v2\/types\/product"}],"replies":[{"embeddable":true,"href":"https:\/\/www.rgequip.com\/index.php?rest_route=%2Fwp%2Fv2%2Fcomments&post=8161"}],"version-history":[{"count":0,"href":"https:\/\/www.rgequip.com\/index.php?rest_route=\/wp\/v2\/product\/8161\/revisions"}],"wp:featuredmedia":[{"embeddable":true,"href":"https:\/\/www.rgequip.com\/index.php?rest_route=\/wp\/v2\/media\/8162"}],"wp:attachment":[{"href":"https:\/\/www.rgequip.com\/index.php?rest_route=%2Fwp%2Fv2%2Fmedia&parent=8161"}],"wp:term":[{"taxonomy":"product_brand","embeddable":true,"href":"https:\/\/www.rgequip.com\/index.php?rest_route=%2Fwp%2Fv2%2Fproduct_brand&post=8161"},{"taxonomy":"product_cat","embeddable":true,"href":"https:\/\/www.rgequip.com\/index.php?rest_route=%2Fwp%2Fv2%2Fproduct_cat&post=8161"},{"taxonomy":"product_tag","embeddable":true,"href":"https:\/\/www.rgequip.com\/index.php?rest_route=%2Fwp%2Fv2%2Fproduct_tag&post=8161"}],"curies":[{"name":"wp","href":"https:\/\/api.w.org\/{rel}","templated":true}]}}