{"id":8159,"date":"2019-09-06T06:20:04","date_gmt":"2019-09-06T04:20:04","guid":{"rendered":"https:\/\/www.rgequip.com\/?post_type=product&#038;p=8159"},"modified":"2019-09-06T06:20:04","modified_gmt":"2019-09-06T04:20:04","slug":"panier-pour-couvert-non-compartimente","status":"publish","type":"product","link":"https:\/\/www.rgequip.com\/?product=panier-pour-couvert-non-compartimente","title":{"rendered":"Panier pour couvert non compartiment\u00e9"},"content":{"rendered":"<ul class=\"a-unordered-list a-vertical a-spacing-none\">\n<li><span class=\"a-list-item\"><span>Panier \u00e0 couverts bleu gris<\/span><\/span><\/li>\n<li><span class=\"a-list-item\"><span>Dimensions ext\u00e9rieures: 50 x 50 x 10 cm<\/span><\/span><\/li>\n<li><span class=\"a-list-item\"><span>id\u00e9al pour le lave-vaisselle commercial.\u00a0Veuillez v\u00e9rifier avant de commander si les dimensions du panier de rin\u00e7age correspondent \u00e0 celles de votre lave-vaisselle.<\/span><\/span><\/li>\n<li><span class=\"a-list-item\"><span>Dimension int\u00e9rieure: 47 x 47 x 9 cm<\/span><\/span><\/li>\n<li><span class=\"a-list-item\"><span>plastique robuste pour l&#8217;\u00e9quipement de cuisine professionnelle de qualit\u00e9 gastronomique<\/span><\/span><\/li>\n<\/ul>\n","protected":false},"excerpt":{"rendered":"<p>Panier \u00e0 couverts bleu gris Dimensions ext\u00e9rieures: 50 x 50 x 10 cm id\u00e9al pour le lave-vaisselle commercial.\u00a0Veuillez v\u00e9rifier avant<\/p>\n","protected":false},"featured_media":8160,"comment_status":"open","ping_status":"closed","template":"","meta":[],"product_brand":[],"product_cat":[392,393,396],"product_tag":[],"class_list":{"0":"post-8159","1":"product","2":"type-product","3":"status-publish","4":"has-post-thumbnail","6":"product_cat-laverie-hygiene","7":"product_cat-lavage","8":"product_cat-lave-vaisselle","10":"first","11":"instock","12":"shipping-taxable","13":"product-type-simple"},"_links":{"self":[{"href":"https:\/\/www.rgequip.com\/index.php?rest_route=\/wp\/v2\/product\/8159","targetHints":{"allow":["GET"]}}],"collection":[{"href":"https:\/\/www.rgequip.com\/index.php?rest_route=\/wp\/v2\/product"}],"about":[{"href":"https:\/\/www.rgequip.com\/index.php?rest_route=\/wp\/v2\/types\/product"}],"replies":[{"embeddable":true,"href":"https:\/\/www.rgequip.com\/index.php?rest_route=%2Fwp%2Fv2%2Fcomments&post=8159"}],"version-history":[{"count":0,"href":"https:\/\/www.rgequip.com\/index.php?rest_route=\/wp\/v2\/product\/8159\/revisions"}],"wp:featuredmedia":[{"embeddable":true,"href":"https:\/\/www.rgequip.com\/index.php?rest_route=\/wp\/v2\/media\/8160"}],"wp:attachment":[{"href":"https:\/\/www.rgequip.com\/index.php?rest_route=%2Fwp%2Fv2%2Fmedia&parent=8159"}],"wp:term":[{"taxonomy":"product_brand","embeddable":true,"href":"https:\/\/www.rgequip.com\/index.php?rest_route=%2Fwp%2Fv2%2Fproduct_brand&post=8159"},{"taxonomy":"product_cat","embeddable":true,"href":"https:\/\/www.rgequip.com\/index.php?rest_route=%2Fwp%2Fv2%2Fproduct_cat&post=8159"},{"taxonomy":"product_tag","embeddable":true,"href":"https:\/\/www.rgequip.com\/index.php?rest_route=%2Fwp%2Fv2%2Fproduct_tag&post=8159"}],"curies":[{"name":"wp","href":"https:\/\/api.w.org\/{rel}","templated":true}]}}